{"id":22074,"date":"2013-09-24T16:42:52","date_gmt":"2013-09-24T14:42:52","guid":{"rendered":"https:\/\/heatwork.com\/oljebolag\/"},"modified":"2014-09-01T15:25:13","modified_gmt":"2014-09-01T13:25:13","slug":"oljebolag-2","status":"publish","type":"page","link":"https:\/\/heatwork.com\/sv\/anvandningsomraden\/olje-gas-och-varvsindustrier\/oljebolag-2\/","title":{"rendered":"Oljebolag"},"content":{"rendered":"<p><div class=\"o-carousel js-carousel\"><div class=\"o-carousel__main js-carousel-main vwlrn\" data-id=\"vwlrn\"><img loading=\"lazy\" decoding=\"async\" src=\"https:\/\/heatwork.com\/wp-content\/uploads\/2013\/09\/P21700271-940x705.jpg\" width=\"940\" height=\"705\" alt=\"\" \/>\n<img loading=\"lazy\" decoding=\"async\" src=\"https:\/\/heatwork.com\/wp-content\/uploads\/2013\/09\/PICT0002_41-940x705.jpg\" width=\"940\" height=\"705\" alt=\"\" \/>\n<img loading=\"lazy\" decoding=\"async\" src=\"https:\/\/heatwork.com\/wp-content\/uploads\/2013\/09\/IMG_07281-940x705.jpg\" width=\"940\" height=\"705\" alt=\"\" \/>\n<img loading=\"lazy\" decoding=\"async\" src=\"https:\/\/heatwork.com\/wp-content\/uploads\/2013\/09\/IMG_07262-940x705.jpg\" width=\"940\" height=\"705\" alt=\"\" \/>\n<img loading=\"lazy\" decoding=\"async\" src=\"https:\/\/heatwork.com\/wp-content\/uploads\/2013\/09\/HW21-940x705.jpg\" width=\"940\" height=\"705\" alt=\"\" \/>\n<img loading=\"lazy\" decoding=\"async\" src=\"https:\/\/heatwork.com\/wp-content\/uploads\/2013\/09\/HW11-940x705.jpg\" width=\"940\" height=\"705\" alt=\"\" \/>\n<\/div><ul class=\"o-carousel__nav js-carousel-nav\"><li><img loading=\"lazy\" decoding=\"async\" src=\"https:\/\/heatwork.com\/wp-content\/uploads\/2013\/09\/P21700271-290x290.jpg\" width=\"290\" height=\"290\" alt=\"\" \/><\/li>\n<li><img loading=\"lazy\" decoding=\"async\" src=\"https:\/\/heatwork.com\/wp-content\/uploads\/2013\/09\/PICT0002_41-290x290.jpg\" width=\"290\" height=\"290\" alt=\"\" \/><\/li>\n<li><img loading=\"lazy\" decoding=\"async\" src=\"https:\/\/heatwork.com\/wp-content\/uploads\/2013\/09\/IMG_07281-290x290.jpg\" width=\"290\" height=\"290\" alt=\"\" \/><\/li>\n<li><img loading=\"lazy\" decoding=\"async\" src=\"https:\/\/heatwork.com\/wp-content\/uploads\/2013\/09\/IMG_07262-290x290.jpg\" width=\"290\" height=\"290\" alt=\"\" \/><\/li>\n<li><img loading=\"lazy\" decoding=\"async\" src=\"https:\/\/heatwork.com\/wp-content\/uploads\/2013\/09\/HW21-290x290.jpg\" width=\"290\" height=\"290\" alt=\"\" \/><\/li>\n<li><img loading=\"lazy\" decoding=\"async\" src=\"https:\/\/heatwork.com\/wp-content\/uploads\/2013\/09\/HW11-290x290.jpg\" width=\"290\" height=\"290\" alt=\"\" \/><\/li>\n<\/ul><\/div><br \/>\n<\/p>\n<div class=\"ingrid in-thirds\">\n<div class=\"unit span-two\">\nTillsammans med n\u00e5gra av v\u00e4rldens fr\u00e4msta oljebolag, har vi p\u00e5 HeatWork utvecklat och anpassat v\u00e5ra produkter s\u00e5 de uppfyller de h\u00e5rda s\u00e4kerhetskrav som reglerar anv\u00e4ndning av utrustning i milj\u00f6er s\u00e5som gasanl\u00e4ggningar och raffinaderier.  Till skillnad fr\u00e5n andra system p\u00e5 marknaden, baseras v\u00e5r teknik p\u00e5 v\u00e4tskeburen energi\u00f6verf\u00f6ring till m\u00e5lmilj\u00f6n.  Anv\u00e4ndningsomr\u00e5dena varierar fr\u00e5n etablering och drift av olje- och gasinfrastruktur onshore och off-shore i Arktiska regioner, sm\u00e4lta sn\u00f6 och is fr\u00e5n kritiska komponenter p\u00e5 processanl\u00e4ggningar, tina upp frusen mark och betongarbeten etc. HeatWorks system tillhandah\u00e5ller s\u00e4ker, tillf\u00f6rlitlig och effektiv uppv\u00e4rmning f\u00f6r praktiskt taget alla behov.\n<\/div>\n<div class=\"unit\">\n<ul>\n<li>Tina upp frusen mark<\/li>\n<li>Betongarbeten i arktiska regioner<\/li>\n<li>Frostskydd\/h\u00e4rdning vid gjutning av betong vintertid<\/li>\n<li>Frostskydd av material<\/li>\n<\/ul>\n<\/div>\n<\/div>\n","protected":false},"excerpt":{"rendered":"<p>Tillsammans med n\u00e5gra av v\u00e4rldens fr\u00e4msta oljebolag, har vi p\u00e5 HeatWork utvecklat och anpassat v\u00e5ra produkter s\u00e5 de uppfyller de h\u00e5rda s\u00e4kerhetskrav som reglerar anv\u00e4ndning av utrustning i milj\u00f6er s\u00e5som gasanl\u00e4ggningar och raffinaderier. Till skillnad fr\u00e5n andra system p\u00e5 marknaden, baseras v\u00e5r teknik p\u00e5 v\u00e4tskeburen energi\u00f6verf\u00f6ring till m\u00e5lmilj\u00f6n. Anv\u00e4ndningsomr\u00e5dena varierar fr\u00e5n etablering och drift av [&hellip;]<\/p>\n","protected":false},"author":1,"featured_media":0,"parent":22078,"menu_order":1,"comment_status":"closed","ping_status":"closed","template":"","meta":{"_acf_changed":false,"footnotes":"","_links_to":"","_links_to_target":""},"class_list":["post-22074","page","type-page","status-publish"],"acf":[],"_links":{"self":[{"href":"https:\/\/heatwork.com\/sv\/wp-json\/wp\/v2\/pages\/22074"}],"collection":[{"href":"https:\/\/heatwork.com\/sv\/wp-json\/wp\/v2\/pages"}],"about":[{"href":"https:\/\/heatwork.com\/sv\/wp-json\/wp\/v2\/types\/page"}],"author":[{"embeddable":true,"href":"https:\/\/heatwork.com\/sv\/wp-json\/wp\/v2\/users\/1"}],"replies":[{"embeddable":true,"href":"https:\/\/heatwork.com\/sv\/wp-json\/wp\/v2\/comments?post=22074"}],"version-history":[{"count":0,"href":"https:\/\/heatwork.com\/sv\/wp-json\/wp\/v2\/pages\/22074\/revisions"}],"up":[{"embeddable":true,"href":"https:\/\/heatwork.com\/sv\/wp-json\/wp\/v2\/pages\/22078"}],"wp:attachment":[{"href":"https:\/\/heatwork.com\/sv\/wp-json\/wp\/v2\/media?parent=22074"}],"curies":[{"name":"wp","href":"https:\/\/api.w.org\/{rel}","templated":true}]}}