{"id":22100,"date":"2013-09-24T15:24:52","date_gmt":"2013-09-24T13:24:52","guid":{"rendered":"https:\/\/heatwork.com\/pressarkiv-5\/"},"modified":"2014-09-01T15:47:06","modified_gmt":"2014-09-01T13:47:06","slug":"pressarkiv","status":"publish","type":"page","link":"https:\/\/heatwork.com\/sv\/produkter\/petroheater\/referenser\/pressarkiv\/","title":{"rendered":"Pressarkiv"},"content":{"rendered":"<hr \/>\n<h2>Tidningen Fremover<\/h2>\n<p>&#8220;Statoil har s\u00f6kt v\u00e4rlden \u00f6ver &#8211; detta Narviksf\u00f6retag har den b\u00e4sta produkten!&#8221;<\/p>\n<p><a href=\"https:\/\/heatwork.com\/wp-content\/uploads\/2013\/09\/Faksimile-Fremover.jpg\"><img loading=\"lazy\" decoding=\"async\" width=\"210\" height=\"170\" class=\"alignnone size-thumbnail wp-image-15304\" src=\"https:\/\/heatwork.com\/wp-content\/uploads\/2013\/09\/Faksimile-Fremover-210x170.jpg\" alt=\"Layout 1\" \/><\/a><\/p>\n<hr \/>\n","protected":false},"excerpt":{"rendered":"<p>Tidningen Fremover &#8220;Statoil har s\u00f6kt v\u00e4rlden \u00f6ver &#8211; detta Narviksf\u00f6retag har den b\u00e4sta produkten!&#8221;<\/p>\n","protected":false},"author":1,"featured_media":0,"parent":22103,"menu_order":1,"comment_status":"closed","ping_status":"closed","template":"template-references-sub.php","meta":{"_acf_changed":false,"footnotes":"","_links_to":"","_links_to_target":""},"class_list":["post-22100","page","type-page","status-publish"],"acf":[],"_links":{"self":[{"href":"https:\/\/heatwork.com\/sv\/wp-json\/wp\/v2\/pages\/22100"}],"collection":[{"href":"https:\/\/heatwork.com\/sv\/wp-json\/wp\/v2\/pages"}],"about":[{"href":"https:\/\/heatwork.com\/sv\/wp-json\/wp\/v2\/types\/page"}],"author":[{"embeddable":true,"href":"https:\/\/heatwork.com\/sv\/wp-json\/wp\/v2\/users\/1"}],"replies":[{"embeddable":true,"href":"https:\/\/heatwork.com\/sv\/wp-json\/wp\/v2\/comments?post=22100"}],"version-history":[{"count":0,"href":"https:\/\/heatwork.com\/sv\/wp-json\/wp\/v2\/pages\/22100\/revisions"}],"up":[{"embeddable":true,"href":"https:\/\/heatwork.com\/sv\/wp-json\/wp\/v2\/pages\/22103"}],"wp:attachment":[{"href":"https:\/\/heatwork.com\/sv\/wp-json\/wp\/v2\/media?parent=22100"}],"curies":[{"name":"wp","href":"https:\/\/api.w.org\/{rel}","templated":true}]}}