{"id":22134,"date":"2013-09-24T16:45:38","date_gmt":"2013-09-24T14:45:38","guid":{"rendered":"https:\/\/heatwork.com\/anvandningsomraden\/vinterisolering\/byggindustri\/"},"modified":"2018-01-29T15:29:01","modified_gmt":"2018-01-29T14:29:01","slug":"byggindustri","status":"publish","type":"page","link":"https:\/\/heatwork.com\/sv\/anvandningsomraden\/vinterisolering\/byggindustri\/","title":{"rendered":"Byggindustri"},"content":{"rendered":"<p><div class=\"o-carousel js-carousel\"><div class=\"o-carousel__main js-carousel-main sxyhp\" data-id=\"sxyhp\"><img loading=\"lazy\" decoding=\"async\" src=\"https:\/\/heatwork.com\/wp-content\/uploads\/2010\/11\/bilde32-855x940.jpg\" width=\"855\" height=\"940\" alt=\"\" \/>\n<img loading=\"lazy\" decoding=\"async\" src=\"https:\/\/heatwork.com\/wp-content\/uploads\/2013\/09\/13-Tining-f\u00f8r-gulvst\u00f8p-940x705.jpg\" width=\"940\" height=\"705\" alt=\"\" \/>\n<img loading=\"lazy\" decoding=\"async\" src=\"https:\/\/heatwork.com\/wp-content\/uploads\/2013\/09\/26-Smelting-av-is-p\u00e5-tak-940x705.jpg\" width=\"940\" height=\"705\" alt=\"\" \/>\n<img loading=\"lazy\" decoding=\"async\" src=\"https:\/\/heatwork.com\/wp-content\/uploads\/2013\/09\/27-Smelting-av-is-p\u00e5-tak-940x705.jpg\" width=\"940\" height=\"705\" alt=\"\" \/>\n<img loading=\"lazy\" decoding=\"async\" src=\"https:\/\/heatwork.com\/wp-content\/uploads\/2010\/11\/DSC00592-940x626.jpg\" width=\"940\" height=\"626\" alt=\"\" \/>\n<img loading=\"lazy\" decoding=\"async\" src=\"https:\/\/heatwork.com\/wp-content\/uploads\/2013\/09\/IMG_08241-705x940.jpg\" width=\"705\" height=\"940\" alt=\"\" \/>\n<img loading=\"lazy\" decoding=\"async\" src=\"https:\/\/heatwork.com\/wp-content\/uploads\/2010\/11\/DSC0052-787x940.jpg\" width=\"787\" height=\"940\" alt=\"\" \/>\n<img loading=\"lazy\" decoding=\"async\" src=\"https:\/\/heatwork.com\/wp-content\/uploads\/2013\/09\/DSC_0029-940x624.jpg\" width=\"940\" height=\"624\" alt=\"\" \/>\n<img loading=\"lazy\" decoding=\"async\" src=\"https:\/\/heatwork.com\/wp-content\/uploads\/2013\/09\/IMG_0759-940x705.jpg\" width=\"940\" height=\"705\" alt=\"\" \/>\n<\/div><ul class=\"o-carousel__nav js-carousel-nav\"><li><img loading=\"lazy\" decoding=\"async\" src=\"https:\/\/heatwork.com\/wp-content\/uploads\/2010\/11\/bilde32-290x290.jpg\" width=\"290\" height=\"290\" alt=\"\" \/><\/li>\n<li><img loading=\"lazy\" decoding=\"async\" src=\"https:\/\/heatwork.com\/wp-content\/uploads\/2013\/09\/13-Tining-f\u00f8r-gulvst\u00f8p-290x290.jpg\" width=\"290\" height=\"290\" alt=\"\" \/><\/li>\n<li><img loading=\"lazy\" decoding=\"async\" src=\"https:\/\/heatwork.com\/wp-content\/uploads\/2013\/09\/26-Smelting-av-is-p\u00e5-tak-290x290.jpg\" width=\"290\" height=\"290\" alt=\"\" \/><\/li>\n<li><img loading=\"lazy\" decoding=\"async\" src=\"https:\/\/heatwork.com\/wp-content\/uploads\/2013\/09\/27-Smelting-av-is-p\u00e5-tak-290x290.jpg\" width=\"290\" height=\"290\" alt=\"\" \/><\/li>\n<li><img loading=\"lazy\" decoding=\"async\" src=\"https:\/\/heatwork.com\/wp-content\/uploads\/2010\/11\/DSC00592-290x290.jpg\" width=\"290\" height=\"290\" alt=\"\" \/><\/li>\n<li><img loading=\"lazy\" decoding=\"async\" src=\"https:\/\/heatwork.com\/wp-content\/uploads\/2013\/09\/IMG_08241-290x290.jpg\" width=\"290\" height=\"290\" alt=\"\" \/><\/li>\n<li><img loading=\"lazy\" decoding=\"async\" src=\"https:\/\/heatwork.com\/wp-content\/uploads\/2010\/11\/DSC0052-290x290.jpg\" width=\"290\" height=\"290\" alt=\"\" \/><\/li>\n<li><img loading=\"lazy\" decoding=\"async\" src=\"https:\/\/heatwork.com\/wp-content\/uploads\/2013\/09\/DSC_0029-290x290.jpg\" width=\"290\" height=\"290\" alt=\"\" \/><\/li>\n<li><img loading=\"lazy\" decoding=\"async\" src=\"https:\/\/heatwork.com\/wp-content\/uploads\/2013\/09\/IMG_0759-290x290.jpg\" width=\"290\" height=\"290\" alt=\"\" \/><\/li>\n<\/ul><\/div><br \/>\n<\/p>\n<div class=\"ingrid in-thirds\">\n<div class=\"unit span-two\">\nHeatWork Vinterisolering \u00e4r speciellt utvecklad f\u00f6r kr\u00e4vande situationer vid vinterarbete. Vintermattorna har rundad design, med f\u00f6rst\u00e4rkta ytor f\u00f6r att ge anv\u00e4ndaren oslagbar slitstyrka och flexibilitet. Produkten finns tillg\u00e4nglig i en rad olika dimensioner, och kan anv\u00e4ndas f\u00f6r att tina upp frusen mark och som frostskydd. Den starka isoleringseffekten och reflekterande undersida ger ett unikt s\u00e4tt att beh\u00e5lla v\u00e4rmeenergin i marken som ska tinas upp eller skyddas fr\u00e5n frost.<br \/>\n<br \/>\nIsoleringsmattorna har inga egenskaper f\u00f6r kapill\u00e4rsugning, och drar inte ut n\u00e5gon fukt, \u00e4ven om det uppst\u00e5r gropar p\u00e5 ytan. Den l\u00e5ga vikten och flexibiliteten i isoleringsmaterialet g\u00f6r vintermattorna l\u00e4tta att hantera och f\u00f6rvara.<br \/>\n<br \/>\nVintermattorna finns tillg\u00e4ngliga i modellerna 3-lagers och 7-lagers. 3-lagersmodellen \u00e4r tillr\u00e4cklig f\u00f6r att tina upp frusen mark.\n<\/div>\n<div class=\"unit\">\n<ul>\n<li>Tina upp frusen mark<\/li>\n<li>Isolera vatten- och avloppsr\u00f6r<\/li>\n<li>Isolera diken<\/li>\n<li>Frostskydd f\u00f6r utgr\u00e4vda omr\u00e5den<\/li>\n<li>Frostskydd f\u00f6r fyllnadsmaterial<\/li>\n<\/ul>\n<\/div>\n<\/div>\n","protected":false},"excerpt":{"rendered":"<p>HeatWork Vinterisolering \u00e4r speciellt utvecklad f\u00f6r kr\u00e4vande situationer vid vinterarbete. Vintermattorna har rundad design, med f\u00f6rst\u00e4rkta ytor f\u00f6r att ge anv\u00e4ndaren oslagbar slitstyrka och flexibilitet. Produkten finns tillg\u00e4nglig i en rad olika dimensioner, och kan anv\u00e4ndas f\u00f6r att tina upp frusen mark och som frostskydd. Den starka isoleringseffekten och reflekterande undersida ger ett unikt s\u00e4tt [&hellip;]<\/p>\n","protected":false},"author":1,"featured_media":0,"parent":21909,"menu_order":0,"comment_status":"closed","ping_status":"closed","template":"","meta":{"_acf_changed":false,"footnotes":"","_links_to":"","_links_to_target":""},"class_list":["post-22134","page","type-page","status-publish"],"acf":[],"_links":{"self":[{"href":"https:\/\/heatwork.com\/sv\/wp-json\/wp\/v2\/pages\/22134"}],"collection":[{"href":"https:\/\/heatwork.com\/sv\/wp-json\/wp\/v2\/pages"}],"about":[{"href":"https:\/\/heatwork.com\/sv\/wp-json\/wp\/v2\/types\/page"}],"author":[{"embeddable":true,"href":"https:\/\/heatwork.com\/sv\/wp-json\/wp\/v2\/users\/1"}],"replies":[{"embeddable":true,"href":"https:\/\/heatwork.com\/sv\/wp-json\/wp\/v2\/comments?post=22134"}],"version-history":[{"count":0,"href":"https:\/\/heatwork.com\/sv\/wp-json\/wp\/v2\/pages\/22134\/revisions"}],"up":[{"embeddable":true,"href":"https:\/\/heatwork.com\/sv\/wp-json\/wp\/v2\/pages\/21909"}],"wp:attachment":[{"href":"https:\/\/heatwork.com\/sv\/wp-json\/wp\/v2\/media?parent=22134"}],"curies":[{"name":"wp","href":"https:\/\/api.w.org\/{rel}","templated":true}]}}