{"id":22135,"date":"2013-09-24T16:42:10","date_gmt":"2013-09-24T14:42:10","guid":{"rendered":"https:\/\/heatwork.com\/anvandningsomraden\/energi-och-katastrofhantering\/evenemang\/"},"modified":"2018-01-29T16:15:26","modified_gmt":"2018-01-29T15:15:26","slug":"evenemang","status":"publish","type":"page","link":"https:\/\/heatwork.com\/sv\/anvandningsomraden\/energi-och-katastrofhantering\/evenemang\/","title":{"rendered":"Evenemang"},"content":{"rendered":"<p>HeatWorks mobila v\u00e4rmesystem \u00e4r resultatet av m\u00e5nga \u00e5rs tester och utveckling f\u00f6r anv\u00e4ndning i extremt sv\u00e5ra f\u00f6rh\u00e5llanden. Produkterna \u00e4r f\u00f6rem\u00e5l f\u00f6r str\u00e4nga krav p\u00e5 kvalitet, tillf\u00f6rlitlighet och prestanda i n\u00e4stan alla t\u00e4nkbara f\u00f6rh\u00e5llanden. Och v\u00e5rt fokus har alltid legat p\u00e5 design, milj\u00f6v\u00e4nlighet och m\u00e5ngsidighet. Denna kombination inneb\u00e4r ocks\u00e5 att v\u00e5ra maskiner \u00e4r mycket l\u00e4mpliga f\u00f6r anv\u00e4ndning inom evenemangsindustrin. Oavsett om du beh\u00f6ver uppv\u00e4rmning av ett stort partyt\u00e4lt eller varmt vatten f\u00f6r matlagning, reng\u00f6ring, tillf\u00e4lliga duschar, toaletter eller en kombination av dessa, kan HeatWork tillhandah\u00e5lla de mest kompakta och mobila systemen p\u00e5 marknaden. V\u00e5r prisbel\u00f6nta design \u00e4r ocks\u00e5 diskret i alla milj\u00f6er. Problem med buller, br\u00e4nslespill och besv\u00e4rliga avgaser har eliminerats.<\/p>\n<div class=\"unit\">\n<ul>\n<li>Uppv\u00e4rmning av t\u00e4lt<\/li>\n<li>Varmvatten f\u00f6r konsumtion<\/li>\n<li>Varmt vatten f\u00f6r matlagning\/reng\u00f6ring<\/li>\n<li>Duschar<\/li>\n<\/ul>\n<\/div>\n","protected":false},"excerpt":{"rendered":"<p>HeatWorks mobila v\u00e4rmesystem \u00e4r resultatet av m\u00e5nga \u00e5rs tester och utveckling f\u00f6r anv\u00e4ndning i extremt sv\u00e5ra f\u00f6rh\u00e5llanden. Produkterna \u00e4r f\u00f6rem\u00e5l f\u00f6r str\u00e4nga krav p\u00e5 kvalitet, tillf\u00f6rlitlighet och prestanda i n\u00e4stan alla t\u00e4nkbara f\u00f6rh\u00e5llanden. Och v\u00e5rt fokus har alltid legat p\u00e5 design, milj\u00f6v\u00e4nlighet och m\u00e5ngsidighet. Denna kombination inneb\u00e4r ocks\u00e5 att v\u00e5ra maskiner \u00e4r mycket l\u00e4mpliga f\u00f6r [&hellip;]<\/p>\n","protected":false},"author":1,"featured_media":0,"parent":22080,"menu_order":6,"comment_status":"closed","ping_status":"closed","template":"","meta":{"_acf_changed":false,"footnotes":"","_links_to":"","_links_to_target":""},"class_list":["post-22135","page","type-page","status-publish"],"acf":[],"_links":{"self":[{"href":"https:\/\/heatwork.com\/sv\/wp-json\/wp\/v2\/pages\/22135"}],"collection":[{"href":"https:\/\/heatwork.com\/sv\/wp-json\/wp\/v2\/pages"}],"about":[{"href":"https:\/\/heatwork.com\/sv\/wp-json\/wp\/v2\/types\/page"}],"author":[{"embeddable":true,"href":"https:\/\/heatwork.com\/sv\/wp-json\/wp\/v2\/users\/1"}],"replies":[{"embeddable":true,"href":"https:\/\/heatwork.com\/sv\/wp-json\/wp\/v2\/comments?post=22135"}],"version-history":[{"count":0,"href":"https:\/\/heatwork.com\/sv\/wp-json\/wp\/v2\/pages\/22135\/revisions"}],"up":[{"embeddable":true,"href":"https:\/\/heatwork.com\/sv\/wp-json\/wp\/v2\/pages\/22080"}],"wp:attachment":[{"href":"https:\/\/heatwork.com\/sv\/wp-json\/wp\/v2\/media?parent=22135"}],"curies":[{"name":"wp","href":"https:\/\/api.w.org\/{rel}","templated":true}]}}