{"id":22136,"date":"2013-09-24T16:41:59","date_gmt":"2013-09-24T14:41:59","guid":{"rendered":"https:\/\/heatwork.com\/anvandningsomraden\/energi-och-katastrofhantering\/uthyrning\/"},"modified":"2018-01-29T16:14:06","modified_gmt":"2018-01-29T15:14:06","slug":"uthyrning","status":"publish","type":"page","link":"https:\/\/heatwork.com\/sv\/anvandningsomraden\/energi-och-katastrofhantering\/uthyrning\/","title":{"rendered":"Uthyrning"},"content":{"rendered":"<div class=\"o-carousel js-carousel\"><div class=\"o-carousel__main js-carousel-main rsjkd\" data-id=\"rsjkd\"><img loading=\"lazy\" decoding=\"async\" src=\"https:\/\/heatwork.com\/wp-content\/uploads\/2013\/09\/utleie-940x625.jpg\" width=\"940\" height=\"625\" alt=\"\" \/>\n<\/div><ul class=\"o-carousel__nav js-carousel-nav\"><li><img loading=\"lazy\" decoding=\"async\" src=\"https:\/\/heatwork.com\/wp-content\/uploads\/2013\/09\/utleie-290x290.jpg\" width=\"290\" height=\"290\" alt=\"\" \/><\/li>\n<\/ul><\/div>\n<p>HeatWorks innehav av mobila v\u00e4rmesystem ger uthyrningsfirmor ett v\u00e4rdefullt tillskott till de maskiner de kan erbjuda &#8211; och ett de inte beh\u00f6ver bekymra sig om. Tekniken har testats noggrant och \u00e4r under st\u00e4ndig utveckling. Detta har givit oss en rad n\u00f6jda kunder inom m\u00e5nga olika industrier. Bepr\u00f6vad industriell design, h\u00f6g prestanda och p\u00e5litlighet \u00e4r viktiga nyckleord f\u00f6r HeatWorks maskiner. D\u00e5 de \u00e4r l\u00e4tta och enkla att anv\u00e4nda, \u00e4r de f\u00f6rstahandsvalet f\u00f6r m\u00e5nga entrepren\u00f6rer. Utbudet av tillbeh\u00f6r till maskinerna betyder att du kan f\u00f6rl\u00e4nga uthyrningss\u00e4songen avsev\u00e4rt.<\/p>\n","protected":false},"excerpt":{"rendered":"<p>HeatWorks innehav av mobila v\u00e4rmesystem ger uthyrningsfirmor ett v\u00e4rdefullt tillskott till de maskiner de kan erbjuda &#8211; och ett de inte beh\u00f6ver bekymra sig om. Tekniken har testats noggrant och \u00e4r under st\u00e4ndig utveckling. Detta har givit oss en rad n\u00f6jda kunder inom m\u00e5nga olika industrier. Bepr\u00f6vad industriell design, h\u00f6g prestanda och p\u00e5litlighet \u00e4r viktiga [&hellip;]<\/p>\n","protected":false},"author":1,"featured_media":0,"parent":22080,"menu_order":5,"comment_status":"closed","ping_status":"closed","template":"","meta":{"_acf_changed":false,"footnotes":"","_links_to":"","_links_to_target":""},"class_list":["post-22136","page","type-page","status-publish"],"acf":[],"_links":{"self":[{"href":"https:\/\/heatwork.com\/sv\/wp-json\/wp\/v2\/pages\/22136"}],"collection":[{"href":"https:\/\/heatwork.com\/sv\/wp-json\/wp\/v2\/pages"}],"about":[{"href":"https:\/\/heatwork.com\/sv\/wp-json\/wp\/v2\/types\/page"}],"author":[{"embeddable":true,"href":"https:\/\/heatwork.com\/sv\/wp-json\/wp\/v2\/users\/1"}],"replies":[{"embeddable":true,"href":"https:\/\/heatwork.com\/sv\/wp-json\/wp\/v2\/comments?post=22136"}],"version-history":[{"count":0,"href":"https:\/\/heatwork.com\/sv\/wp-json\/wp\/v2\/pages\/22136\/revisions"}],"up":[{"embeddable":true,"href":"https:\/\/heatwork.com\/sv\/wp-json\/wp\/v2\/pages\/22080"}],"wp:attachment":[{"href":"https:\/\/heatwork.com\/sv\/wp-json\/wp\/v2\/media?parent=22136"}],"curies":[{"name":"wp","href":"https:\/\/api.w.org\/{rel}","templated":true}]}}