{"id":22137,"date":"2013-09-24T16:42:30","date_gmt":"2013-09-24T14:42:30","guid":{"rendered":"https:\/\/heatwork.com\/anvandningsomraden\/olje-gas-och-varvsindustrier\/oljebolag\/"},"modified":"2018-01-30T08:36:10","modified_gmt":"2018-01-30T07:36:10","slug":"oljebolag","status":"publish","type":"page","link":"https:\/\/heatwork.com\/sv\/anvandningsomraden\/olje-gas-och-varvsindustrier\/oljebolag\/","title":{"rendered":"Oljebolag"},"content":{"rendered":"<p><div class=\"o-carousel js-carousel\"><div class=\"o-carousel__main js-carousel-main enqky\" data-id=\"enqky\"><img loading=\"lazy\" decoding=\"async\" src=\"https:\/\/heatwork.com\/wp-content\/uploads\/2013\/09\/P2170027-940x705.jpg\" width=\"940\" height=\"705\" alt=\"\" \/>\n<img loading=\"lazy\" decoding=\"async\" src=\"https:\/\/heatwork.com\/wp-content\/uploads\/2013\/09\/DSC_0008-940x624.jpg\" width=\"940\" height=\"624\" alt=\"\" \/>\n<img loading=\"lazy\" decoding=\"async\" src=\"https:\/\/heatwork.com\/wp-content\/uploads\/2013\/09\/PICT0002_4-940x705.jpg\" width=\"940\" height=\"705\" alt=\"\" \/>\n<img loading=\"lazy\" decoding=\"async\" src=\"https:\/\/heatwork.com\/wp-content\/uploads\/2013\/09\/PICT0008-940x705.jpg\" width=\"940\" height=\"705\" alt=\"\" \/>\n<img loading=\"lazy\" decoding=\"async\" src=\"https:\/\/heatwork.com\/wp-content\/uploads\/2013\/09\/IMG_3930-940x705.jpg\" width=\"940\" height=\"705\" alt=\"\" \/>\n<img loading=\"lazy\" decoding=\"async\" src=\"https:\/\/heatwork.com\/wp-content\/uploads\/2013\/09\/IMG_0728-940x705.jpg\" width=\"940\" height=\"705\" alt=\"\" \/>\n<img loading=\"lazy\" decoding=\"async\" src=\"https:\/\/heatwork.com\/wp-content\/uploads\/2013\/09\/IMG_07261-940x705.jpg\" width=\"940\" height=\"705\" alt=\"\" \/>\n<img loading=\"lazy\" decoding=\"async\" src=\"https:\/\/heatwork.com\/wp-content\/uploads\/2013\/09\/DSC0093-912x940.jpg\" width=\"912\" height=\"940\" alt=\"\" \/>\n<\/div><ul class=\"o-carousel__nav js-carousel-nav\"><li><img loading=\"lazy\" decoding=\"async\" src=\"https:\/\/heatwork.com\/wp-content\/uploads\/2013\/09\/P2170027-290x290.jpg\" width=\"290\" height=\"290\" alt=\"\" \/><\/li>\n<li><img loading=\"lazy\" decoding=\"async\" src=\"https:\/\/heatwork.com\/wp-content\/uploads\/2013\/09\/DSC_0008-290x290.jpg\" width=\"290\" height=\"290\" alt=\"\" \/><\/li>\n<li><img loading=\"lazy\" decoding=\"async\" src=\"https:\/\/heatwork.com\/wp-content\/uploads\/2013\/09\/PICT0002_4-290x290.jpg\" width=\"290\" height=\"290\" alt=\"\" \/><\/li>\n<li><img loading=\"lazy\" decoding=\"async\" src=\"https:\/\/heatwork.com\/wp-content\/uploads\/2013\/09\/PICT0008-290x290.jpg\" width=\"290\" height=\"290\" alt=\"\" \/><\/li>\n<li><img loading=\"lazy\" decoding=\"async\" src=\"https:\/\/heatwork.com\/wp-content\/uploads\/2013\/09\/IMG_3930-290x290.jpg\" width=\"290\" height=\"290\" alt=\"\" \/><\/li>\n<li><img loading=\"lazy\" decoding=\"async\" src=\"https:\/\/heatwork.com\/wp-content\/uploads\/2013\/09\/IMG_0728-290x290.jpg\" width=\"290\" height=\"290\" alt=\"\" \/><\/li>\n<li><img loading=\"lazy\" decoding=\"async\" src=\"https:\/\/heatwork.com\/wp-content\/uploads\/2013\/09\/IMG_07261-290x290.jpg\" width=\"290\" height=\"290\" alt=\"\" \/><\/li>\n<li><img loading=\"lazy\" decoding=\"async\" src=\"https:\/\/heatwork.com\/wp-content\/uploads\/2013\/09\/DSC0093-290x290.jpg\" width=\"290\" height=\"290\" alt=\"\" \/><\/li>\n<\/ul><\/div><br \/>\n<\/p>\n<div class=\"ingrid in-thirds\">\n<div class=\"unit span-two\">\nHeatWorks v\u00e4tskeburna uppv\u00e4rmningsteknik kan hantera till synes om\u00f6jliga behov inom oljeindustrin. Det \u00e4r nu m\u00f6jligt att uppn\u00e5 en h\u00f6g effekt p\u00e5 uppv\u00e4rmning. V\u00e5r teknik har utvecklats i n\u00e4ra samarbete med n\u00e5gra av v\u00e4rldens fr\u00e4msta oljebolag, och har anpassats f\u00f6r att uppfylla de grundl\u00e4ggande s\u00e4kerhetskrav som reglerar arbete inom omr\u00e5den d\u00e4r explosionsrisk f\u00f6religger. Uppv\u00e4rmning inneb\u00e4r att m\u00e5nga uppgifter som normalt associeras med sommarm\u00e5naderna nu kan utf\u00f6ras under hela \u00e5ret. Detta minskar efterfr\u00e5gan p\u00e5 inkvarteringsm\u00f6jligheter under h\u00f6gs\u00e4song, och uppn\u00e5r kontinuitet eftersom nyckelpersoner kan beh\u00e5llas genom hela projektet. <\/p>\n<p>Anv\u00e4ndningen av uppv\u00e4rmningssystem blir allt vanligare eftersom mer olja och gas \u00e4n n\u00e5gonsin tidigare kan utvinnas fr\u00e5n arktiska regioner. V\u00e5r teknik \u00e4r ett resultat av m\u00e5nga \u00e5rs tester och utveckling f\u00f6r anv\u00e4ndning i extremt sv\u00e5ra f\u00f6rh\u00e5llanden, och vi forskar, utvecklar och tillverkar nu maskiner norr om polcirkeln.<\/p><\/div>\n<div class=\"unit\">\n<ul>\n<li>Tina upp frusen mark<\/li>\n<li>Tina upp och frostskydda komponenter i processanl\u00e4ggningar<\/li>\n<li>Betongarbeten i arktiska regioner<\/li>\n<li>H\u00e4rdning\/frostskydd f\u00f6r betonggjutning vintertid<\/li>\n<li>Ytbehandlingar<\/li>\n<li>Varmvatten f\u00f6r konsumtion<\/li>\n<li>V\u00e4rma upp rum<\/li>\n<li>V\u00e4rma upp tankanl\u00e4ggningar<\/li>\n<\/ul>\n<\/div>\n<\/div>\n","protected":false},"excerpt":{"rendered":"<p>HeatWorks v\u00e4tskeburna uppv\u00e4rmningsteknik kan hantera till synes om\u00f6jliga behov inom oljeindustrin. Det \u00e4r nu m\u00f6jligt att uppn\u00e5 en h\u00f6g effekt p\u00e5 uppv\u00e4rmning. V\u00e5r teknik har utvecklats i n\u00e4ra samarbete med n\u00e5gra av v\u00e4rldens fr\u00e4msta oljebolag, och har anpassats f\u00f6r att uppfylla de grundl\u00e4ggande s\u00e4kerhetskrav som reglerar arbete inom omr\u00e5den d\u00e4r explosionsrisk f\u00f6religger. Uppv\u00e4rmning inneb\u00e4r att [&hellip;]<\/p>\n","protected":false},"author":1,"featured_media":0,"parent":22078,"menu_order":0,"comment_status":"closed","ping_status":"closed","template":"","meta":{"_acf_changed":false,"footnotes":"","_links_to":"","_links_to_target":""},"class_list":["post-22137","page","type-page","status-publish"],"acf":[],"_links":{"self":[{"href":"https:\/\/heatwork.com\/sv\/wp-json\/wp\/v2\/pages\/22137"}],"collection":[{"href":"https:\/\/heatwork.com\/sv\/wp-json\/wp\/v2\/pages"}],"about":[{"href":"https:\/\/heatwork.com\/sv\/wp-json\/wp\/v2\/types\/page"}],"author":[{"embeddable":true,"href":"https:\/\/heatwork.com\/sv\/wp-json\/wp\/v2\/users\/1"}],"replies":[{"embeddable":true,"href":"https:\/\/heatwork.com\/sv\/wp-json\/wp\/v2\/comments?post=22137"}],"version-history":[{"count":0,"href":"https:\/\/heatwork.com\/sv\/wp-json\/wp\/v2\/pages\/22137\/revisions"}],"up":[{"embeddable":true,"href":"https:\/\/heatwork.com\/sv\/wp-json\/wp\/v2\/pages\/22078"}],"wp:attachment":[{"href":"https:\/\/heatwork.com\/sv\/wp-json\/wp\/v2\/media?parent=22137"}],"curies":[{"name":"wp","href":"https:\/\/api.w.org\/{rel}","templated":true}]}}