{"id":22146,"date":"2013-09-24T16:43:15","date_gmt":"2013-09-24T14:43:15","guid":{"rendered":"https:\/\/heatwork.com\/anvandningsomraden\/olje-gas-och-varvsindustrier\/mmo-leverantor\/"},"modified":"2014-06-12T15:03:23","modified_gmt":"2014-06-12T13:03:23","slug":"mmo-leverantor","status":"publish","type":"page","link":"https:\/\/heatwork.com\/sv\/anvandningsomraden\/olje-gas-och-varvsindustrier\/mmo-leverantor\/","title":{"rendered":"MMO-leverant\u00f6r"},"content":{"rendered":"<p><div class=\"o-carousel js-carousel\"><div class=\"o-carousel__main js-carousel-main wyzll\" data-id=\"wyzll\"><img loading=\"lazy\" decoding=\"async\" src=\"https:\/\/heatwork.com\/wp-content\/uploads\/2013\/09\/PICT0002_42-940x705.jpg\" width=\"940\" height=\"705\" alt=\"\" \/>\n<img loading=\"lazy\" decoding=\"async\" src=\"https:\/\/heatwork.com\/wp-content\/uploads\/2013\/09\/PICT0003_3-705x940.jpg\" width=\"705\" height=\"940\" alt=\"\" \/>\n<img loading=\"lazy\" decoding=\"async\" src=\"https:\/\/heatwork.com\/wp-content\/uploads\/2013\/09\/PICT00081-940x705.jpg\" width=\"940\" height=\"705\" alt=\"\" \/>\n<img loading=\"lazy\" decoding=\"async\" src=\"https:\/\/heatwork.com\/wp-content\/uploads\/2013\/09\/DSC_0009-940x624.jpg\" width=\"940\" height=\"624\" alt=\"\" \/>\n<img loading=\"lazy\" decoding=\"async\" src=\"https:\/\/heatwork.com\/wp-content\/uploads\/2013\/09\/P21700272-940x705.jpg\" width=\"940\" height=\"705\" alt=\"\" \/>\n<\/div><ul class=\"o-carousel__nav js-carousel-nav\"><li><img loading=\"lazy\" decoding=\"async\" src=\"https:\/\/heatwork.com\/wp-content\/uploads\/2013\/09\/PICT0002_42-290x290.jpg\" width=\"290\" height=\"290\" alt=\"\" \/><\/li>\n<li><img loading=\"lazy\" decoding=\"async\" src=\"https:\/\/heatwork.com\/wp-content\/uploads\/2013\/09\/PICT0003_3-290x290.jpg\" width=\"290\" height=\"290\" alt=\"\" \/><\/li>\n<li><img loading=\"lazy\" decoding=\"async\" src=\"https:\/\/heatwork.com\/wp-content\/uploads\/2013\/09\/PICT00081-290x290.jpg\" width=\"290\" height=\"290\" alt=\"\" \/><\/li>\n<li><img loading=\"lazy\" decoding=\"async\" src=\"https:\/\/heatwork.com\/wp-content\/uploads\/2013\/09\/DSC_0009-290x290.jpg\" width=\"290\" height=\"290\" alt=\"\" \/><\/li>\n<li><img loading=\"lazy\" decoding=\"async\" src=\"https:\/\/heatwork.com\/wp-content\/uploads\/2013\/09\/P21700272-290x290.jpg\" width=\"290\" height=\"290\" alt=\"\" \/><\/li>\n<\/ul><\/div><br \/>\n<\/p>\n<div class=\"ingrid in-thirds\">\n<div class=\"unit span-two\">\nMed hj\u00e4lp av v\u00e4rldsledande oljebolag, har HeatWork utvecklat och anpassat sina produkter s\u00e5 de uppfyller de h\u00e5rda s\u00e4kerhetskrav som reglerar anv\u00e4ndning av utrustning i milj\u00f6er som gasanl\u00e4ggningar och raffinaderier. Till skillnad fr\u00e5n andra system p\u00e5 marknaden, baseras v\u00e5r teknik p\u00e5 v\u00e4tskeburen \u00f6verf\u00f6ring av energi till m\u00e5lmilj\u00f6n. Yttemperaturerna p\u00e5 HeatWorks system kr\u00e4ver inga undantag fr\u00e5n s\u00e4kerhetsf\u00f6reskrifter, och utrustningen beh\u00f6ver inte st\u00e4ndigt \u00f6vervakas av personal. Med ett imponerande br\u00e4nsleutnyttjande p\u00e5 94% i ett slutet v\u00e4tskeburet v\u00e4rmesystem, kan HeatWorks system minska dina driftskostnader avsev\u00e4rt.<\/p>\n<p>De varma slangarna matas fr\u00e5n maskinen till slutm\u00e5let d\u00e4r sedan konstruktionen kan v\u00e4rmas med hj\u00e4lp av kontaktv\u00e4rme, d\u00e5 med slangarna i direktkontakt med konstruktionen. Eller med varm luft, d\u00e5 v\u00e4rmeslangarna kopplas till HW Aerotemper, f\u00f6r milj\u00f6er s\u00e5som byggt\u00e4lt. Genom att placera HW Aerotemper inuti byggt\u00e4ltet, kan milj\u00f6n v\u00e4rmas snabbt och effektivt, eftersom det \u00e4r luften i byggt\u00e4ltet som v\u00e4rms upp och inte den kalla eller fuktiga utomhusluften.\n<\/p><\/div>\n<div class=\"unit\">\n<ul>\n<li>Ytbehandling<\/li>\n<li>V\u00e4rma upp arbetst\u00e4lt<\/li>\n<\/ul>\n<\/div>\n<\/div>\n","protected":false},"excerpt":{"rendered":"<p>Med hj\u00e4lp av v\u00e4rldsledande oljebolag, har HeatWork utvecklat och anpassat sina produkter s\u00e5 de uppfyller de h\u00e5rda s\u00e4kerhetskrav som reglerar anv\u00e4ndning av utrustning i milj\u00f6er som gasanl\u00e4ggningar och raffinaderier. Till skillnad fr\u00e5n andra system p\u00e5 marknaden, baseras v\u00e5r teknik p\u00e5 v\u00e4tskeburen \u00f6verf\u00f6ring av energi till m\u00e5lmilj\u00f6n. Yttemperaturerna p\u00e5 HeatWorks system kr\u00e4ver inga undantag fr\u00e5n s\u00e4kerhetsf\u00f6reskrifter, [&hellip;]<\/p>\n","protected":false},"author":1,"featured_media":0,"parent":22078,"menu_order":2,"comment_status":"closed","ping_status":"closed","template":"","meta":{"_acf_changed":false,"footnotes":"","_links_to":"","_links_to_target":""},"class_list":["post-22146","page","type-page","status-publish"],"acf":[],"_links":{"self":[{"href":"https:\/\/heatwork.com\/sv\/wp-json\/wp\/v2\/pages\/22146"}],"collection":[{"href":"https:\/\/heatwork.com\/sv\/wp-json\/wp\/v2\/pages"}],"about":[{"href":"https:\/\/heatwork.com\/sv\/wp-json\/wp\/v2\/types\/page"}],"author":[{"embeddable":true,"href":"https:\/\/heatwork.com\/sv\/wp-json\/wp\/v2\/users\/1"}],"replies":[{"embeddable":true,"href":"https:\/\/heatwork.com\/sv\/wp-json\/wp\/v2\/comments?post=22146"}],"version-history":[{"count":0,"href":"https:\/\/heatwork.com\/sv\/wp-json\/wp\/v2\/pages\/22146\/revisions"}],"up":[{"embeddable":true,"href":"https:\/\/heatwork.com\/sv\/wp-json\/wp\/v2\/pages\/22078"}],"wp:attachment":[{"href":"https:\/\/heatwork.com\/sv\/wp-json\/wp\/v2\/media?parent=22146"}],"curies":[{"name":"wp","href":"https:\/\/api.w.org\/{rel}","templated":true}]}}