{"id":22147,"date":"2013-09-24T16:41:46","date_gmt":"2013-09-24T14:41:46","guid":{"rendered":"https:\/\/heatwork.com\/anvandningsomraden\/energi-och-katastrofhantering\/byggentreprenorer\/"},"modified":"2018-01-30T08:32:12","modified_gmt":"2018-01-30T07:32:12","slug":"byggentreprenorer","status":"publish","type":"page","link":"https:\/\/heatwork.com\/sv\/anvandningsomraden\/energi-och-katastrofhantering\/byggentreprenorer\/","title":{"rendered":"Byggentrepren\u00f6rer"},"content":{"rendered":"<div class=\"o-carousel js-carousel\"><div class=\"o-carousel__main js-carousel-main mgcgr\" data-id=\"mgcgr\"><img loading=\"lazy\" decoding=\"async\" src=\"https:\/\/heatwork.com\/wp-content\/uploads\/2013\/09\/DSC_03911.jpg\" width=\"787\" height=\"524\" alt=\"\" \/>\n<img loading=\"lazy\" decoding=\"async\" src=\"https:\/\/heatwork.com\/wp-content\/uploads\/2013\/09\/DSC_04051.jpg\" width=\"787\" height=\"524\" alt=\"\" \/>\n<img loading=\"lazy\" decoding=\"async\" src=\"https:\/\/heatwork.com\/wp-content\/uploads\/2013\/09\/SAM_00772-940x705.jpg\" width=\"940\" height=\"705\" alt=\"\" \/>\n<\/div><ul class=\"o-carousel__nav js-carousel-nav\"><li><img loading=\"lazy\" decoding=\"async\" src=\"https:\/\/heatwork.com\/wp-content\/uploads\/2013\/09\/DSC_03911-290x290.jpg\" width=\"290\" height=\"290\" alt=\"\" \/><\/li>\n<li><img loading=\"lazy\" decoding=\"async\" src=\"https:\/\/heatwork.com\/wp-content\/uploads\/2013\/09\/DSC_04051-290x290.jpg\" width=\"290\" height=\"290\" alt=\"\" \/><\/li>\n<li><img loading=\"lazy\" decoding=\"async\" src=\"https:\/\/heatwork.com\/wp-content\/uploads\/2013\/09\/SAM_00772-290x290.jpg\" width=\"290\" height=\"290\" alt=\"\" \/><\/li>\n<\/ul><\/div>\n<p>&nbsp;<\/p>\n<div class=\"ingrid in-thirds\">\n<div class=\"unit span-two\">\n<p>F\u00f6r v\u00e5ra kunder inom byggindustrin, har HeatWorks produkter blivit en av de viktigaste verktygen vid vinterarbete. Fler och fler byggentrepren\u00f6rer rapporterar tllbaka om att det skulle varit om\u00f6jligt f\u00f6r dem att undvika stora f\u00f6rseningar i byggprojekt utan v\u00e5ra flexibla v\u00e4rmesystem. V\u00e5ra produkter anv\u00e4nds f\u00f6r att s\u00e4kerst\u00e4lla kvalitet, kontinuerlig utveckling och l\u00f6nsamhet genom hela processen. Fr\u00e5n fundamentsarbete och betongarbete till uppv\u00e4rmning av sj\u00e4lva byggnaderna.<\/p>\n<p>Se \u00e4ven Betongsystem<\/p>\n<\/div>\n<div class=\"unit\">\n<ul>\n<li>Tillf\u00e4llig drift av golvv\u00e4rmesystem<\/li>\n<li>Tina upp is och sn\u00f6<\/li>\n<li>Tina upp tak f\u00f6re takarbete<\/li>\n<li>Tina upp frusen mark f\u00f6re komprimering<\/li>\n<li>F\u00f6rv\u00e4rma innan betonggjutning p\u00e5 vintern<\/li>\n<li>F\u00f6rv\u00e4rma betong innan membranl\u00e4ggning<\/li>\n<li>H\u00e4rda betong<\/li>\n<li>Frostskydd av material<\/li>\n<li>V\u00e4rma upp byggnader\/garage<\/li>\n<li>F\u00f6rv\u00e4rma verkst\u00e4der\/arbetst\u00e4lt<\/li>\n<li>Str\u00f6mf\u00f6rs\u00f6rjning<\/li>\n<li>Maskinhyra<\/li>\n<\/ul>\n<\/div>\n<\/div>\n","protected":false},"excerpt":{"rendered":"<p>&nbsp; F\u00f6r v\u00e5ra kunder inom byggindustrin, har HeatWorks produkter blivit en av de viktigaste verktygen vid vinterarbete. Fler och fler byggentrepren\u00f6rer rapporterar tllbaka om att det skulle varit om\u00f6jligt f\u00f6r dem att undvika stora f\u00f6rseningar i byggprojekt utan v\u00e5ra flexibla v\u00e4rmesystem. V\u00e5ra produkter anv\u00e4nds f\u00f6r att s\u00e4kerst\u00e4lla kvalitet, kontinuerlig utveckling och l\u00f6nsamhet genom hela processen. [&hellip;]<\/p>\n","protected":false},"author":1,"featured_media":0,"parent":22080,"menu_order":4,"comment_status":"closed","ping_status":"closed","template":"","meta":{"_acf_changed":false,"footnotes":"","_links_to":"","_links_to_target":""},"class_list":["post-22147","page","type-page","status-publish"],"acf":[],"_links":{"self":[{"href":"https:\/\/heatwork.com\/sv\/wp-json\/wp\/v2\/pages\/22147"}],"collection":[{"href":"https:\/\/heatwork.com\/sv\/wp-json\/wp\/v2\/pages"}],"about":[{"href":"https:\/\/heatwork.com\/sv\/wp-json\/wp\/v2\/types\/page"}],"author":[{"embeddable":true,"href":"https:\/\/heatwork.com\/sv\/wp-json\/wp\/v2\/users\/1"}],"replies":[{"embeddable":true,"href":"https:\/\/heatwork.com\/sv\/wp-json\/wp\/v2\/comments?post=22147"}],"version-history":[{"count":0,"href":"https:\/\/heatwork.com\/sv\/wp-json\/wp\/v2\/pages\/22147\/revisions"}],"up":[{"embeddable":true,"href":"https:\/\/heatwork.com\/sv\/wp-json\/wp\/v2\/pages\/22080"}],"wp:attachment":[{"href":"https:\/\/heatwork.com\/sv\/wp-json\/wp\/v2\/media?parent=22147"}],"curies":[{"name":"wp","href":"https:\/\/api.w.org\/{rel}","templated":true}]}}