{"id":22148,"date":"2013-09-24T16:41:34","date_gmt":"2013-09-24T14:41:34","guid":{"rendered":"https:\/\/heatwork.com\/anvandningsomraden\/energi-och-katastrofhantering\/forsvarsmakt\/"},"modified":"2018-01-29T16:06:01","modified_gmt":"2018-01-29T15:06:01","slug":"forsvarsmakt","status":"publish","type":"page","link":"https:\/\/heatwork.com\/sv\/anvandningsomraden\/energi-och-katastrofhantering\/forsvarsmakt\/","title":{"rendered":"F\u00f6rsvarsmakten"},"content":{"rendered":"<p><div class=\"o-carousel js-carousel\"><div class=\"o-carousel__main js-carousel-main zsauh\" data-id=\"zsauh\"><img loading=\"lazy\" decoding=\"async\" src=\"https:\/\/heatwork.com\/wp-content\/uploads\/2013\/09\/DSC_0065-940x624.jpg\" width=\"940\" height=\"624\" alt=\"\" \/>\n<img loading=\"lazy\" decoding=\"async\" src=\"https:\/\/heatwork.com\/wp-content\/uploads\/2013\/09\/DSC_0069-940x624.jpg\" width=\"940\" height=\"624\" alt=\"\" \/>\n<img loading=\"lazy\" decoding=\"async\" src=\"https:\/\/heatwork.com\/wp-content\/uploads\/2013\/09\/DSC_0178-940x624.jpg\" width=\"940\" height=\"624\" alt=\"\" \/>\n<img loading=\"lazy\" decoding=\"async\" src=\"https:\/\/heatwork.com\/wp-content\/uploads\/2013\/09\/DSC_0183-e1380703201435-624x940.jpg\" width=\"624\" height=\"940\" alt=\"\" \/>\n<img loading=\"lazy\" decoding=\"async\" src=\"https:\/\/heatwork.com\/wp-content\/uploads\/2013\/09\/DSC_0192-940x624.jpg\" width=\"940\" height=\"624\" alt=\"\" \/>\n<img loading=\"lazy\" decoding=\"async\" src=\"https:\/\/heatwork.com\/wp-content\/uploads\/2013\/09\/DSC_0199-940x624.jpg\" width=\"940\" height=\"624\" alt=\"\" \/>\n<img loading=\"lazy\" decoding=\"async\" src=\"https:\/\/heatwork.com\/wp-content\/uploads\/2013\/09\/DSC_01381-940x625.jpg\" width=\"940\" height=\"625\" alt=\"\" \/>\n<\/div><ul class=\"o-carousel__nav js-carousel-nav\"><li><img loading=\"lazy\" decoding=\"async\" src=\"https:\/\/heatwork.com\/wp-content\/uploads\/2013\/09\/DSC_0065-290x290.jpg\" width=\"290\" height=\"290\" alt=\"\" \/><\/li>\n<li><img loading=\"lazy\" decoding=\"async\" src=\"https:\/\/heatwork.com\/wp-content\/uploads\/2013\/09\/DSC_0069-290x290.jpg\" width=\"290\" height=\"290\" alt=\"\" \/><\/li>\n<li><img loading=\"lazy\" decoding=\"async\" src=\"https:\/\/heatwork.com\/wp-content\/uploads\/2013\/09\/DSC_0178-290x290.jpg\" width=\"290\" height=\"290\" alt=\"\" \/><\/li>\n<li><img loading=\"lazy\" decoding=\"async\" src=\"https:\/\/heatwork.com\/wp-content\/uploads\/2013\/09\/DSC_0183-e1380703201435-290x290.jpg\" width=\"290\" height=\"290\" alt=\"\" \/><\/li>\n<li><img loading=\"lazy\" decoding=\"async\" src=\"https:\/\/heatwork.com\/wp-content\/uploads\/2013\/09\/DSC_0192-290x290.jpg\" width=\"290\" height=\"290\" alt=\"\" \/><\/li>\n<li><img loading=\"lazy\" decoding=\"async\" src=\"https:\/\/heatwork.com\/wp-content\/uploads\/2013\/09\/DSC_0199-290x290.jpg\" width=\"290\" height=\"290\" alt=\"\" \/><\/li>\n<li><img loading=\"lazy\" decoding=\"async\" src=\"https:\/\/heatwork.com\/wp-content\/uploads\/2013\/09\/DSC_01381-290x290.jpg\" width=\"290\" height=\"290\" alt=\"\" \/><\/li>\n<\/ul><\/div><br \/>\n<\/p>\n<div class=\"ingrid in-thirds\">\n<div class=\"unit span-two\">\nHeatWorks mobila uppv\u00e4rmningsteknik kan anv\u00e4ndas f\u00f6r att v\u00e4rma upp t\u00e4lt, och f\u00f6r att desinficera och tillhandah\u00e5lla varmt vatten f\u00f6r konsumtion under f\u00e4lt\u00f6vningar och utlandsverksamheter. Tack vare sin kompakta design, \u00e4r maskinerna l\u00e4tta att transportera med hj\u00e4lp av helikopter, bil, sn\u00f6skoter eller fyrhjuling. Snabbkopplingarna g\u00f6r att de kan s\u00e4ttas upp och plockas ner p\u00e5 n\u00e5gra minuter. V\u00e5r teknik \u00e4r resultat av m\u00e5nga \u00e5rs tester och utveckling f\u00f6r anv\u00e4ndning i extremt kr\u00e4vande f\u00f6rh\u00e5llanden. Maskinerna \u00e4r mycket tillf\u00f6rlitliga, med f\u00e5 underh\u00e5llspunkter, och kr\u00e4ver lite tillsyn vid normal drift. Med inbyggda kraftgeneratorer och br\u00e4nsletankar, kr\u00e4ver maskinerna ingen extern utrustning under drift.\n<\/div>\n<div class=\"unit\">\n<ul>\n<li>Varmvatten f\u00f6r konsumtion<\/li>\n<li>V\u00e4rma upp t\u00e4lt<\/li>\n<li>Matlagning<\/li>\n<li>Duschar<\/li>\n<li>Desinficering<\/li>\n<\/ul>\n<\/div>\n<\/div>\n","protected":false},"excerpt":{"rendered":"<p>HeatWorks mobila uppv\u00e4rmningsteknik kan anv\u00e4ndas f\u00f6r att v\u00e4rma upp t\u00e4lt, och f\u00f6r att desinficera och tillhandah\u00e5lla varmt vatten f\u00f6r konsumtion under f\u00e4lt\u00f6vningar och utlandsverksamheter. Tack vare sin kompakta design, \u00e4r maskinerna l\u00e4tta att transportera med hj\u00e4lp av helikopter, bil, sn\u00f6skoter eller fyrhjuling. Snabbkopplingarna g\u00f6r att de kan s\u00e4ttas upp och plockas ner p\u00e5 n\u00e5gra minuter. [&hellip;]<\/p>\n","protected":false},"author":1,"featured_media":0,"parent":22080,"menu_order":3,"comment_status":"closed","ping_status":"closed","template":"","meta":{"_acf_changed":false,"footnotes":"","_links_to":"","_links_to_target":""},"class_list":["post-22148","page","type-page","status-publish"],"acf":[],"_links":{"self":[{"href":"https:\/\/heatwork.com\/sv\/wp-json\/wp\/v2\/pages\/22148"}],"collection":[{"href":"https:\/\/heatwork.com\/sv\/wp-json\/wp\/v2\/pages"}],"about":[{"href":"https:\/\/heatwork.com\/sv\/wp-json\/wp\/v2\/types\/page"}],"author":[{"embeddable":true,"href":"https:\/\/heatwork.com\/sv\/wp-json\/wp\/v2\/users\/1"}],"replies":[{"embeddable":true,"href":"https:\/\/heatwork.com\/sv\/wp-json\/wp\/v2\/comments?post=22148"}],"version-history":[{"count":0,"href":"https:\/\/heatwork.com\/sv\/wp-json\/wp\/v2\/pages\/22148\/revisions"}],"up":[{"embeddable":true,"href":"https:\/\/heatwork.com\/sv\/wp-json\/wp\/v2\/pages\/22080"}],"wp:attachment":[{"href":"https:\/\/heatwork.com\/sv\/wp-json\/wp\/v2\/media?parent=22148"}],"curies":[{"name":"wp","href":"https:\/\/api.w.org\/{rel}","templated":true}]}}