{"id":22150,"date":"2013-09-24T16:41:21","date_gmt":"2013-09-24T14:41:21","guid":{"rendered":"https:\/\/heatwork.com\/anvandningsomraden\/energi-och-katastrofhantering\/rormokare\/"},"modified":"2018-01-29T16:03:06","modified_gmt":"2018-01-29T15:03:06","slug":"rormokare","status":"publish","type":"page","link":"https:\/\/heatwork.com\/sv\/anvandningsomraden\/energi-och-katastrofhantering\/rormokare\/","title":{"rendered":"R\u00f6rmokare"},"content":{"rendered":"<p><div class=\"o-carousel js-carousel\"><div class=\"o-carousel__main js-carousel-main ujjhv\" data-id=\"ujjhv\"><img loading=\"lazy\" decoding=\"async\" src=\"https:\/\/heatwork.com\/wp-content\/uploads\/2013\/09\/P5281228-940x705.jpg\" width=\"940\" height=\"705\" alt=\"\" \/>\n<img loading=\"lazy\" decoding=\"async\" src=\"https:\/\/heatwork.com\/wp-content\/uploads\/2013\/09\/P5281232-940x705.jpg\" width=\"940\" height=\"705\" alt=\"\" \/>\n<img loading=\"lazy\" decoding=\"async\" src=\"https:\/\/heatwork.com\/wp-content\/uploads\/2013\/09\/P5281240-940x705.jpg\" width=\"940\" height=\"705\" alt=\"\" \/>\n<img loading=\"lazy\" decoding=\"async\" src=\"https:\/\/heatwork.com\/wp-content\/uploads\/2013\/09\/SAM_0022-940x705.jpg\" width=\"940\" height=\"705\" alt=\"\" \/>\n<img loading=\"lazy\" decoding=\"async\" src=\"https:\/\/heatwork.com\/wp-content\/uploads\/2013\/09\/SAM_0026-940x705.jpg\" width=\"940\" height=\"705\" alt=\"\" \/>\n<img loading=\"lazy\" decoding=\"async\" src=\"https:\/\/heatwork.com\/wp-content\/uploads\/2013\/09\/SAM_0077-940x705.jpg\" width=\"940\" height=\"705\" alt=\"\" \/>\n<img loading=\"lazy\" decoding=\"async\" src=\"https:\/\/heatwork.com\/wp-content\/uploads\/2013\/09\/SAM_0100-705x940.jpg\" width=\"705\" height=\"940\" alt=\"\" \/>\n<img loading=\"lazy\" decoding=\"async\" src=\"https:\/\/heatwork.com\/wp-content\/uploads\/2013\/09\/SAM_0105-940x705.jpg\" width=\"940\" height=\"705\" alt=\"\" \/>\n<img loading=\"lazy\" decoding=\"async\" src=\"https:\/\/heatwork.com\/wp-content\/uploads\/2013\/09\/Hydroheater-med-ekstern-dieseltank-940x705.jpg\" width=\"940\" height=\"705\" alt=\"\" \/>\n<img loading=\"lazy\" decoding=\"async\" src=\"https:\/\/heatwork.com\/wp-content\/uploads\/2013\/09\/DSC_0058-940x625.jpg\" width=\"940\" height=\"625\" alt=\"\" \/>\n<\/div><ul class=\"o-carousel__nav js-carousel-nav\"><li><img loading=\"lazy\" decoding=\"async\" src=\"https:\/\/heatwork.com\/wp-content\/uploads\/2013\/09\/P5281228-290x290.jpg\" width=\"290\" height=\"290\" alt=\"\" \/><\/li>\n<li><img loading=\"lazy\" decoding=\"async\" src=\"https:\/\/heatwork.com\/wp-content\/uploads\/2013\/09\/P5281232-290x290.jpg\" width=\"290\" height=\"290\" alt=\"\" \/><\/li>\n<li><img loading=\"lazy\" decoding=\"async\" src=\"https:\/\/heatwork.com\/wp-content\/uploads\/2013\/09\/P5281240-290x290.jpg\" width=\"290\" height=\"290\" alt=\"\" \/><\/li>\n<li><img loading=\"lazy\" decoding=\"async\" src=\"https:\/\/heatwork.com\/wp-content\/uploads\/2013\/09\/SAM_0022-290x290.jpg\" width=\"290\" height=\"290\" alt=\"\" \/><\/li>\n<li><img loading=\"lazy\" decoding=\"async\" src=\"https:\/\/heatwork.com\/wp-content\/uploads\/2013\/09\/SAM_0026-290x290.jpg\" width=\"290\" height=\"290\" alt=\"\" \/><\/li>\n<li><img loading=\"lazy\" decoding=\"async\" src=\"https:\/\/heatwork.com\/wp-content\/uploads\/2013\/09\/SAM_0077-290x290.jpg\" width=\"290\" height=\"290\" alt=\"\" \/><\/li>\n<li><img loading=\"lazy\" decoding=\"async\" src=\"https:\/\/heatwork.com\/wp-content\/uploads\/2013\/09\/SAM_0100-290x290.jpg\" width=\"290\" height=\"290\" alt=\"\" \/><\/li>\n<li><img loading=\"lazy\" decoding=\"async\" src=\"https:\/\/heatwork.com\/wp-content\/uploads\/2013\/09\/SAM_0105-290x290.jpg\" width=\"290\" height=\"290\" alt=\"\" \/><\/li>\n<li><img loading=\"lazy\" decoding=\"async\" src=\"https:\/\/heatwork.com\/wp-content\/uploads\/2013\/09\/Hydroheater-med-ekstern-dieseltank-290x290.jpg\" width=\"290\" height=\"290\" alt=\"\" \/><\/li>\n<li><img loading=\"lazy\" decoding=\"async\" src=\"https:\/\/heatwork.com\/wp-content\/uploads\/2013\/09\/DSC_0058-290x290.jpg\" width=\"290\" height=\"290\" alt=\"\" \/><\/li>\n<\/ul><\/div><br \/>\n<\/p>\n<div class=\"ingrid in-thirds\">\n<div class=\"unit span-two\">\nHeatWorks mobila v\u00e4rmesystem g\u00f6r det enkelt att h\u00e5lla fj\u00e4rrv\u00e4rmesystem i drift vid byte eller modernisering av pannor i hem av alla de storlekar, bostadsr\u00e4ttsf\u00f6reningar, hotell etc. Maskinen ansluts till befintligt system med hj\u00e4lp av standardsnabbkopplingar och \u00e4r omedelbart f\u00e4rdig att anv\u00e4ndas. Samma maskin kan \u00e4ven anv\u00e4ndas f\u00f6r tillf\u00e4lllig drift av golvv\u00e4rmesystem, eller f\u00f6r att tillhandah\u00e5lla varmt vatten f\u00f6r tillf\u00e4lliga sanitetsanl\u00e4ggningar, t.ex. vid renovering av badrum. Maskinens l\u00e5ga vikt g\u00f6r den l\u00e4tta att flytta fr\u00e5n jobb till jobb med hj\u00e4lp av standardfordon. V\u00e5r prisbel\u00f6nta industridesign \u00e4r ljudl\u00f6s och diskret, och kan anv\u00e4ndas i bostadsomr\u00e5den, utan att orsaka n\u00e5gon irritation f\u00f6r de boende.\n<\/div>\n<div class=\"unit\">\n<ul>\n<li>Tillf\u00e4llig drift av fj\u00e4rrv\u00e4rmesystem<\/li>\n<li>Tillf\u00e4llig drift av bost\u00e4der och kommersiella byggnader<\/li>\n<li>Tillf\u00e4llig drift av vattenbaserat golvv\u00e4rmesystem<\/li>\n<li>Desinficering av sanitetsanl\u00e4ggningar<\/li>\n<\/ul>\n<\/div>\n<\/div>\n","protected":false},"excerpt":{"rendered":"<p>HeatWorks mobila v\u00e4rmesystem g\u00f6r det enkelt att h\u00e5lla fj\u00e4rrv\u00e4rmesystem i drift vid byte eller modernisering av pannor i hem av alla de storlekar, bostadsr\u00e4ttsf\u00f6reningar, hotell etc. Maskinen ansluts till befintligt system med hj\u00e4lp av standardsnabbkopplingar och \u00e4r omedelbart f\u00e4rdig att anv\u00e4ndas. Samma maskin kan \u00e4ven anv\u00e4ndas f\u00f6r tillf\u00e4lllig drift av golvv\u00e4rmesystem, eller f\u00f6r att tillhandah\u00e5lla [&hellip;]<\/p>\n","protected":false},"author":1,"featured_media":0,"parent":22080,"menu_order":2,"comment_status":"closed","ping_status":"closed","template":"","meta":{"_acf_changed":false,"footnotes":"","_links_to":"","_links_to_target":""},"class_list":["post-22150","page","type-page","status-publish"],"acf":[],"_links":{"self":[{"href":"https:\/\/heatwork.com\/sv\/wp-json\/wp\/v2\/pages\/22150"}],"collection":[{"href":"https:\/\/heatwork.com\/sv\/wp-json\/wp\/v2\/pages"}],"about":[{"href":"https:\/\/heatwork.com\/sv\/wp-json\/wp\/v2\/types\/page"}],"author":[{"embeddable":true,"href":"https:\/\/heatwork.com\/sv\/wp-json\/wp\/v2\/users\/1"}],"replies":[{"embeddable":true,"href":"https:\/\/heatwork.com\/sv\/wp-json\/wp\/v2\/comments?post=22150"}],"version-history":[{"count":0,"href":"https:\/\/heatwork.com\/sv\/wp-json\/wp\/v2\/pages\/22150\/revisions"}],"up":[{"embeddable":true,"href":"https:\/\/heatwork.com\/sv\/wp-json\/wp\/v2\/pages\/22080"}],"wp:attachment":[{"href":"https:\/\/heatwork.com\/sv\/wp-json\/wp\/v2\/media?parent=22150"}],"curies":[{"name":"wp","href":"https:\/\/api.w.org\/{rel}","templated":true}]}}