{"id":22173,"date":"2013-09-24T16:36:26","date_gmt":"2013-09-24T14:36:26","guid":{"rendered":"https:\/\/heatwork.com\/bygg-och-anlaggning\/kraft-och-telekombolag\/"},"modified":"2014-06-12T13:05:32","modified_gmt":"2014-06-12T11:05:32","slug":"kraft-och-telekombolag","status":"publish","type":"page","link":"https:\/\/heatwork.com\/sv\/anvandningsomraden\/bygg-och-anlaggningbyggindustri\/kraft-och-telekombolag\/","title":{"rendered":"Kraft och telekombolag"},"content":{"rendered":"<p><div class=\"o-carousel js-carousel\"><div class=\"o-carousel__main js-carousel-main vtrwk\" data-id=\"vtrwk\"><img loading=\"lazy\" decoding=\"async\" src=\"https:\/\/heatwork.com\/wp-content\/uploads\/2013\/09\/IMG_0726-940x705.jpg\" width=\"940\" height=\"705\" alt=\"\" \/>\n<img loading=\"lazy\" decoding=\"async\" src=\"https:\/\/heatwork.com\/wp-content\/uploads\/2013\/09\/IMG_0759-940x705.jpg\" width=\"940\" height=\"705\" alt=\"\" \/>\n<img loading=\"lazy\" decoding=\"async\" src=\"https:\/\/heatwork.com\/wp-content\/uploads\/2013\/09\/IMG_0760-940x705.jpg\" width=\"940\" height=\"705\" alt=\"\" \/>\n<img loading=\"lazy\" decoding=\"async\" src=\"https:\/\/heatwork.com\/wp-content\/uploads\/2013\/09\/IMG_0772-940x705.jpg\" width=\"940\" height=\"705\" alt=\"\" \/>\n<\/div><ul class=\"o-carousel__nav js-carousel-nav\"><li><img loading=\"lazy\" decoding=\"async\" src=\"https:\/\/heatwork.com\/wp-content\/uploads\/2013\/09\/IMG_0726-290x290.jpg\" width=\"290\" height=\"290\" alt=\"\" \/><\/li>\n<li><img loading=\"lazy\" decoding=\"async\" src=\"https:\/\/heatwork.com\/wp-content\/uploads\/2013\/09\/IMG_0759-290x290.jpg\" width=\"290\" height=\"290\" alt=\"\" \/><\/li>\n<li><img loading=\"lazy\" decoding=\"async\" src=\"https:\/\/heatwork.com\/wp-content\/uploads\/2013\/09\/IMG_0760-290x290.jpg\" width=\"290\" height=\"290\" alt=\"\" \/><\/li>\n<li><img loading=\"lazy\" decoding=\"async\" src=\"https:\/\/heatwork.com\/wp-content\/uploads\/2013\/09\/IMG_0772-290x290.jpg\" width=\"290\" height=\"290\" alt=\"\" \/><\/li>\n<\/ul><\/div><br \/>\n<\/p>\n<div class=\"ingrid in-thirds\">\n<div class=\"unit span-two\">HeatWork l\u00f6ser m\u00e5nga av de utmaningar som kraft- och telekombolag st\u00e5r inf\u00f6r vintertid. Maskinerna kan anv\u00e4ndas f\u00f6r att tina upp frusen mark f\u00f6r kabelgravar, s\u00e5 att nya diken kan gr\u00e4vas eller skadade kablar kan ers\u00e4ttas vintertid. Denna process \u00e4r mycket effektiv, och med temperaturer l\u00e5ga nog f\u00f6r att inte skada kommunikationsledningar under upptiningsprocessen. N\u00e4r upptiningen \u00e4r f\u00e4rdig, kan samma maskin anv\u00e4ndas f\u00f6r att v\u00e4rma upp arbetst\u00e4lt s\u00e5 att arbete p\u00e5 kablar, fogar, \u00e4ndar etc. kan utf\u00f6ras under kontrollerade temperaturf\u00f6rh\u00e5llanden, vilket garanterar h\u00f6g kvalitet p\u00e5 utf\u00f6rande och b\u00e4ttre arbetsvillkor f\u00f6r arbetslag. Frostkydd f\u00f6r vatteninlopp vid sm\u00e5 kraftstationer \u00e4r ett annat omr\u00e5de som HeatWork levererar unika system till. <\/div>\n<div class=\"unit\">\n<ul>\n<li>Frostskydd f\u00f6r vatteninlopp<\/li>\n<li>Frostskydd f\u00f6r byggmark<\/li>\n<li>Tina upp frusen mark f\u00f6r kabelgravar<\/li>\n<li>Tina upp frusen mark runt skadade kablar<\/li>\n<li>Punkttina p\u00e5lfundament eller manh\u00e5l<\/li>\n<li>V\u00e4rma upp byggnader\/garage<\/li>\n<li>V\u00e4rma upp verkst\u00e4der\/arbetst\u00e4lt<\/li>\n<li>H\u00e4rda betong<\/li>\n<li>Str\u00f6mf\u00f6rs\u00f6rjning<\/li>\n<\/ul>\n<\/div>\n<\/div>\n","protected":false},"excerpt":{"rendered":"<p>HeatWork l\u00f6ser m\u00e5nga av de utmaningar som kraft- och telekombolag st\u00e5r inf\u00f6r vintertid. Maskinerna kan anv\u00e4ndas f\u00f6r att tina upp frusen mark f\u00f6r kabelgravar, s\u00e5 att nya diken kan gr\u00e4vas eller skadade kablar kan ers\u00e4ttas vintertid. Denna process \u00e4r mycket effektiv, och med temperaturer l\u00e5ga nog f\u00f6r att inte skada kommunikationsledningar under upptiningsprocessen. N\u00e4r upptiningen [&hellip;]<\/p>\n","protected":false},"author":1,"featured_media":0,"parent":17086,"menu_order":5,"comment_status":"closed","ping_status":"closed","template":"","meta":{"_acf_changed":false,"footnotes":"","_links_to":"","_links_to_target":""},"class_list":["post-22173","page","type-page","status-publish"],"acf":[],"_links":{"self":[{"href":"https:\/\/heatwork.com\/sv\/wp-json\/wp\/v2\/pages\/22173"}],"collection":[{"href":"https:\/\/heatwork.com\/sv\/wp-json\/wp\/v2\/pages"}],"about":[{"href":"https:\/\/heatwork.com\/sv\/wp-json\/wp\/v2\/types\/page"}],"author":[{"embeddable":true,"href":"https:\/\/heatwork.com\/sv\/wp-json\/wp\/v2\/users\/1"}],"replies":[{"embeddable":true,"href":"https:\/\/heatwork.com\/sv\/wp-json\/wp\/v2\/comments?post=22173"}],"version-history":[{"count":0,"href":"https:\/\/heatwork.com\/sv\/wp-json\/wp\/v2\/pages\/22173\/revisions"}],"up":[{"embeddable":true,"href":"https:\/\/heatwork.com\/sv\/wp-json\/wp\/v2\/pages\/17086"}],"wp:attachment":[{"href":"https:\/\/heatwork.com\/sv\/wp-json\/wp\/v2\/media?parent=22173"}],"curies":[{"name":"wp","href":"https:\/\/api.w.org\/{rel}","templated":true}]}}