{"id":22174,"date":"2013-09-24T16:35:53","date_gmt":"2013-09-24T14:35:53","guid":{"rendered":"https:\/\/heatwork.com\/bygg-och-anlaggning\/vattenbruk\/"},"modified":"2014-06-12T12:59:57","modified_gmt":"2014-06-12T10:59:57","slug":"vattenbruk","status":"publish","type":"page","link":"https:\/\/heatwork.com\/sv\/anvandningsomraden\/bygg-och-anlaggningbyggindustri\/vattenbruk\/","title":{"rendered":"Vattenbruk"},"content":{"rendered":"<p><\/p>\n<div class=\"ingrid in-thirds\">\n<div class=\"unit span-two\">\nTack vare v\u00e5r patenterade v\u00e4tskeburna v\u00e4rmeteknik, kan vi tillhandah\u00e5lla innovativa system f\u00f6r anv\u00e4ndning som frostskydd vid smoltanl\u00e4ggningar, tina upp sn\u00f6 och is och uppv\u00e4rmning av stora byggnader.\n<\/div>\n<div class=\"unit\">\n<ul>\n<li>Tina upp\/frostskydd f\u00f6r filterinlopp vid smoltanl\u00e4ggningar<\/li>\n<li>Tina upp frusen mark\/is\/sn\u00f6<\/li>\n<li>Tina upp f\u00f6re komprimering<\/li>\n<li>Uppv\u00e4rmning av byggnader\/garage\/verkst\u00e4der<\/li>\n<li>H\u00e4rda betong<\/li>\n<li>V\u00e4rma upp inloppsvatten<\/li>\n<\/ul>\n<\/div>\n<\/div>\n","protected":false},"excerpt":{"rendered":"<p>Tack vare v\u00e5r patenterade v\u00e4tskeburna v\u00e4rmeteknik, kan vi tillhandah\u00e5lla innovativa system f\u00f6r anv\u00e4ndning som frostskydd vid smoltanl\u00e4ggningar, tina upp sn\u00f6 och is och uppv\u00e4rmning av stora byggnader. Tina upp\/frostskydd f\u00f6r filterinlopp vid smoltanl\u00e4ggningar Tina upp frusen mark\/is\/sn\u00f6 Tina upp f\u00f6re komprimering Uppv\u00e4rmning av byggnader\/garage\/verkst\u00e4der H\u00e4rda betong V\u00e4rma upp inloppsvatten<\/p>\n","protected":false},"author":1,"featured_media":0,"parent":17086,"menu_order":6,"comment_status":"closed","ping_status":"closed","template":"","meta":{"_acf_changed":false,"footnotes":"","_links_to":"","_links_to_target":""},"class_list":["post-22174","page","type-page","status-publish"],"acf":[],"_links":{"self":[{"href":"https:\/\/heatwork.com\/sv\/wp-json\/wp\/v2\/pages\/22174"}],"collection":[{"href":"https:\/\/heatwork.com\/sv\/wp-json\/wp\/v2\/pages"}],"about":[{"href":"https:\/\/heatwork.com\/sv\/wp-json\/wp\/v2\/types\/page"}],"author":[{"embeddable":true,"href":"https:\/\/heatwork.com\/sv\/wp-json\/wp\/v2\/users\/1"}],"replies":[{"embeddable":true,"href":"https:\/\/heatwork.com\/sv\/wp-json\/wp\/v2\/comments?post=22174"}],"version-history":[{"count":0,"href":"https:\/\/heatwork.com\/sv\/wp-json\/wp\/v2\/pages\/22174\/revisions"}],"up":[{"embeddable":true,"href":"https:\/\/heatwork.com\/sv\/wp-json\/wp\/v2\/pages\/17086"}],"wp:attachment":[{"href":"https:\/\/heatwork.com\/sv\/wp-json\/wp\/v2\/media?parent=22174"}],"curies":[{"name":"wp","href":"https:\/\/api.w.org\/{rel}","templated":true}]}}