{"id":22180,"date":"2013-09-24T16:34:10","date_gmt":"2013-09-24T14:34:10","guid":{"rendered":"https:\/\/heatwork.com\/bygg-och-anlaggning\/byggindustri\/"},"modified":"2018-01-29T14:44:58","modified_gmt":"2018-01-29T13:44:58","slug":"maskinentreprenoer","status":"publish","type":"page","link":"https:\/\/heatwork.com\/sv\/anvandningsomraden\/bygg-och-anlaggningbyggindustri\/maskinentreprenoer\/","title":{"rendered":"Maskinentrepren\u00f6r"},"content":{"rendered":"<p><div class=\"o-carousel js-carousel\"><div class=\"o-carousel__main js-carousel-main gpded\" data-id=\"gpded\"><img loading=\"lazy\" decoding=\"async\" src=\"https:\/\/heatwork.com\/wp-content\/uploads\/2013\/09\/1-Tining-av-gr\u00f8ft-i-asfalt-1024x680.jpg\" width=\"940\" height=\"624\" alt=\"\" \/>\n<img loading=\"lazy\" decoding=\"async\" src=\"https:\/\/heatwork.com\/wp-content\/uploads\/2013\/09\/3-Tining-av-gr\u00f8ft-i-asfalt-1024x768.jpg\" width=\"940\" height=\"705\" alt=\"\" \/>\n<img loading=\"lazy\" decoding=\"async\" src=\"https:\/\/heatwork.com\/wp-content\/uploads\/2013\/09\/22-Tining-av-grund-940x705.jpg\" width=\"940\" height=\"705\" alt=\"\" \/>\n<img loading=\"lazy\" decoding=\"async\" src=\"https:\/\/heatwork.com\/wp-content\/uploads\/2013\/09\/4-Tining-av-kabelgr\u00f8ft-1024x906.jpg\" width=\"940\" height=\"832\" alt=\"\" \/>\n<img loading=\"lazy\" decoding=\"async\" src=\"https:\/\/heatwork.com\/wp-content\/uploads\/2013\/09\/5-Tining-av-kabelgr\u00f8ft-1024x857.jpg\" width=\"940\" height=\"787\" alt=\"\" \/>\n<img loading=\"lazy\" decoding=\"async\" src=\"https:\/\/heatwork.com\/wp-content\/uploads\/2013\/09\/7-Tining-av-gr\u00f8ft-1024x768.jpg\" width=\"940\" height=\"705\" alt=\"\" \/>\n<img loading=\"lazy\" decoding=\"async\" src=\"https:\/\/heatwork.com\/wp-content\/uploads\/2013\/09\/8-Tining-av-gr\u00f8ft-940x705.jpg\" width=\"940\" height=\"705\" alt=\"\" \/>\n<img loading=\"lazy\" decoding=\"async\" src=\"https:\/\/heatwork.com\/wp-content\/uploads\/2013\/09\/12-Tining-av-kabelgr\u00f8ft-705x940.jpg\" width=\"705\" height=\"940\" alt=\"\" \/>\n<img loading=\"lazy\" decoding=\"async\" src=\"https:\/\/heatwork.com\/wp-content\/uploads\/2013\/09\/13-Tining-av-kabelgr\u00f8ft-705x940.jpg\" width=\"705\" height=\"940\" alt=\"\" \/>\n<\/div><ul class=\"o-carousel__nav js-carousel-nav\"><li><img loading=\"lazy\" decoding=\"async\" src=\"https:\/\/heatwork.com\/wp-content\/uploads\/2013\/09\/1-Tining-av-gr\u00f8ft-i-asfalt-e1481116910291-290x290.jpg\" width=\"290\" height=\"290\" alt=\"\" \/><\/li>\n<li><img loading=\"lazy\" decoding=\"async\" src=\"https:\/\/heatwork.com\/wp-content\/uploads\/2013\/09\/3-Tining-av-gr\u00f8ft-i-asfalt-e1481116931342-290x290.jpg\" width=\"290\" height=\"290\" alt=\"\" \/><\/li>\n<li><img loading=\"lazy\" decoding=\"async\" src=\"https:\/\/heatwork.com\/wp-content\/uploads\/2013\/09\/22-Tining-av-grund-290x290.jpg\" width=\"290\" height=\"290\" alt=\"\" \/><\/li>\n<li><img loading=\"lazy\" decoding=\"async\" src=\"https:\/\/heatwork.com\/wp-content\/uploads\/2013\/09\/4-Tining-av-kabelgr\u00f8ft-e1481116941151-290x290.jpg\" width=\"290\" height=\"290\" alt=\"\" \/><\/li>\n<li><img loading=\"lazy\" decoding=\"async\" src=\"https:\/\/heatwork.com\/wp-content\/uploads\/2013\/09\/5-Tining-av-kabelgr\u00f8ft-e1481116949167-290x290.jpg\" width=\"290\" height=\"290\" alt=\"\" \/><\/li>\n<li><img loading=\"lazy\" decoding=\"async\" src=\"https:\/\/heatwork.com\/wp-content\/uploads\/2013\/09\/7-Tining-av-gr\u00f8ft-e1481116966702-290x290.jpg\" width=\"290\" height=\"290\" alt=\"\" \/><\/li>\n<li><img loading=\"lazy\" decoding=\"async\" src=\"https:\/\/heatwork.com\/wp-content\/uploads\/2013\/09\/8-Tining-av-gr\u00f8ft-290x290.jpg\" width=\"290\" height=\"290\" alt=\"\" \/><\/li>\n<li><img loading=\"lazy\" decoding=\"async\" src=\"https:\/\/heatwork.com\/wp-content\/uploads\/2013\/09\/12-Tining-av-kabelgr\u00f8ft-290x290.jpg\" width=\"290\" height=\"290\" alt=\"\" \/><\/li>\n<li><img loading=\"lazy\" decoding=\"async\" src=\"https:\/\/heatwork.com\/wp-content\/uploads\/2013\/09\/13-Tining-av-kabelgr\u00f8ft-290x290.jpg\" width=\"290\" height=\"290\" alt=\"\" \/><\/li>\n<\/ul><\/div><br \/>\n<\/p>\n<div class=\"ingrid in-thirds\">\n<h2 class=\"unit span-two\">FrostHeater: Mobil v\u00e4rmekraftverk som levererar 100\u00b0C.<br \/>\nEffektiv f\u00f6r tj\u00e4ltining, frosts\u00e4kring, uppv\u00e4rmning, betongarbete, skadesanering m.m<\/h2>\n<div class=\"unit span-two\">V\u00e5ra innovativa system f\u00f6r att tina upp frusen mark \u00e4r supereffektiva, och framtagna f\u00f6r att s\u00e4kerst\u00e4lla att de \u00e4r anv\u00e4ndar- och millj\u00f6v\u00e4nliga. D\u00e4rigenom f\u00f6rsvinner behovet av kontinuerlig \u00f6vervakning av upptiningsarbetet. Alla HeatWorks maskiner f\u00f6r upptining av mark har en temperaturskala p\u00e5 0-100\u00b0C, och feedback fr\u00e5n v\u00e5ra kunder s\u00e4ger oss att de uppn\u00e5dde en upptiningstakt dubbelt s\u00e5 h\u00f6g j\u00e4mf\u00f6rt med \u00e4ldre maskiner, d\u00e4r upptiningsslangarna bara uppn\u00e5dde 70-80\u00b0C.<em>Undvik arbetsl\u00f6shet och f\u00e5 arbetet gjort p\u00e5 avtalad tid \u2013 v\u00e4lj HeatWork!<\/em><\/p>\n<\/div>\n<div class=\"unit\">\n<ul>\n<li>Tina upp frusen mark\/is\/sn\u00f6<\/li>\n<li>Tina upp f\u00f6re komprimering<\/li>\n<li>Punkt-tina fundament\/manh\u00e5l\/skyltar<\/li>\n<li>Frostskydd f\u00f6r fyllmaterial<\/li>\n<li>Frostskydd f\u00f6r byggmark<\/li>\n<li>V\u00e4rma upp byggnader\/garage<\/li>\n<li>V\u00e4rma upp verkst\u00e4der\/arbetst\u00e4lt<\/li>\n<li>H\u00e4rda betong<\/li>\n<li>Str\u00f6mf\u00f6rs\u00f6rjning<\/li>\n<li>Maskinhyra<\/li>\n<\/ul>\n<\/div>\n<\/div>\n","protected":false},"excerpt":{"rendered":"<p>FrostHeater: Mobil v\u00e4rmekraftverk som levererar 100\u00b0C. Effektiv f\u00f6r tj\u00e4ltining, frosts\u00e4kring, uppv\u00e4rmning, betongarbete, skadesanering m.m V\u00e5ra innovativa system f\u00f6r att tina upp frusen mark \u00e4r supereffektiva, och framtagna f\u00f6r att s\u00e4kerst\u00e4lla att de \u00e4r anv\u00e4ndar- och millj\u00f6v\u00e4nliga. D\u00e4rigenom f\u00f6rsvinner behovet av kontinuerlig \u00f6vervakning av upptiningsarbetet. Alla HeatWorks maskiner f\u00f6r upptining av mark har en temperaturskala p\u00e5 [&hellip;]<\/p>\n","protected":false},"author":1,"featured_media":0,"parent":17086,"menu_order":0,"comment_status":"closed","ping_status":"closed","template":"","meta":{"_acf_changed":false,"footnotes":"","_links_to":"","_links_to_target":""},"class_list":["post-22180","page","type-page","status-publish"],"acf":[],"_links":{"self":[{"href":"https:\/\/heatwork.com\/sv\/wp-json\/wp\/v2\/pages\/22180"}],"collection":[{"href":"https:\/\/heatwork.com\/sv\/wp-json\/wp\/v2\/pages"}],"about":[{"href":"https:\/\/heatwork.com\/sv\/wp-json\/wp\/v2\/types\/page"}],"author":[{"embeddable":true,"href":"https:\/\/heatwork.com\/sv\/wp-json\/wp\/v2\/users\/1"}],"replies":[{"embeddable":true,"href":"https:\/\/heatwork.com\/sv\/wp-json\/wp\/v2\/comments?post=22180"}],"version-history":[{"count":0,"href":"https:\/\/heatwork.com\/sv\/wp-json\/wp\/v2\/pages\/22180\/revisions"}],"up":[{"embeddable":true,"href":"https:\/\/heatwork.com\/sv\/wp-json\/wp\/v2\/pages\/17086"}],"wp:attachment":[{"href":"https:\/\/heatwork.com\/sv\/wp-json\/wp\/v2\/media?parent=22180"}],"curies":[{"name":"wp","href":"https:\/\/api.w.org\/{rel}","templated":true}]}}