{"id":22181,"date":"2013-09-24T16:31:18","date_gmt":"2013-09-24T14:31:18","guid":{"rendered":"https:\/\/heatwork.com\/sma-foretagjordbruksjalvbyggare\/evenemang\/"},"modified":"2018-01-29T15:27:20","modified_gmt":"2018-01-29T14:27:20","slug":"evenemang","status":"publish","type":"page","link":"https:\/\/heatwork.com\/sv\/anvandningsomraden\/smaforetag-jordbruk-sjalvbyggare\/evenemang\/","title":{"rendered":"Evenemang"},"content":{"rendered":"<div class=\"o-carousel js-carousel\"><div class=\"o-carousel__main js-carousel-main pnqjj\" data-id=\"pnqjj\"><img loading=\"lazy\" decoding=\"async\" src=\"https:\/\/heatwork.com\/wp-content\/uploads\/2013\/09\/DSC_0044-940x624.jpg\" width=\"940\" height=\"624\" alt=\"\" \/>\n<img loading=\"lazy\" decoding=\"async\" src=\"https:\/\/heatwork.com\/wp-content\/uploads\/2013\/09\/DSC_0148-940x625.jpg\" width=\"940\" height=\"625\" alt=\"\" \/>\n<\/div><ul class=\"o-carousel__nav js-carousel-nav\"><li><img loading=\"lazy\" decoding=\"async\" src=\"https:\/\/heatwork.com\/wp-content\/uploads\/2013\/09\/DSC_0044-290x290.jpg\" width=\"290\" height=\"290\" alt=\"\" \/><\/li>\n<li><img loading=\"lazy\" decoding=\"async\" src=\"https:\/\/heatwork.com\/wp-content\/uploads\/2013\/09\/DSC_0148-290x290.jpg\" width=\"290\" height=\"290\" alt=\"\" \/><\/li>\n<\/ul><\/div>\n<div class=\"ingrid in-thirds\">\n<div class=\"unit span-two\">HeatWorks mobila v\u00e4rmesystem \u00e4r resultatet av m\u00e5nga \u00e5rs tester och utveckling f\u00f6r anv\u00e4ndning i de mest kr\u00e4vande f\u00f6rh\u00e5llanden. Produkterna \u00e4r f\u00f6rem\u00e5l f\u00f6r str\u00e4nga krav p\u00e5 kvalitet, tillf\u00f6rlitlighet och prestanda i n\u00e4stan alla t\u00e4nkbara f\u00f6rh\u00e5llanden. Och v\u00e5rt fokus har alltid legat p\u00e5 design, milj\u00f6v\u00e4nlighet och m\u00e5ngsidighet. Denna kombination inneb\u00e4r ocks\u00e5 att v\u00e5ra maskiner \u00e4r mycket l\u00e4mpliga f\u00f6r anv\u00e4ndning inom evenemangsindustrin. Oavsett om du beh\u00f6ver v\u00e4rma upp stora partyt\u00e4lt eller beh\u00f6ver varmt vatten f\u00f6r matlagning, reng\u00f6ring, tillf\u00e4lliga duschar, toaletter eller en kombination av dessa, kan HeatWork tillhandah\u00e5lla de mest kompakta och mobila systemen p\u00e5 marknaden. V\u00e5r prisbel\u00f6nta design \u00e4r ocks\u00e5 diskret i alla milj\u00f6er. Problem med buller, br\u00e4nslespill och besv\u00e4rliga avgaser har eliminerats.<\/div>\n<div class=\"unit\">\n<ul>\n<li>V\u00e4rma upp t\u00e4lt\/byggnader<\/li>\n<li>Varmt vatten f\u00f6r duschar, etc.<\/li>\n<li>Varmt vatten f\u00f6r badkar och jacuzzier<\/li>\n<li>Varmt vatten f\u00f6r matlagning\/reng\u00f6ring<\/li>\n<li>Str\u00f6mf\u00f6rs\u00f6rjning<\/li>\n<\/ul>\n<\/div>\n<\/div>\n","protected":false},"excerpt":{"rendered":"<p>HeatWorks mobila v\u00e4rmesystem \u00e4r resultatet av m\u00e5nga \u00e5rs tester och utveckling f\u00f6r anv\u00e4ndning i de mest kr\u00e4vande f\u00f6rh\u00e5llanden. Produkterna \u00e4r f\u00f6rem\u00e5l f\u00f6r str\u00e4nga krav p\u00e5 kvalitet, tillf\u00f6rlitlighet och prestanda i n\u00e4stan alla t\u00e4nkbara f\u00f6rh\u00e5llanden. Och v\u00e5rt fokus har alltid legat p\u00e5 design, milj\u00f6v\u00e4nlighet och m\u00e5ngsidighet. Denna kombination inneb\u00e4r ocks\u00e5 att v\u00e5ra maskiner \u00e4r mycket l\u00e4mpliga [&hellip;]<\/p>\n","protected":false},"author":1,"featured_media":0,"parent":17087,"menu_order":9,"comment_status":"closed","ping_status":"closed","template":"","meta":{"_acf_changed":false,"footnotes":"","_links_to":"","_links_to_target":""},"class_list":["post-22181","page","type-page","status-publish"],"acf":[],"_links":{"self":[{"href":"https:\/\/heatwork.com\/sv\/wp-json\/wp\/v2\/pages\/22181"}],"collection":[{"href":"https:\/\/heatwork.com\/sv\/wp-json\/wp\/v2\/pages"}],"about":[{"href":"https:\/\/heatwork.com\/sv\/wp-json\/wp\/v2\/types\/page"}],"author":[{"embeddable":true,"href":"https:\/\/heatwork.com\/sv\/wp-json\/wp\/v2\/users\/1"}],"replies":[{"embeddable":true,"href":"https:\/\/heatwork.com\/sv\/wp-json\/wp\/v2\/comments?post=22181"}],"version-history":[{"count":0,"href":"https:\/\/heatwork.com\/sv\/wp-json\/wp\/v2\/pages\/22181\/revisions"}],"up":[{"embeddable":true,"href":"https:\/\/heatwork.com\/sv\/wp-json\/wp\/v2\/pages\/17087"}],"wp:attachment":[{"href":"https:\/\/heatwork.com\/sv\/wp-json\/wp\/v2\/media?parent=22181"}],"curies":[{"name":"wp","href":"https:\/\/api.w.org\/{rel}","templated":true}]}}