{"id":22183,"date":"2013-09-24T16:30:58","date_gmt":"2013-09-24T14:30:58","guid":{"rendered":"https:\/\/heatwork.com\/sma-foretagjordbruksjalvbyggare\/vagentreprenorer\/"},"modified":"2018-01-29T15:23:19","modified_gmt":"2018-01-29T14:23:19","slug":"vagentreprenorer","status":"publish","type":"page","link":"https:\/\/heatwork.com\/sv\/anvandningsomraden\/smaforetag-jordbruk-sjalvbyggare\/vagentreprenorer\/","title":{"rendered":"V\u00e4gentrepren\u00f6rer"},"content":{"rendered":"<div class=\"o-carousel js-carousel\"><div class=\"o-carousel__main js-carousel-main vafbi\" data-id=\"vafbi\"><img loading=\"lazy\" decoding=\"async\" src=\"https:\/\/heatwork.com\/wp-content\/uploads\/2013\/09\/20140217_122303-940x529.jpg\" width=\"940\" height=\"529\" alt=\"\" \/>\n<img loading=\"lazy\" decoding=\"async\" src=\"https:\/\/heatwork.com\/wp-content\/uploads\/2013\/09\/20140217_122231-940x529.jpg\" width=\"940\" height=\"529\" alt=\"\" \/>\n<\/div><ul class=\"o-carousel__nav js-carousel-nav\"><li><img loading=\"lazy\" decoding=\"async\" src=\"https:\/\/heatwork.com\/wp-content\/uploads\/2013\/09\/20140217_122303-290x290.jpg\" width=\"290\" height=\"290\" alt=\"\" \/><\/li>\n<li><img loading=\"lazy\" decoding=\"async\" src=\"https:\/\/heatwork.com\/wp-content\/uploads\/2013\/09\/20140217_122231-290x290.jpg\" width=\"290\" height=\"290\" alt=\"\" \/><\/li>\n<\/ul><\/div>\n<div class=\"ingrid in-thirds\">\n<div class=\"unit span-two\">\n<p>HeatWorks system kan hantera till synes om\u00f6jliga behov f\u00f6r vinterdrift och ocks\u00e5 komplettera befintliga metoder. Med sin kompakta, l\u00e4ttanv\u00e4nda design, minskar de dramatiskt arbetskraft och maskinresurser som beh\u00f6vs. De f\u00f6rb\u00e4ttrar ocks\u00e5 avsev\u00e4rt s\u00e4kerheten f\u00f6r arbetare och trafikanter, och undviker de socioekonomiska kostnader som orsakas av infrastruktur som inte fungerar normalt.<\/p>\n<\/div>\n<div class=\"unit\">\n<ul>\n<li>Tina upp vattenkanaler<\/li>\n<li>Tina upp is i diken<\/li>\n<li>Tina upp\/frostskydda v\u00e4ggrus<\/li>\n<li>Tina upp frost\/is\/sn\u00f6<\/li>\n<li>Tina upp f\u00f6re komprimering<\/li>\n<li>Punkt-tina fundament\/manh\u00e5l\/skyltar<\/li>\n<li>Frostskydd f\u00f6r fyllmaterial<\/li>\n<li>V\u00e4rma upp byggnader\/garage<\/li>\n<li>V\u00e4rma upp verkst\u00e4der\/arbetst\u00e4lt<\/li>\n<\/ul>\n<\/div>\n<\/div>\n","protected":false},"excerpt":{"rendered":"<p>HeatWorks system kan hantera till synes om\u00f6jliga behov f\u00f6r vinterdrift och ocks\u00e5 komplettera befintliga metoder. Med sin kompakta, l\u00e4ttanv\u00e4nda design, minskar de dramatiskt arbetskraft och maskinresurser som beh\u00f6vs. De f\u00f6rb\u00e4ttrar ocks\u00e5 avsev\u00e4rt s\u00e4kerheten f\u00f6r arbetare och trafikanter, och undviker de socioekonomiska kostnader som orsakas av infrastruktur som inte fungerar normalt. Tina upp vattenkanaler Tina upp [&hellip;]<\/p>\n","protected":false},"author":1,"featured_media":0,"parent":17087,"menu_order":7,"comment_status":"closed","ping_status":"closed","template":"","meta":{"_acf_changed":false,"footnotes":"","_links_to":"","_links_to_target":""},"class_list":["post-22183","page","type-page","status-publish"],"acf":[],"_links":{"self":[{"href":"https:\/\/heatwork.com\/sv\/wp-json\/wp\/v2\/pages\/22183"}],"collection":[{"href":"https:\/\/heatwork.com\/sv\/wp-json\/wp\/v2\/pages"}],"about":[{"href":"https:\/\/heatwork.com\/sv\/wp-json\/wp\/v2\/types\/page"}],"author":[{"embeddable":true,"href":"https:\/\/heatwork.com\/sv\/wp-json\/wp\/v2\/users\/1"}],"replies":[{"embeddable":true,"href":"https:\/\/heatwork.com\/sv\/wp-json\/wp\/v2\/comments?post=22183"}],"version-history":[{"count":0,"href":"https:\/\/heatwork.com\/sv\/wp-json\/wp\/v2\/pages\/22183\/revisions"}],"up":[{"embeddable":true,"href":"https:\/\/heatwork.com\/sv\/wp-json\/wp\/v2\/pages\/17087"}],"wp:attachment":[{"href":"https:\/\/heatwork.com\/sv\/wp-json\/wp\/v2\/media?parent=22183"}],"curies":[{"name":"wp","href":"https:\/\/api.w.org\/{rel}","templated":true}]}}