{"id":22185,"date":"2013-09-24T16:30:46","date_gmt":"2013-09-24T14:30:46","guid":{"rendered":"https:\/\/heatwork.com\/sma-foretagjordbruksjalvbyggare\/byggindustri\/"},"modified":"2018-01-29T15:21:04","modified_gmt":"2018-01-29T14:21:04","slug":"byggindustri","status":"publish","type":"page","link":"https:\/\/heatwork.com\/sv\/anvandningsomraden\/smaforetag-jordbruk-sjalvbyggare\/byggindustri\/","title":{"rendered":"Maskinentrepren\u00f6r"},"content":{"rendered":"<div class=\"ingrid in-thirds\">\n<div class=\"unit span-two\">\n<p>Med HeatWork i din maskinpark, vet du att du kan h\u00e5lla dina deadlines, oavsett hur kall vintern blir. V\u00e5ra innovativa system f\u00f6r att tina upp frusen mark \u00e4r supereffektiva, och framtagna f\u00f6r att s\u00e4kerst\u00e4lla att de \u00e4r anv\u00e4ndar- och millj\u00f6v\u00e4nliga. D\u00e4rigenom f\u00f6rsvinner behovet av kontinuerlig \u00f6vervakning av upptiningsarbetet. Alla HeatWorks maskiner f\u00f6r upptining av mark har en temperaturskala p\u00e5 0-100\u00b0C, och feedback fr\u00e5n v\u00e5ra kunder s\u00e4ger oss att de uppn\u00e5dde en upptiningstakt dubbelt s\u00e5 h\u00f6g j\u00e4mf\u00f6rt med \u00e4ldre maskiner, d\u00e4r upptiningsslangarna bara uppn\u00e5dde 70-80\u00b0C.<br \/>\n<em><br \/>\nUndvik arbetsl\u00f6shet och f\u00e5 arbetet gjort p\u00e5 avtalad tid \u2013 v\u00e4lj HeatWork!<\/em><\/p>\n<\/div>\n<div class=\"unit\">\n<ul>\n<li>Tina upp frusen mark\/is\/sn\u00f6<\/li>\n<li>Tina upp f\u00f6re komprimering<\/li>\n<li>Punkt-tina fundament\/manh\u00e5l\/skyltar<\/li>\n<li>Frostskydd f\u00f6r fyllmaterial<\/li>\n<li>Frostskydd f\u00f6r byggmark<\/li>\n<li>V\u00e4rma upp byggnader\/garage<\/li>\n<li>V\u00e4rma upp t\u00e4lt\/hallar<\/li>\n<li>H\u00e4rda betong<\/li>\n<li>Str\u00f6mf\u00f6rs\u00f6rjning<\/li>\n<li>Maskinhyra<\/li>\n<\/ul>\n<\/div>\n<\/div>\n","protected":false},"excerpt":{"rendered":"<p>Med HeatWork i din maskinpark, vet du att du kan h\u00e5lla dina deadlines, oavsett hur kall vintern blir. V\u00e5ra innovativa system f\u00f6r att tina upp frusen mark \u00e4r supereffektiva, och framtagna f\u00f6r att s\u00e4kerst\u00e4lla att de \u00e4r anv\u00e4ndar- och millj\u00f6v\u00e4nliga. D\u00e4rigenom f\u00f6rsvinner behovet av kontinuerlig \u00f6vervakning av upptiningsarbetet. Alla HeatWorks maskiner f\u00f6r upptining av mark [&hellip;]<\/p>\n","protected":false},"author":1,"featured_media":0,"parent":17087,"menu_order":6,"comment_status":"closed","ping_status":"closed","template":"","meta":{"_acf_changed":false,"footnotes":"","_links_to":"","_links_to_target":""},"class_list":["post-22185","page","type-page","status-publish"],"acf":[],"_links":{"self":[{"href":"https:\/\/heatwork.com\/sv\/wp-json\/wp\/v2\/pages\/22185"}],"collection":[{"href":"https:\/\/heatwork.com\/sv\/wp-json\/wp\/v2\/pages"}],"about":[{"href":"https:\/\/heatwork.com\/sv\/wp-json\/wp\/v2\/types\/page"}],"author":[{"embeddable":true,"href":"https:\/\/heatwork.com\/sv\/wp-json\/wp\/v2\/users\/1"}],"replies":[{"embeddable":true,"href":"https:\/\/heatwork.com\/sv\/wp-json\/wp\/v2\/comments?post=22185"}],"version-history":[{"count":0,"href":"https:\/\/heatwork.com\/sv\/wp-json\/wp\/v2\/pages\/22185\/revisions"}],"up":[{"embeddable":true,"href":"https:\/\/heatwork.com\/sv\/wp-json\/wp\/v2\/pages\/17087"}],"wp:attachment":[{"href":"https:\/\/heatwork.com\/sv\/wp-json\/wp\/v2\/media?parent=22185"}],"curies":[{"name":"wp","href":"https:\/\/api.w.org\/{rel}","templated":true}]}}