{"id":22189,"date":"2013-09-24T16:30:34","date_gmt":"2013-09-24T14:30:34","guid":{"rendered":"https:\/\/heatwork.com\/sma-foretagjordbruksjalvbyggare\/byggentreprenorer\/"},"modified":"2018-01-25T09:27:07","modified_gmt":"2018-01-25T08:27:07","slug":"byggentreprenorer","status":"publish","type":"page","link":"https:\/\/heatwork.com\/sv\/anvandningsomraden\/smaforetag-jordbruk-sjalvbyggare\/byggentreprenorer\/","title":{"rendered":"Byggentrepren\u00f6rer"},"content":{"rendered":"<p>&nbsp;<\/p>\n<div class=\"ingrid in-thirds\">\n<div class=\"unit span-two\">\n<p>F\u00f6r v\u00e5ra kunder inom byggindustrin, har HeatWorks produkter blivit en av de viktigaste verktygen vid vinterarbete. Fler och fler byggentrepren\u00f6rer rapporterar tillbaka att det skulle varit om\u00f6jligt f\u00f6r dem att undvika stora f\u00f6rseningar i byggprojekt utan v\u00e5ra flexibla v\u00e4rmesystem. V\u00e5ra produkter anv\u00e4nds f\u00f6r att s\u00e4kerst\u00e4lla kvalitet, kontinuerlig utveckling och l\u00f6nsamhet genom hela processen, fr\u00e5n fundament- och betongarbete till uppv\u00e4rmning av sj\u00e4lva byggnaderna. Se \u00e4ven Betongsystem<\/p>\n<\/div>\n<div class=\"unit\">\n<ul>\n<li>Tina upp is och sn\u00f6<\/li>\n<li>Tina upp tak f\u00f6re takarbete<\/li>\n<li>Tina upp frusen mark f\u00f6re komprimering<\/li>\n<li>F\u00f6rv\u00e4rma innan betonggjutning p\u00e5 vintern<\/li>\n<li>F\u00f6rv\u00e4rma betong innan membranl\u00e4ggning<\/li>\n<li>H\u00e4rda betong<\/li>\n<li>Frostskydd av material<\/li>\n<li>V\u00e4rma upp byggnader\/garage<\/li>\n<li>V\u00e4rma upp verkst\u00e4der\/arbetst\u00e4lt<\/li>\n<li>Str\u00f6mf\u00f6rs\u00f6rjning<\/li>\n<li>Maskinhyra<\/li>\n<\/ul>\n<\/div>\n<\/div>\n","protected":false},"excerpt":{"rendered":"<p>&nbsp; F\u00f6r v\u00e5ra kunder inom byggindustrin, har HeatWorks produkter blivit en av de viktigaste verktygen vid vinterarbete. Fler och fler byggentrepren\u00f6rer rapporterar tillbaka att det skulle varit om\u00f6jligt f\u00f6r dem att undvika stora f\u00f6rseningar i byggprojekt utan v\u00e5ra flexibla v\u00e4rmesystem. V\u00e5ra produkter anv\u00e4nds f\u00f6r att s\u00e4kerst\u00e4lla kvalitet, kontinuerlig utveckling och l\u00f6nsamhet genom hela processen, fr\u00e5n [&hellip;]<\/p>\n","protected":false},"author":1,"featured_media":0,"parent":17087,"menu_order":5,"comment_status":"closed","ping_status":"closed","template":"","meta":{"_acf_changed":false,"footnotes":"","_links_to":"","_links_to_target":""},"class_list":["post-22189","page","type-page","status-publish"],"acf":[],"_links":{"self":[{"href":"https:\/\/heatwork.com\/sv\/wp-json\/wp\/v2\/pages\/22189"}],"collection":[{"href":"https:\/\/heatwork.com\/sv\/wp-json\/wp\/v2\/pages"}],"about":[{"href":"https:\/\/heatwork.com\/sv\/wp-json\/wp\/v2\/types\/page"}],"author":[{"embeddable":true,"href":"https:\/\/heatwork.com\/sv\/wp-json\/wp\/v2\/users\/1"}],"replies":[{"embeddable":true,"href":"https:\/\/heatwork.com\/sv\/wp-json\/wp\/v2\/comments?post=22189"}],"version-history":[{"count":0,"href":"https:\/\/heatwork.com\/sv\/wp-json\/wp\/v2\/pages\/22189\/revisions"}],"up":[{"embeddable":true,"href":"https:\/\/heatwork.com\/sv\/wp-json\/wp\/v2\/pages\/17087"}],"wp:attachment":[{"href":"https:\/\/heatwork.com\/sv\/wp-json\/wp\/v2\/media?parent=22189"}],"curies":[{"name":"wp","href":"https:\/\/api.w.org\/{rel}","templated":true}]}}