{"id":22190,"date":"2013-09-24T16:30:23","date_gmt":"2013-09-24T14:30:23","guid":{"rendered":"https:\/\/heatwork.com\/sma-foretagjordbruksjalvbyggare\/kyrkogardar\/"},"modified":"2018-01-29T15:19:23","modified_gmt":"2018-01-29T14:19:23","slug":"kyrkogardar","status":"publish","type":"page","link":"https:\/\/heatwork.com\/sv\/anvandningsomraden\/smaforetag-jordbruk-sjalvbyggare\/kyrkogardar\/","title":{"rendered":"Kyrkog\u00e5rdar"},"content":{"rendered":"<div class=\"o-carousel js-carousel\"><div class=\"o-carousel__main js-carousel-main mtrmn\" data-id=\"mtrmn\"><img loading=\"lazy\" decoding=\"async\" src=\"https:\/\/heatwork.com\/wp-content\/uploads\/2013\/09\/20130429_142015-940x705.jpg\" width=\"940\" height=\"705\" alt=\"\" \/>\n<img loading=\"lazy\" decoding=\"async\" src=\"https:\/\/heatwork.com\/wp-content\/uploads\/2013\/09\/20130429_143347-940x705.jpg\" width=\"940\" height=\"705\" alt=\"\" \/>\n<img loading=\"lazy\" decoding=\"async\" src=\"https:\/\/heatwork.com\/wp-content\/uploads\/2013\/09\/SAM_0439-940x705.jpg\" width=\"940\" height=\"705\" alt=\"\" \/>\n<img loading=\"lazy\" decoding=\"async\" src=\"https:\/\/heatwork.com\/wp-content\/uploads\/2013\/09\/SAM_0448-940x705.jpg\" width=\"940\" height=\"705\" alt=\"\" \/>\n<img loading=\"lazy\" decoding=\"async\" src=\"https:\/\/heatwork.com\/wp-content\/uploads\/2013\/09\/SAM_0456-940x705.jpg\" width=\"940\" height=\"705\" alt=\"\" \/>\n<\/div><ul class=\"o-carousel__nav js-carousel-nav\"><li><img loading=\"lazy\" decoding=\"async\" src=\"https:\/\/heatwork.com\/wp-content\/uploads\/2013\/09\/20130429_142015-290x290.jpg\" width=\"290\" height=\"290\" alt=\"\" \/><\/li>\n<li><img loading=\"lazy\" decoding=\"async\" src=\"https:\/\/heatwork.com\/wp-content\/uploads\/2013\/09\/20130429_143347-290x290.jpg\" width=\"290\" height=\"290\" alt=\"\" \/><\/li>\n<li><img loading=\"lazy\" decoding=\"async\" src=\"https:\/\/heatwork.com\/wp-content\/uploads\/2013\/09\/SAM_0439-290x290.jpg\" width=\"290\" height=\"290\" alt=\"\" \/><\/li>\n<li><img loading=\"lazy\" decoding=\"async\" src=\"https:\/\/heatwork.com\/wp-content\/uploads\/2013\/09\/SAM_0448-290x290.jpg\" width=\"290\" height=\"290\" alt=\"\" \/><\/li>\n<li><img loading=\"lazy\" decoding=\"async\" src=\"https:\/\/heatwork.com\/wp-content\/uploads\/2013\/09\/SAM_0456-290x290.jpg\" width=\"290\" height=\"290\" alt=\"\" \/><\/li>\n<\/ul><\/div>\n<div class=\"ingrid in-thirds\">\n<div class=\"unit span-two\">\n<p>HeatWorks kompakta design och h\u00f6ga prestanda g\u00f6r nu vinterarbete p\u00e5 kyrkog\u00e5rdar betydligt l\u00e4ttare. Maskinerna kan l\u00e4tt transporteras med hj\u00e4lp av sm\u00e5 fordon, och \u00e4r flexibla nog att anv\u00e4ndas n\u00e4stan \u00f6verallt. Upptiningstekniken i v\u00e5rt patenterade Isvaktsystem och v\u00e4tsketemperaturer p\u00e5 100\u00b0C inneb\u00e4r att de flesta upptiningsarbeten kan g\u00f6ras p\u00e5 mindre \u00e4n 24 timmar. HeatWorks produkter beh\u00f6ver inte anslutas till extern str\u00f6mf\u00f6rs\u00f6rjning eller br\u00e4nsletankar, och v\u00e5r prisbel\u00f6nta design \u00e4r bullerfri och diskret.<\/p>\n<\/div>\n<div class=\"unit\">\n<ul>\n<li>Punkt-tina p\u00e5 kyrkog\u00e5rdar<\/li>\n<li>Tina upp frusen mark\/is\/sn\u00f6<\/li>\n<li>Uppv\u00e4rmning av byggnader\/garage\/verkst\u00e4der<\/li>\n<li>Str\u00f6mf\u00f6rs\u00f6rjning<\/li>\n<\/ul>\n<\/div>\n<\/div>\n","protected":false},"excerpt":{"rendered":"<p>HeatWorks kompakta design och h\u00f6ga prestanda g\u00f6r nu vinterarbete p\u00e5 kyrkog\u00e5rdar betydligt l\u00e4ttare. Maskinerna kan l\u00e4tt transporteras med hj\u00e4lp av sm\u00e5 fordon, och \u00e4r flexibla nog att anv\u00e4ndas n\u00e4stan \u00f6verallt. Upptiningstekniken i v\u00e5rt patenterade Isvaktsystem och v\u00e4tsketemperaturer p\u00e5 100\u00b0C inneb\u00e4r att de flesta upptiningsarbeten kan g\u00f6ras p\u00e5 mindre \u00e4n 24 timmar. HeatWorks produkter beh\u00f6ver inte [&hellip;]<\/p>\n","protected":false},"author":1,"featured_media":0,"parent":17087,"menu_order":4,"comment_status":"closed","ping_status":"closed","template":"","meta":{"_acf_changed":false,"footnotes":"","_links_to":"","_links_to_target":""},"class_list":["post-22190","page","type-page","status-publish"],"acf":[],"_links":{"self":[{"href":"https:\/\/heatwork.com\/sv\/wp-json\/wp\/v2\/pages\/22190"}],"collection":[{"href":"https:\/\/heatwork.com\/sv\/wp-json\/wp\/v2\/pages"}],"about":[{"href":"https:\/\/heatwork.com\/sv\/wp-json\/wp\/v2\/types\/page"}],"author":[{"embeddable":true,"href":"https:\/\/heatwork.com\/sv\/wp-json\/wp\/v2\/users\/1"}],"replies":[{"embeddable":true,"href":"https:\/\/heatwork.com\/sv\/wp-json\/wp\/v2\/comments?post=22190"}],"version-history":[{"count":0,"href":"https:\/\/heatwork.com\/sv\/wp-json\/wp\/v2\/pages\/22190\/revisions"}],"up":[{"embeddable":true,"href":"https:\/\/heatwork.com\/sv\/wp-json\/wp\/v2\/pages\/17087"}],"wp:attachment":[{"href":"https:\/\/heatwork.com\/sv\/wp-json\/wp\/v2\/media?parent=22190"}],"curies":[{"name":"wp","href":"https:\/\/api.w.org\/{rel}","templated":true}]}}