{"id":22191,"date":"2013-09-24T16:30:13","date_gmt":"2013-09-24T14:30:13","guid":{"rendered":"https:\/\/heatwork.com\/sma-foretagjordbruksjalvbyggare\/samhallsteknik\/"},"modified":"2018-01-29T15:17:12","modified_gmt":"2018-01-29T14:17:12","slug":"samhallsteknik","status":"publish","type":"page","link":"https:\/\/heatwork.com\/sv\/anvandningsomraden\/smaforetag-jordbruk-sjalvbyggare\/samhallsteknik\/","title":{"rendered":"Samh\u00e4llsteknik"},"content":{"rendered":"<div class=\"ingrid in-thirds\">\n<div class=\"unit span-two\">HeatWorks flexibla uppv\u00e4rmningssystem hj\u00e4lper fler och fler kommuner att hantera tekniska utmaningar i Norge och utomlands. Detta beror p\u00e5 att kommuner blir mer intresserade av kostnadseffektiva och milj\u00f6v\u00e4nliga system som kan g\u00f6ra det m\u00f6jligt f\u00f6r dem att genomf\u00f6ra mer vinterarbete med hj\u00e4lp av sina egna resurser. HeatWork-maskiner kan \u00e4ven anv\u00e4ndas i kommunal katastrofplanering, d\u00e5 de kan anv\u00e4ndas f\u00f6r att v\u00e4rma upp byggnader eller tillhandah\u00e5lla varmvatten i st\u00f6rre eller mindre krissituationer.<\/div>\n<div class=\"unit\">\n<ul>\n<li>Vatten- och avloppssystem<\/li>\n<li>Tina upp frusen mark\/is\/sn\u00f6<\/li>\n<li>Tina upp is i diken<\/li>\n<li>Tina upp vid vattenl\u00e4ckage<\/li>\n<li>Punkt-tina skyltar\/manh\u00e5l\/fundament<\/li>\n<li>V\u00e4rma upp byggnader\/garage<\/li>\n<li>V\u00e4rma upp t\u00e4lt\/hallar<\/li>\n<li>Str\u00f6mf\u00f6rs\u00f6rjning<\/li>\n<\/ul>\n<\/div>\n<\/div>\n","protected":false},"excerpt":{"rendered":"<p>HeatWorks flexibla uppv\u00e4rmningssystem hj\u00e4lper fler och fler kommuner att hantera tekniska utmaningar i Norge och utomlands. Detta beror p\u00e5 att kommuner blir mer intresserade av kostnadseffektiva och milj\u00f6v\u00e4nliga system som kan g\u00f6ra det m\u00f6jligt f\u00f6r dem att genomf\u00f6ra mer vinterarbete med hj\u00e4lp av sina egna resurser. HeatWork-maskiner kan \u00e4ven anv\u00e4ndas i kommunal katastrofplanering, d\u00e5 de [&hellip;]<\/p>\n","protected":false},"author":1,"featured_media":0,"parent":17087,"menu_order":3,"comment_status":"closed","ping_status":"closed","template":"","meta":{"_acf_changed":false,"footnotes":"","_links_to":"","_links_to_target":""},"class_list":["post-22191","page","type-page","status-publish"],"acf":[],"_links":{"self":[{"href":"https:\/\/heatwork.com\/sv\/wp-json\/wp\/v2\/pages\/22191"}],"collection":[{"href":"https:\/\/heatwork.com\/sv\/wp-json\/wp\/v2\/pages"}],"about":[{"href":"https:\/\/heatwork.com\/sv\/wp-json\/wp\/v2\/types\/page"}],"author":[{"embeddable":true,"href":"https:\/\/heatwork.com\/sv\/wp-json\/wp\/v2\/users\/1"}],"replies":[{"embeddable":true,"href":"https:\/\/heatwork.com\/sv\/wp-json\/wp\/v2\/comments?post=22191"}],"version-history":[{"count":0,"href":"https:\/\/heatwork.com\/sv\/wp-json\/wp\/v2\/pages\/22191\/revisions"}],"up":[{"embeddable":true,"href":"https:\/\/heatwork.com\/sv\/wp-json\/wp\/v2\/pages\/17087"}],"wp:attachment":[{"href":"https:\/\/heatwork.com\/sv\/wp-json\/wp\/v2\/media?parent=22191"}],"curies":[{"name":"wp","href":"https:\/\/api.w.org\/{rel}","templated":true}]}}