{"id":22192,"date":"2013-09-24T16:30:00","date_gmt":"2013-09-24T14:30:00","guid":{"rendered":"https:\/\/heatwork.com\/sma-foretagjordbruksjalvbyggare\/tradgardsarkitekt\/"},"modified":"2018-01-29T15:14:56","modified_gmt":"2018-01-29T14:14:56","slug":"tradgardsarkitekt","status":"publish","type":"page","link":"https:\/\/heatwork.com\/sv\/anvandningsomraden\/smaforetag-jordbruk-sjalvbyggare\/tradgardsarkitekt\/","title":{"rendered":"Tr\u00e4dg\u00e5rdsarkitekt"},"content":{"rendered":"<p><div class=\"o-carousel js-carousel\"><div class=\"o-carousel__main js-carousel-main yqzgz\" data-id=\"yqzgz\"><img loading=\"lazy\" decoding=\"async\" src=\"https:\/\/heatwork.com\/wp-content\/uploads\/2013\/09\/DSC_0225-e1433157898467-940x625.jpg\" width=\"940\" height=\"625\" alt=\"\" \/>\n<img loading=\"lazy\" decoding=\"async\" src=\"https:\/\/heatwork.com\/wp-content\/uploads\/2013\/09\/DSC_0188-e1433157913796-940x625.jpg\" width=\"940\" height=\"625\" alt=\"\" \/>\n<img loading=\"lazy\" decoding=\"async\" src=\"https:\/\/heatwork.com\/wp-content\/uploads\/2013\/09\/DSC_0233-e1433157927105-940x625.jpg\" width=\"940\" height=\"625\" alt=\"\" \/>\n<img loading=\"lazy\" decoding=\"async\" src=\"https:\/\/heatwork.com\/wp-content\/uploads\/2013\/09\/DSC_0218-e1433158021546-940x625.jpg\" width=\"940\" height=\"625\" alt=\"\" \/>\n<img loading=\"lazy\" decoding=\"async\" src=\"https:\/\/heatwork.com\/wp-content\/uploads\/2013\/09\/DSC_02243-e1433158040557-940x625.jpg\" width=\"940\" height=\"625\" alt=\"\" \/>\n<img loading=\"lazy\" decoding=\"async\" src=\"https:\/\/heatwork.com\/wp-content\/uploads\/2013\/09\/Tining-4-e1433158256902-940x705.jpg\" width=\"940\" height=\"705\" alt=\"\" \/>\n<img loading=\"lazy\" decoding=\"async\" src=\"https:\/\/heatwork.com\/wp-content\/uploads\/2013\/09\/1Bilde.jpg\" width=\"600\" height=\"450\" alt=\"\" \/>\n<img loading=\"lazy\" decoding=\"async\" src=\"https:\/\/heatwork.com\/wp-content\/uploads\/2013\/09\/DSCN0785-e1433158104935-940x705.jpg\" width=\"940\" height=\"705\" alt=\"\" \/>\n<img loading=\"lazy\" decoding=\"async\" src=\"https:\/\/heatwork.com\/wp-content\/uploads\/2013\/09\/DSCN0781-940x705.jpg\" width=\"940\" height=\"705\" alt=\"\" \/>\n<img loading=\"lazy\" decoding=\"async\" src=\"https:\/\/heatwork.com\/wp-content\/uploads\/2013\/09\/graving-m_spade-i-tint-mark-34C652-e1433158085646-940x625.jpg\" width=\"940\" height=\"625\" alt=\"\" \/>\n<img loading=\"lazy\" decoding=\"async\" src=\"https:\/\/heatwork.com\/wp-content\/uploads\/2013\/09\/Tining-1-e1433158404711-940x705.jpg\" width=\"940\" height=\"705\" alt=\"\" \/>\n<img loading=\"lazy\" decoding=\"async\" src=\"https:\/\/heatwork.com\/wp-content\/uploads\/2013\/09\/Tining-2-e1433158421823-940x705.jpg\" width=\"940\" height=\"705\" alt=\"\" \/>\n<img loading=\"lazy\" decoding=\"async\" src=\"https:\/\/heatwork.com\/wp-content\/uploads\/2013\/09\/Tining-3-e1433158440445-940x705.jpg\" width=\"940\" height=\"705\" alt=\"\" \/>\n<img loading=\"lazy\" decoding=\"async\" src=\"https:\/\/heatwork.com\/wp-content\/uploads\/2013\/09\/DSCF1114-e1433158452618-940x705.jpg\" width=\"940\" height=\"705\" alt=\"\" \/>\n<\/div><ul class=\"o-carousel__nav js-carousel-nav\"><li><img loading=\"lazy\" decoding=\"async\" src=\"https:\/\/heatwork.com\/wp-content\/uploads\/2013\/09\/DSC_0225-e1433157898467-290x290.jpg\" width=\"290\" height=\"290\" alt=\"\" \/><\/li>\n<li><img loading=\"lazy\" decoding=\"async\" src=\"https:\/\/heatwork.com\/wp-content\/uploads\/2013\/09\/DSC_0188-e1433157913796-290x290.jpg\" width=\"290\" height=\"290\" alt=\"\" \/><\/li>\n<li><img loading=\"lazy\" decoding=\"async\" src=\"https:\/\/heatwork.com\/wp-content\/uploads\/2013\/09\/DSC_0233-e1433157927105-290x290.jpg\" width=\"290\" height=\"290\" alt=\"\" \/><\/li>\n<li><img loading=\"lazy\" decoding=\"async\" src=\"https:\/\/heatwork.com\/wp-content\/uploads\/2013\/09\/DSC_0218-e1433158021546-290x290.jpg\" width=\"290\" height=\"290\" alt=\"\" \/><\/li>\n<li><img loading=\"lazy\" decoding=\"async\" src=\"https:\/\/heatwork.com\/wp-content\/uploads\/2013\/09\/DSC_02243-e1433158040557-290x290.jpg\" width=\"290\" height=\"290\" alt=\"\" \/><\/li>\n<li><img loading=\"lazy\" decoding=\"async\" src=\"https:\/\/heatwork.com\/wp-content\/uploads\/2013\/09\/Tining-4-e1433158256902-290x290.jpg\" width=\"290\" height=\"290\" alt=\"\" \/><\/li>\n<li><img loading=\"lazy\" decoding=\"async\" src=\"https:\/\/heatwork.com\/wp-content\/uploads\/2013\/09\/1Bilde-290x290.jpg\" width=\"290\" height=\"290\" alt=\"\" \/><\/li>\n<li><img loading=\"lazy\" decoding=\"async\" src=\"https:\/\/heatwork.com\/wp-content\/uploads\/2013\/09\/DSCN0785-e1433158104935-290x290.jpg\" width=\"290\" height=\"290\" alt=\"\" \/><\/li>\n<li><img loading=\"lazy\" decoding=\"async\" src=\"https:\/\/heatwork.com\/wp-content\/uploads\/2013\/09\/DSCN0781-290x290.jpg\" width=\"290\" height=\"290\" alt=\"\" \/><\/li>\n<li><img loading=\"lazy\" decoding=\"async\" src=\"https:\/\/heatwork.com\/wp-content\/uploads\/2013\/09\/graving-m_spade-i-tint-mark-34C652-e1433158085646-290x290.jpg\" width=\"290\" height=\"290\" alt=\"\" \/><\/li>\n<li><img loading=\"lazy\" decoding=\"async\" src=\"https:\/\/heatwork.com\/wp-content\/uploads\/2013\/09\/Tining-1-e1433158404711-290x290.jpg\" width=\"290\" height=\"290\" alt=\"\" \/><\/li>\n<li><img loading=\"lazy\" decoding=\"async\" src=\"https:\/\/heatwork.com\/wp-content\/uploads\/2013\/09\/Tining-2-e1433158421823-290x290.jpg\" width=\"290\" height=\"290\" alt=\"\" \/><\/li>\n<li><img loading=\"lazy\" decoding=\"async\" src=\"https:\/\/heatwork.com\/wp-content\/uploads\/2013\/09\/Tining-3-e1433158440445-290x290.jpg\" width=\"290\" height=\"290\" alt=\"\" \/><\/li>\n<li><img loading=\"lazy\" decoding=\"async\" src=\"https:\/\/heatwork.com\/wp-content\/uploads\/2013\/09\/DSCF1114-e1433158452618-290x290.jpg\" width=\"290\" height=\"290\" alt=\"\" \/><\/li>\n<\/ul><\/div><br \/>\n<\/p>\n<div class=\"ingrid in-thirds\">\n<div class=\"unit span-two\">Nu \u00e4r effektiv tr\u00e4dg\u00e5rdsarkitektur m\u00f6jlig \u00e5ret runt. Oavsett om du beh\u00f6ver v\u00e4rma upp jord eller fyllmaterial, v\u00e4rma upp arbetst\u00e4lt eller garage, har HeatWorks mobila v\u00e4rmesystem den perfekta l\u00f6sningen f\u00f6r dig!<br \/>\n Undvik arbetsl\u00f6shet och f\u00e5 ett f\u00f6rspr\u00e5ng gentemot dina konkurrenter &#8211; v\u00e4lj HeatWork!<\/div>\n<div class=\"unit\">\n<ul>\n<li>Tina upp frusen mark\/is\/sn\u00f6<\/li>\n<li>Tina upp\/frostskydda fyllmaterial<\/li>\n<li>Frostskydda material\/f\u00f6rhindra ansamlingar av is och sn\u00f6<\/li>\n<li>Frostskydd f\u00f6r byggmark<\/li>\n<li>V\u00e4rma upp byggnader\/garage<\/li>\n<li><a href=\"https:\/\/heatwork.com\/sv\/tradgardsarkitekt\/\">V\u00e4rma upp verkst\u00e4der\/arbetst\u00e4lt<\/a><\/li>\n<li>F\u00f6rv\u00e4rmning vid betonggjutning vintertid<\/li>\n<li>Punkt-tina fundament\/skyltar\/manh\u00e5l<\/li>\n<li><a href=\"https:\/\/heatwork.com\/en\/areas-of-application\/concrete-systems\/building-contractor\/\">H\u00e4rda betong<\/a><\/li>\n<li>Str\u00f6mf\u00f6rs\u00f6rjning<\/li>\n<li>Uthyrning<\/li>\n<\/ul>\n<\/div>\n<\/div>\n","protected":false},"excerpt":{"rendered":"<p>Nu \u00e4r effektiv tr\u00e4dg\u00e5rdsarkitektur m\u00f6jlig \u00e5ret runt. Oavsett om du beh\u00f6ver v\u00e4rma upp jord eller fyllmaterial, v\u00e4rma upp arbetst\u00e4lt eller garage, har HeatWorks mobila v\u00e4rmesystem den perfekta l\u00f6sningen f\u00f6r dig! Undvik arbetsl\u00f6shet och f\u00e5 ett f\u00f6rspr\u00e5ng gentemot dina konkurrenter &#8211; v\u00e4lj HeatWork! Tina upp frusen mark\/is\/sn\u00f6 Tina upp\/frostskydda fyllmaterial Frostskydda material\/f\u00f6rhindra ansamlingar av is och [&hellip;]<\/p>\n","protected":false},"author":1,"featured_media":0,"parent":17087,"menu_order":2,"comment_status":"closed","ping_status":"closed","template":"","meta":{"_acf_changed":false,"footnotes":"","_links_to":"","_links_to_target":""},"class_list":["post-22192","page","type-page","status-publish"],"acf":[],"_links":{"self":[{"href":"https:\/\/heatwork.com\/sv\/wp-json\/wp\/v2\/pages\/22192"}],"collection":[{"href":"https:\/\/heatwork.com\/sv\/wp-json\/wp\/v2\/pages"}],"about":[{"href":"https:\/\/heatwork.com\/sv\/wp-json\/wp\/v2\/types\/page"}],"author":[{"embeddable":true,"href":"https:\/\/heatwork.com\/sv\/wp-json\/wp\/v2\/users\/1"}],"replies":[{"embeddable":true,"href":"https:\/\/heatwork.com\/sv\/wp-json\/wp\/v2\/comments?post=22192"}],"version-history":[{"count":0,"href":"https:\/\/heatwork.com\/sv\/wp-json\/wp\/v2\/pages\/22192\/revisions"}],"up":[{"embeddable":true,"href":"https:\/\/heatwork.com\/sv\/wp-json\/wp\/v2\/pages\/17087"}],"wp:attachment":[{"href":"https:\/\/heatwork.com\/sv\/wp-json\/wp\/v2\/media?parent=22192"}],"curies":[{"name":"wp","href":"https:\/\/api.w.org\/{rel}","templated":true}]}}