{"id":22195,"date":"2013-09-19T15:15:16","date_gmt":"2013-09-19T13:15:16","guid":{"rendered":"https:\/\/heatwork.com\/teknisk-information-3\/"},"modified":"2014-10-06T08:54:11","modified_gmt":"2014-10-06T06:54:11","slug":"teknisk-information","status":"publish","type":"page","link":"https:\/\/heatwork.com\/sv\/produkter\/aerotemper\/teknisk-information\/","title":{"rendered":"Teknisk information"},"content":{"rendered":"<p>HW Aerotemprar kan anslutas till alla HeatWork-maskiner och anv\u00e4ndas med 5\/8\u201d-slangar i 5, 10 eller 25 meters l\u00e4ngder f\u00f6r att v\u00e4rma upp byggnader under konstruktion eller renoveringsarbeten, hallar etc. En distributionscentral kan anv\u00e4ndas f\u00f6r att ansluta flera \u00a0Aerotemprar.<\/p>\n<h2>HWF42<\/h2>\n<p><strong>H\u00f6jd:<\/strong> 970\u00a0mm<br \/>\n<strong>L\u00e4ngd:<\/strong> 1005\u00a0mm<br \/>\n<strong>Bredd:<\/strong> 540\u00a0mm<br \/>\n<strong>Volym:<\/strong> fraktvolym 0.6 m3<br \/>\n<strong>Vikt:<\/strong> 41 kg<br \/>\n<strong>Material:<\/strong> st\u00e5lpl\u00e5t<br \/>\n<strong>Uteffekt:<\/strong> 33-80 kW<br \/>\n<strong>Luftfl\u00f6de:<\/strong> 3900 m3\/h<br \/>\n<strong>Montage:<\/strong> rammontage<br \/>\n<strong>Elektrisk anslutning:<\/strong> 10A (207 W)<\/p>\n<h2>HWF12<\/h2>\n<p><strong>H\u00f6jd:<\/strong> 710\u00a0mm<br \/>\n<strong>L\u00e4ngd:<\/strong> 620\u00a0mm<br \/>\n<strong>Bredd:<\/strong> 460\u00a0mm<br \/>\n<strong>Volym:<\/strong> Fraktvolym 0.2 m3<br \/>\n<strong>Vikt:<\/strong> 21 kg<br \/>\n<strong>Material:<\/strong> st\u00e5lpl\u00e5t<br \/>\n<strong>Uteffekt:<\/strong> 11-27 kW<br \/>\n<strong>Luftfl\u00f6de:<\/strong> 1100 m3\/h<br \/>\n<strong>Montage:<\/strong> rammonterad, kan v\u00e4gg-\/takmonteras<br \/>\n<strong>Elektrisk anslutning:<\/strong> 10A (92 W)<\/p>\n","protected":false},"excerpt":{"rendered":"<p>HW Aerotemprar kan anslutas till alla HeatWork-maskiner och anv\u00e4ndas med 5\/8\u201d-slangar i 5, 10 eller 25 meters l\u00e4ngder f\u00f6r att v\u00e4rma upp byggnader under konstruktion eller renoveringsarbeten, hallar etc. En distributionscentral kan anv\u00e4ndas f\u00f6r att ansluta flera \u00a0Aerotemprar. HWF42 H\u00f6jd: 970\u00a0mm L\u00e4ngd: 1005\u00a0mm Bredd: 540\u00a0mm Volym: fraktvolym 0.6 m3 Vikt: 41 kg Material: st\u00e5lpl\u00e5t Uteffekt: [&hellip;]<\/p>\n","protected":false},"author":1,"featured_media":0,"parent":22197,"menu_order":2,"comment_status":"closed","ping_status":"closed","template":"","meta":{"_acf_changed":false,"footnotes":"","_links_to":"","_links_to_target":""},"class_list":["post-22195","page","type-page","status-publish"],"acf":[],"_links":{"self":[{"href":"https:\/\/heatwork.com\/sv\/wp-json\/wp\/v2\/pages\/22195"}],"collection":[{"href":"https:\/\/heatwork.com\/sv\/wp-json\/wp\/v2\/pages"}],"about":[{"href":"https:\/\/heatwork.com\/sv\/wp-json\/wp\/v2\/types\/page"}],"author":[{"embeddable":true,"href":"https:\/\/heatwork.com\/sv\/wp-json\/wp\/v2\/users\/1"}],"replies":[{"embeddable":true,"href":"https:\/\/heatwork.com\/sv\/wp-json\/wp\/v2\/comments?post=22195"}],"version-history":[{"count":0,"href":"https:\/\/heatwork.com\/sv\/wp-json\/wp\/v2\/pages\/22195\/revisions"}],"up":[{"embeddable":true,"href":"https:\/\/heatwork.com\/sv\/wp-json\/wp\/v2\/pages\/22197"}],"wp:attachment":[{"href":"https:\/\/heatwork.com\/sv\/wp-json\/wp\/v2\/media?parent=22195"}],"curies":[{"name":"wp","href":"https:\/\/api.w.org\/{rel}","templated":true}]}}