{"id":29812,"date":"2015-05-06T09:05:03","date_gmt":"2015-05-06T07:05:03","guid":{"rendered":"https:\/\/heatwork.com\/?page_id=29812"},"modified":"2018-08-27T14:24:15","modified_gmt":"2018-08-27T12:24:15","slug":"lediga-jobb","status":"publish","type":"page","link":"https:\/\/heatwork.com\/sv\/lediga-jobb\/","title":{"rendered":"Lediga jobb"},"content":{"rendered":"<p><img loading=\"lazy\" decoding=\"async\" class=\"alignnone wp-image-10981 size-large\" title=\"ledige stillinger\" src=\"https:\/\/heatwork.com\/wp-content\/uploads\/2013\/10\/fabrikken-natt-940x279.jpg\" alt=\"ledige stillinger\" width=\"1024\" height=\"303\" srcset=\"https:\/\/heatwork.com\/wp-content\/uploads\/2013\/10\/fabrikken-natt-940x279.jpg 940w, https:\/\/heatwork.com\/wp-content\/uploads\/2013\/10\/fabrikken-natt-600x177.jpg 600w, https:\/\/heatwork.com\/wp-content\/uploads\/2013\/10\/fabrikken-natt-480x142.jpg 480w, https:\/\/heatwork.com\/wp-content\/uploads\/2013\/10\/fabrikken-natt-768x228.jpg 768w, https:\/\/heatwork.com\/wp-content\/uploads\/2013\/10\/fabrikken-natt-400x119.jpg 400w, https:\/\/heatwork.com\/wp-content\/uploads\/2013\/10\/fabrikken-natt-900x267.jpg 900w, https:\/\/heatwork.com\/wp-content\/uploads\/2013\/10\/fabrikken-natt-280x83.jpg 280w, https:\/\/heatwork.com\/wp-content\/uploads\/2013\/10\/fabrikken-natt-1024x303.jpg 1024w, https:\/\/heatwork.com\/wp-content\/uploads\/2013\/10\/fabrikken-natt.jpg 1180w\" sizes=\"(max-width: 1024px) 100vw, 1024px\" \/><\/p>\n<h2>Lediga jobb hos HeatWork<\/h2>\n<p>Tack f\u00f6r ditt intresse att arbeta med oss &#8211; vi har f\u00f6r n\u00e4rvarande inga lediga jobb.<\/p>\n","protected":false},"excerpt":{"rendered":"<p>Lediga jobb hos HeatWork Tack f\u00f6r ditt intresse att arbeta med oss &#8211; vi har f\u00f6r n\u00e4rvarande inga lediga jobb.<\/p>\n","protected":false},"author":8,"featured_media":38774,"parent":0,"menu_order":20,"comment_status":"closed","ping_status":"closed","template":"","meta":{"_acf_changed":false,"footnotes":"","_links_to":"","_links_to_target":""},"class_list":["post-29812","page","type-page","status-publish","has-post-thumbnail"],"acf":[],"_links":{"self":[{"href":"https:\/\/heatwork.com\/sv\/wp-json\/wp\/v2\/pages\/29812"}],"collection":[{"href":"https:\/\/heatwork.com\/sv\/wp-json\/wp\/v2\/pages"}],"about":[{"href":"https:\/\/heatwork.com\/sv\/wp-json\/wp\/v2\/types\/page"}],"author":[{"embeddable":true,"href":"https:\/\/heatwork.com\/sv\/wp-json\/wp\/v2\/users\/8"}],"replies":[{"embeddable":true,"href":"https:\/\/heatwork.com\/sv\/wp-json\/wp\/v2\/comments?post=29812"}],"version-history":[{"count":0,"href":"https:\/\/heatwork.com\/sv\/wp-json\/wp\/v2\/pages\/29812\/revisions"}],"wp:featuredmedia":[{"embeddable":true,"href":"https:\/\/heatwork.com\/sv\/wp-json\/wp\/v2\/media\/38774"}],"wp:attachment":[{"href":"https:\/\/heatwork.com\/sv\/wp-json\/wp\/v2\/media?parent=29812"}],"curies":[{"name":"wp","href":"https:\/\/api.w.org\/{rel}","templated":true}]}}