{"id":30578,"date":"2015-04-17T14:11:17","date_gmt":"2015-04-17T12:11:17","guid":{"rendered":"https:\/\/heatwork.com\/?page_id=30578"},"modified":"2015-06-08T14:07:09","modified_gmt":"2015-06-08T12:07:09","slug":"cliwi-luft-och-varme","status":"publish","type":"page","link":"https:\/\/heatwork.com\/sv\/anvandningsomraden\/cliwi-luft-och-varme\/","title":{"rendered":"CliWi &#8211; luft och v\u00e4rme"},"content":{"rendered":"<p>Sidan \u00e4r under utveckling och kommer att vara klar inom kort tid!<\/p>\n<p><a href=\"https:\/\/heatwork.com\/sv\/produkter\/cliwi\/\">G\u00e5 tillbaka till produkter h\u00e4r!<\/a><\/p>\n","protected":false},"excerpt":{"rendered":"<p>Sidan \u00e4r under utveckling och kommer att vara klar inom kort tid! G\u00e5 tillbaka till produkter h\u00e4r!<\/p>\n","protected":false},"author":8,"featured_media":0,"parent":17214,"menu_order":4,"comment_status":"closed","ping_status":"closed","template":"","meta":{"_acf_changed":false,"footnotes":"","_links_to":"","_links_to_target":""},"class_list":["post-30578","page","type-page","status-publish"],"acf":[],"_links":{"self":[{"href":"https:\/\/heatwork.com\/sv\/wp-json\/wp\/v2\/pages\/30578"}],"collection":[{"href":"https:\/\/heatwork.com\/sv\/wp-json\/wp\/v2\/pages"}],"about":[{"href":"https:\/\/heatwork.com\/sv\/wp-json\/wp\/v2\/types\/page"}],"author":[{"embeddable":true,"href":"https:\/\/heatwork.com\/sv\/wp-json\/wp\/v2\/users\/8"}],"replies":[{"embeddable":true,"href":"https:\/\/heatwork.com\/sv\/wp-json\/wp\/v2\/comments?post=30578"}],"version-history":[{"count":0,"href":"https:\/\/heatwork.com\/sv\/wp-json\/wp\/v2\/pages\/30578\/revisions"}],"up":[{"embeddable":true,"href":"https:\/\/heatwork.com\/sv\/wp-json\/wp\/v2\/pages\/17214"}],"wp:attachment":[{"href":"https:\/\/heatwork.com\/sv\/wp-json\/wp\/v2\/media?parent=30578"}],"curies":[{"name":"wp","href":"https:\/\/api.w.org\/{rel}","templated":true}]}}