{"id":30589,"date":"2015-05-21T11:36:23","date_gmt":"2015-05-21T09:36:23","guid":{"rendered":"https:\/\/heatwork.com\/?page_id=30589"},"modified":"2023-01-06T09:31:15","modified_gmt":"2023-01-06T08:31:15","slug":"cliwi-vatska-och-varme","status":"publish","type":"page","link":"https:\/\/heatwork.com\/sv\/produkter\/cliwi-vatska-och-varme\/","title":{"rendered":"CliWi &#8211; v\u00e4tska\/v\u00e4rme"},"content":{"rendered":"<div class=\"o-carousel js-carousel\"><div class=\"o-carousel__main js-carousel-main evccu\" data-id=\"evccu\"><img loading=\"lazy\" decoding=\"async\" src=\"https:\/\/heatwork.com\/wp-content\/uploads\/2015\/05\/IMG_5495-e1433146325527-940x627.jpg\" width=\"940\" height=\"627\" alt=\"\" \/>\n<img loading=\"lazy\" decoding=\"async\" src=\"https:\/\/heatwork.com\/wp-content\/uploads\/2015\/05\/IMG_54091-940x627.jpg\" width=\"940\" height=\"627\" alt=\"\" \/>\n<img loading=\"lazy\" decoding=\"async\" src=\"https:\/\/heatwork.com\/wp-content\/uploads\/2015\/05\/IMG_53211-e1433146565391-940x627.jpg\" width=\"940\" height=\"627\" alt=\"\" \/>\n<img loading=\"lazy\" decoding=\"async\" src=\"https:\/\/heatwork.com\/wp-content\/uploads\/2015\/05\/IMG_53341-e1433146578927-940x627.jpg\" width=\"940\" height=\"627\" alt=\"\" \/>\n<img loading=\"lazy\" decoding=\"async\" src=\"https:\/\/heatwork.com\/wp-content\/uploads\/2015\/05\/IMG_53451-e1433146591418-940x627.jpg\" width=\"940\" height=\"627\" alt=\"\" \/>\n<\/div><ul class=\"o-carousel__nav js-carousel-nav\"><li><img loading=\"lazy\" decoding=\"async\" src=\"https:\/\/heatwork.com\/wp-content\/uploads\/2015\/05\/IMG_5495-e1433146325527-290x290.jpg\" width=\"290\" height=\"290\" alt=\"\" \/><\/li>\n<li><img loading=\"lazy\" decoding=\"async\" src=\"https:\/\/heatwork.com\/wp-content\/uploads\/2015\/05\/IMG_54091-290x290.jpg\" width=\"290\" height=\"290\" alt=\"\" \/><\/li>\n<li><img loading=\"lazy\" decoding=\"async\" src=\"https:\/\/heatwork.com\/wp-content\/uploads\/2015\/05\/IMG_53211-e1433146565391-290x290.jpg\" width=\"290\" height=\"290\" alt=\"\" \/><\/li>\n<li><img loading=\"lazy\" decoding=\"async\" src=\"https:\/\/heatwork.com\/wp-content\/uploads\/2015\/05\/IMG_53341-e1433146578927-290x290.jpg\" width=\"290\" height=\"290\" alt=\"\" \/><\/li>\n<li><img loading=\"lazy\" decoding=\"async\" src=\"https:\/\/heatwork.com\/wp-content\/uploads\/2015\/05\/IMG_53451-e1433146591418-290x290.jpg\" width=\"290\" height=\"290\" alt=\"\" \/><\/li>\n<\/ul><\/div>\n<p>&nbsp;<\/p>\n<h2>CliWi v\u00e4tska och v\u00e4rme. H\u00f6g kapasitet, fleksibilitet och anv\u00e4ndarv\u00e4nlig<\/h2>\n<p><strong>.. g\u00f6r CliWi Exchanger 100 kW till ett f\u00f6rstahandsval f\u00f6r alla som beh\u00f6ver tillf\u00e4lligt varm vatten!!<\/strong><\/p>\n<p class=\"p1\">CliWi 100 kW v\u00e4xlaren \u00e4r enkel att betjena, samtidig som den \u00e4r plasseringsv\u00e4nnlig. Med fokus p\u00e5 mobilitet och <span class=\"s1\">ytelse<\/span> \u00e4r v\u00e4xlaren ett ypperligt redskap till manga omr\u00e5den.<\/p>\n<p class=\"p1\">Maskinen kopplas snabbt upp mot f.eks undercentraler eller v\u00e4rmev\u00e4xlare i byggnader, utan att slutbrukarn upplever avbrott eller f\u00f6rsening i leverans av tappevatten eller uppv\u00e4rming.<\/p>\n<p><img loading=\"lazy\" decoding=\"async\" class=\"aligncenter wp-image-50466 size-full\" title=\"cliwi v\u00e6ske\" src=\"https:\/\/heatwork.com\/wp-content\/uploads\/2022\/12\/Design-uten-navn-4.png\" alt=\"\" width=\"800\" height=\"300\" srcset=\"https:\/\/heatwork.com\/wp-content\/uploads\/2022\/12\/Design-uten-navn-4.png 800w, https:\/\/heatwork.com\/wp-content\/uploads\/2022\/12\/Design-uten-navn-4-480x180.png 480w, https:\/\/heatwork.com\/wp-content\/uploads\/2022\/12\/Design-uten-navn-4-768x288.png 768w, https:\/\/heatwork.com\/wp-content\/uploads\/2022\/12\/Design-uten-navn-4-600x225.png 600w\" sizes=\"(max-width: 800px) 100vw, 800px\" \/><\/p>\n<div class=\"ingrid in-halves\">\n<div class=\"unit\">\n<p><strong>Grundl\u00e4ggande funktioner CliWi 100 kW:<\/strong><\/p>\n<ul>\n<li>100 kW<\/li>\n<li>75 kg<\/li>\n<li>L:700 B:660 H:1150<\/li>\n<li>Sekund\u00e4rsiden \u00e4r bygget av rustfrie materialer<\/li>\n<li>100% sj\u00e4lvdr\u00e4nering, \u00e4ven pumphus<\/li>\n<li>Ekspansjonskar 18 liter<\/li>\n<li>Platev\u00e4xlar<\/li>\n<li>Instrument f\u00f6r tur och returstemperatur<\/li>\n<li>Visar systemtryck p\u00e5 sekund\u00e4rsidan<\/li>\n<li>Magna 1 Grundfos pump<\/li>\n<\/ul>\n<\/div>\n<div class=\"unit\">\n<p><strong>Exempel p\u00e5 anv\u00e4ndningar<\/strong><\/p>\n<ul>\n<li>Varmt vatten<\/li>\n<li>Tillf\u00e4llig anv\u00e4ndning av centralv\u00e4rme<\/li>\n<li>Tillf\u00e4llig anv\u00e4ndning av vattenburen golvv\u00e4rme<\/li>\n<li>Byggnader under uppf\u00f6rande<\/li>\n<li>Rehabilitering<\/li>\n<li>Desinfektion<\/li>\n<li>Beredskap<\/li>\n<li>Varmvatten f\u00f6r tillf\u00e4lliga duschar<\/li>\n<li>Varmvatten f\u00f6r applikationer inom processindustrin, fiskeri, jordbruk och industrier<\/li>\n<\/ul>\n<\/div>\n<\/div>\n","protected":false},"excerpt":{"rendered":"<p>&nbsp; CliWi v\u00e4tska och v\u00e4rme. H\u00f6g kapasitet, fleksibilitet och anv\u00e4ndarv\u00e4nlig .. g\u00f6r CliWi Exchanger 100 kW till ett f\u00f6rstahandsval f\u00f6r alla som beh\u00f6ver tillf\u00e4lligt varm vatten!! CliWi 100 kW v\u00e4xlaren \u00e4r enkel att betjena, samtidig som den \u00e4r plasseringsv\u00e4nnlig. Med fokus p\u00e5 mobilitet och ytelse \u00e4r v\u00e4xlaren ett ypperligt redskap till manga omr\u00e5den. Maskinen kopplas [&hellip;]<\/p>\n","protected":false},"author":8,"featured_media":42318,"parent":21810,"menu_order":17,"comment_status":"closed","ping_status":"closed","template":"","meta":{"_acf_changed":false,"footnotes":"","_links_to":"","_links_to_target":""},"class_list":["post-30589","page","type-page","status-publish","has-post-thumbnail"],"acf":[],"_links":{"self":[{"href":"https:\/\/heatwork.com\/sv\/wp-json\/wp\/v2\/pages\/30589"}],"collection":[{"href":"https:\/\/heatwork.com\/sv\/wp-json\/wp\/v2\/pages"}],"about":[{"href":"https:\/\/heatwork.com\/sv\/wp-json\/wp\/v2\/types\/page"}],"author":[{"embeddable":true,"href":"https:\/\/heatwork.com\/sv\/wp-json\/wp\/v2\/users\/8"}],"replies":[{"embeddable":true,"href":"https:\/\/heatwork.com\/sv\/wp-json\/wp\/v2\/comments?post=30589"}],"version-history":[{"count":1,"href":"https:\/\/heatwork.com\/sv\/wp-json\/wp\/v2\/pages\/30589\/revisions"}],"predecessor-version":[{"id":50807,"href":"https:\/\/heatwork.com\/sv\/wp-json\/wp\/v2\/pages\/30589\/revisions\/50807"}],"up":[{"embeddable":true,"href":"https:\/\/heatwork.com\/sv\/wp-json\/wp\/v2\/pages\/21810"}],"wp:featuredmedia":[{"embeddable":true,"href":"https:\/\/heatwork.com\/sv\/wp-json\/wp\/v2\/media\/42318"}],"wp:attachment":[{"href":"https:\/\/heatwork.com\/sv\/wp-json\/wp\/v2\/media?parent=30589"}],"curies":[{"name":"wp","href":"https:\/\/api.w.org\/{rel}","templated":true}]}}