{"id":33774,"date":"2015-10-21T12:50:16","date_gmt":"2015-10-21T10:50:16","guid":{"rendered":"https:\/\/heatwork.com\/sv\/produkter\/cliwi-led-belysning\/"},"modified":"2019-01-28T13:44:59","modified_gmt":"2019-01-28T12:44:59","slug":"cliwi-led-belysning","status":"publish","type":"page","link":"https:\/\/heatwork.com\/sv\/produkter\/cliwi-led-belysning\/","title":{"rendered":"CliWi &#8211; LED-ljus"},"content":{"rendered":"<p><img loading=\"lazy\" decoding=\"async\" class=\"alignnone wp-image-33069 size-large\" src=\"https:\/\/heatwork.com\/wp-content\/uploads\/2015\/10\/IMG_0027-1024x681.jpg\" alt=\"\" width=\"1024\" height=\"681\" srcset=\"https:\/\/heatwork.com\/wp-content\/uploads\/2015\/10\/IMG_0027-1024x681.jpg 1024w, https:\/\/heatwork.com\/wp-content\/uploads\/2015\/10\/IMG_0027-480x319.jpg 480w, https:\/\/heatwork.com\/wp-content\/uploads\/2015\/10\/IMG_0027-940x625.jpg 940w, https:\/\/heatwork.com\/wp-content\/uploads\/2015\/10\/IMG_0027-768x511.jpg 768w, https:\/\/heatwork.com\/wp-content\/uploads\/2015\/10\/IMG_0027-600x399.jpg 600w, https:\/\/heatwork.com\/wp-content\/uploads\/2015\/10\/IMG_0027-400x266.jpg 400w, https:\/\/heatwork.com\/wp-content\/uploads\/2015\/10\/IMG_0027-900x599.jpg 900w, https:\/\/heatwork.com\/wp-content\/uploads\/2015\/10\/IMG_0027-280x186.jpg 280w, https:\/\/heatwork.com\/wp-content\/uploads\/2015\/10\/IMG_0027-526x350.jpg 526w, https:\/\/heatwork.com\/wp-content\/uploads\/2015\/10\/IMG_0027.jpg 1200w\" sizes=\"(max-width: 1024px) 100vw, 1024px\" \/><\/p>\n<h2><span style=\"color: #ff0000;\">NYHET!<\/span><\/h2>\n<h2>CliWi LED-ljus \u00e4r robusta arbetslampor som ger en unik och kraftfull belysning<\/h2>\n<p>Robusta LED-str\u00e5lkastare och laddningsbara arbetslampor som t\u00e5l tuffa v\u00e4der- och arbetsplatsf\u00f6rh\u00e5llanden<br \/>\nCliWi LED-ljus \u00e4r en serie robusta LED-lampor som ger en unik och kraftfull belysning v\u00e4l l\u00e4mpad f\u00f6r arbetsplatser. Lamporna levereras i aluminiumh\u00f6lje med en konsol som \u00e4r lackerad och korrosionsbehandlad, f\u00f6r att klara tuffa v\u00e4derf\u00f6rh\u00e5llanden.<\/p>\n<p>LED inneb\u00e4r 80-90 % l\u00e4gre energif\u00f6rbrukning \u2022 LED avger ingen v\u00e4rme.<\/p>\n<div class=\"ingrid in-halves\">\n<div class=\"unit\">\n<p><img loading=\"lazy\" decoding=\"async\" class=\"alignnone wp-image-42412 size-medium\" src=\"https:\/\/heatwork.com\/wp-content\/uploads\/2019\/01\/cliwi-led-lyskaster-480x299.jpg\" alt=\"\" width=\"480\" height=\"299\" \/><\/p>\n<p><strong>CliWi LED str\u00e5lkastare<\/strong><\/p>\n<p>Skaffa dig en flexibel och rej\u00e4l LED-str\u00e5lkastare som ger bra och stark arbetsbelysning, oavsett om den st\u00e5r, h\u00e4nger eller \u00e4r v\u00e4ggmonterad. Str\u00e5lkastaren kan ocks\u00e5 f\u00e4stas p\u00e5 ett stativ eller en mast p\u00e5 en HeatWork-maskin.<\/p>\n<ul>\n<li>100 \u2022 150 \u2022 200 watt<\/li>\n<li>10000 \u2022 15000 \u2022 24000 lumen<\/li>\n<li>Kraftfull, men \u00e4nd\u00e5 energissn\u00e5l<\/li>\n<li>L\u00e5ng livsl\u00e4ngd (upp till 50 000 timmar)<\/li>\n<li>IP65<\/li>\n<\/ul>\n<p><strong>Levereras komplett med:<\/strong><br \/>\n3 och 5 meter kabel och kontakt f\u00f6r anslutning till 230V och med en konsol f\u00f6r v\u00e4ggmontering eller montering p\u00e5 stativ\/mast\n<\/div>\n<\/div>\n","protected":false},"excerpt":{"rendered":"<p>NYHET! CliWi LED-ljus \u00e4r robusta arbetslampor som ger en unik och kraftfull belysning Robusta LED-str\u00e5lkastare och laddningsbara arbetslampor som t\u00e5l tuffa v\u00e4der- och arbetsplatsf\u00f6rh\u00e5llanden CliWi LED-ljus \u00e4r en serie robusta LED-lampor som ger en unik och kraftfull belysning v\u00e4l l\u00e4mpad f\u00f6r arbetsplatser. Lamporna levereras i aluminiumh\u00f6lje med en konsol som \u00e4r lackerad och korrosionsbehandlad, f\u00f6r [&hellip;]<\/p>\n","protected":false},"author":8,"featured_media":32537,"parent":21810,"menu_order":19,"comment_status":"closed","ping_status":"closed","template":"","meta":{"_acf_changed":false,"footnotes":"","_links_to":"","_links_to_target":""},"class_list":["post-33774","page","type-page","status-publish","has-post-thumbnail"],"acf":[],"_links":{"self":[{"href":"https:\/\/heatwork.com\/sv\/wp-json\/wp\/v2\/pages\/33774"}],"collection":[{"href":"https:\/\/heatwork.com\/sv\/wp-json\/wp\/v2\/pages"}],"about":[{"href":"https:\/\/heatwork.com\/sv\/wp-json\/wp\/v2\/types\/page"}],"author":[{"embeddable":true,"href":"https:\/\/heatwork.com\/sv\/wp-json\/wp\/v2\/users\/8"}],"replies":[{"embeddable":true,"href":"https:\/\/heatwork.com\/sv\/wp-json\/wp\/v2\/comments?post=33774"}],"version-history":[{"count":0,"href":"https:\/\/heatwork.com\/sv\/wp-json\/wp\/v2\/pages\/33774\/revisions"}],"up":[{"embeddable":true,"href":"https:\/\/heatwork.com\/sv\/wp-json\/wp\/v2\/pages\/21810"}],"wp:featuredmedia":[{"embeddable":true,"href":"https:\/\/heatwork.com\/sv\/wp-json\/wp\/v2\/media\/32537"}],"wp:attachment":[{"href":"https:\/\/heatwork.com\/sv\/wp-json\/wp\/v2\/media?parent=33774"}],"curies":[{"name":"wp","href":"https:\/\/api.w.org\/{rel}","templated":true}]}}