{"id":34027,"date":"2015-10-21T11:06:58","date_gmt":"2015-10-21T09:06:58","guid":{"rendered":"https:\/\/heatwork.com\/sv\/produkter\/system-mot-vaeggloess\/"},"modified":"2022-02-04T11:55:02","modified_gmt":"2022-02-04T10:55:02","slug":"skadedjur","status":"publish","type":"page","link":"https:\/\/heatwork.com\/sv\/produkter\/skadedjur\/","title":{"rendered":"Pest Systems"},"content":{"rendered":"<div class=\"o-carousel js-carousel\"><div class=\"o-carousel__main js-carousel-main mvedg\" data-id=\"mvedg\"><img loading=\"lazy\" decoding=\"async\" src=\"https:\/\/heatwork.com\/wp-content\/uploads\/2017\/11\/HW-Xtreme_HH-940x608.jpg\" width=\"940\" height=\"608\" alt=\"\" \/>\n<img loading=\"lazy\" decoding=\"async\" src=\"https:\/\/heatwork.com\/wp-content\/uploads\/2017\/11\/HW-Xtreme-open-940x705.jpg\" width=\"940\" height=\"705\" alt=\"\" \/>\n<img loading=\"lazy\" decoding=\"async\" src=\"https:\/\/heatwork.com\/wp-content\/uploads\/2022\/02\/IMG_3086-copy-940x705.jpg\" width=\"940\" height=\"705\" alt=\"\" \/>\n<img loading=\"lazy\" decoding=\"async\" src=\"https:\/\/heatwork.com\/wp-content\/uploads\/2022\/02\/HW-103-CliWi-529x940.jpg\" width=\"529\" height=\"940\" alt=\"\" \/>\n<img loading=\"lazy\" decoding=\"async\" src=\"https:\/\/heatwork.com\/wp-content\/uploads\/2022\/02\/HeatWork_CliWi_pest-705x940.jpg\" width=\"705\" height=\"940\" alt=\"\" \/>\n<img loading=\"lazy\" decoding=\"async\" src=\"https:\/\/heatwork.com\/wp-content\/uploads\/2022\/02\/Rentokil-GmbH_HeatWork-3-705x940.jpg\" width=\"705\" height=\"940\" alt=\"\" \/>\n<img loading=\"lazy\" decoding=\"async\" src=\"https:\/\/heatwork.com\/wp-content\/uploads\/2015\/04\/CliWi-HC-og-HB_web.jpg\" width=\"850\" height=\"544\" alt=\"\" \/>\n<img loading=\"lazy\" decoding=\"async\" src=\"https:\/\/heatwork.com\/wp-content\/uploads\/2018\/01\/1-done-and-its-gone_01-1-940x445.jpg\" width=\"940\" height=\"445\" alt=\"\" \/>\n<img loading=\"lazy\" decoding=\"async\" src=\"https:\/\/heatwork.com\/wp-content\/uploads\/2018\/01\/Hydronic-heat-treatment-940x392.jpg\" width=\"940\" height=\"392\" alt=\"\" \/>\n<\/div><ul class=\"o-carousel__nav js-carousel-nav\"><li><img loading=\"lazy\" decoding=\"async\" src=\"https:\/\/heatwork.com\/wp-content\/uploads\/2017\/11\/HW-Xtreme_HH-290x290.jpg\" width=\"290\" height=\"290\" alt=\"\" \/><\/li>\n<li><img loading=\"lazy\" decoding=\"async\" src=\"https:\/\/heatwork.com\/wp-content\/uploads\/2017\/11\/HW-Xtreme-open-290x290.jpg\" width=\"290\" height=\"290\" alt=\"\" \/><\/li>\n<li><img loading=\"lazy\" decoding=\"async\" src=\"https:\/\/heatwork.com\/wp-content\/uploads\/2022\/02\/IMG_3086-copy-290x290.jpg\" width=\"290\" height=\"290\" alt=\"\" \/><\/li>\n<li><img loading=\"lazy\" decoding=\"async\" src=\"https:\/\/heatwork.com\/wp-content\/uploads\/2022\/02\/HW-103-CliWi-290x290.jpg\" width=\"290\" height=\"290\" alt=\"\" \/><\/li>\n<li><img loading=\"lazy\" decoding=\"async\" src=\"https:\/\/heatwork.com\/wp-content\/uploads\/2022\/02\/HeatWork_CliWi_pest-290x290.jpg\" width=\"290\" height=\"290\" alt=\"\" \/><\/li>\n<li><img loading=\"lazy\" decoding=\"async\" src=\"https:\/\/heatwork.com\/wp-content\/uploads\/2022\/02\/Rentokil-GmbH_HeatWork-3-290x290.jpg\" width=\"290\" height=\"290\" alt=\"\" \/><\/li>\n<li><img loading=\"lazy\" decoding=\"async\" src=\"https:\/\/heatwork.com\/wp-content\/uploads\/2015\/04\/CliWi-HC-og-HB_web-290x290.jpg\" width=\"290\" height=\"290\" alt=\"\" \/><\/li>\n<li><img loading=\"lazy\" decoding=\"async\" src=\"https:\/\/heatwork.com\/wp-content\/uploads\/2018\/01\/1-done-and-its-gone_01-1-290x290.jpg\" width=\"290\" height=\"290\" alt=\"\" \/><\/li>\n<li><img loading=\"lazy\" decoding=\"async\" src=\"https:\/\/heatwork.com\/wp-content\/uploads\/2018\/01\/Hydronic-heat-treatment-290x290.jpg\" width=\"290\" height=\"290\" alt=\"\" \/><\/li>\n<\/ul><\/div>\n<p>&nbsp;<\/p>\n<h2>SKADEDJUR\/V\u00c4GGL\u00d6SS NYHETER!<br \/>\nEn snabb och gr\u00f6n v\u00e4rmebehandling f\u00f6r skadedjursbek\u00e4mpning<\/h2>\n<p><img loading=\"lazy\" decoding=\"async\" class=\"alignright wp-image-48898 size-thumbnail\" title=\"veggedyr\" src=\"https:\/\/heatwork.com\/wp-content\/uploads\/2022\/02\/Design-uten-navn-16-290x290.png\" alt=\"\" width=\"290\" height=\"290\" \/><br \/>\nHeatWork och CliWi v\u00e4ggl\u00f6ssystem anv\u00e4nds redan av flera ledande f\u00f6retag f\u00f6r skadedjursbek\u00e4mpning i hela Europa f\u00f6r att bek\u00e4mpa skadedjur. Resultaten \u00e4r mycket tillfredsst\u00e4llande och systemet har kallats en innovativ l\u00f6sning och positiv utveckling n\u00e4r det g\u00e4ller ett allt allvarligare problem utan tidigare effektiva och bra l\u00f6sningar. HeatWorks starka fokus p\u00e5 att v\u00e4rna om h\u00e4lsa, milj\u00f6 och s\u00e4kerhet g\u00f6r systemet mycket eftertraktat p\u00e5 marknaden &#8211; utan anv\u00e4ndning av gift och kemikalier.<\/p>\n<p>HeatWork vann i 2017 det prestigefyllda Byggnadsindustri Innovation Award f\u00f6r produkten CliWi.<\/p>\n<h2>Effektiv och milj\u00f6v\u00e4nlig system &#8211; f\u00f6r att bek\u00e4mpa skadedjur\/veggl\u00f6ss\/bedbugs<\/h2>\n<p>HW Xtreme 103 HT \u00e4r en speciellt utvecklad maskin f\u00f6r v\u00e4rmebehandling. Maskinen \u00e4r utrustad med komponenter och l\u00f6sningar som uppfyller kraven f\u00f6r skadedjursindustrin.<\/p>\n<p><strong><a href=\"https:\/\/heatwork.com\/sv\/produkter\/hw-103-hh\/\">HW Xtreme 103 HT<\/a><\/strong> och <strong><a href=\"https:\/\/heatwork.com\/sv\/produkter\/hw-x2\/\">HW X2<\/a><\/strong> \u00e4r sj\u00e4lvg\u00e5ende och mobil maskiner p\u00e5 103 kW \/ 200kW, som levererar 100\u00b0C v\u00e4tskeburna v\u00e4rme med en verkningsgrad p\u00e5 94%. V\u00e5r milj\u00f6v\u00e4nlig teknik g\u00f6r det m\u00f6jligt att anv\u00e4nda bioenergi p\u00e5 v\u00e5ra maskiner.<\/p>\n<p>Tillsammans med nyheten CliWi, en unik v\u00e4tskeburen v\u00e4xlar teknik, \u00e4r detta ett innovativt system f\u00f6r uppv\u00e4rmning av byggv\u00e4rme, torkning, skadesanering och v\u00e4rmebehandling.<br \/>\nSystemet ger en effektiv lufttemperatur upp till 90\u00b0C, och \u00e4r ett effektivt och milj\u00f6v\u00e4nligt alternativ till anv\u00e4ndningen av gift, elektricitet och andra metoder.<\/p>\n<h4>Milj\u00f6n och ekonomin i fokus<\/h4>\n<ul>\n<li style=\"list-style-type: none;\">\n<ul>\n<li><strong><span style=\"color: #008000;\">V\u00e4tskeburen v\u00e4rme<\/span><\/strong> &#8211; 100% milj\u00f6v\u00e4nlig torkning och uppv\u00e4rmning. Justerbar utrotningstemperatur (50 till 60 grader Celsius).<\/li>\n<li><span style=\"color: #008000;\"><strong>Energieffektiv v\u00e4rmev\u00e4xling<\/strong><\/span> &#8211; H\u00f6g effektivitet och l\u00e5g energif\u00f6rbrukning minskar kostnaderna. Kort bearbetningstid.<\/li>\n<li><span style=\"color: #008000;\"><strong>Gr\u00f6n energi<\/strong><\/span> &#8211; Ren luft, s\u00e4ker arbetsmilj\u00f6 och giftfri. Ingen brandfara.<\/li>\n<li><strong><span style=\"color: #008000;\">L\u00e5g vikt och anv\u00e4ndarv\u00e4nlig design<\/span><\/strong> &#8211; CliWi \u00e4r liten, l\u00e4tt att anv\u00e4nda och med h\u00f6g prestanda.<\/li>\n<li><strong><span style=\"color: #008000;\">L\u00e5g ljudniv\u00e5<\/span><\/strong><\/li>\n<li><span style=\"color: #008000;\"><strong>V\u00e4rme har aldrig sett b\u00e4ttre ut<\/strong><\/span> &#8211; Modern design och f\u00e4rg beh\u00f6ver inte g\u00e5 p\u00e5 bekostnad av effekten.<\/li>\n<\/ul>\n<\/li>\n<\/ul>\n<hr \/>\n<h3>Referensprojekt:<\/h3>\n<p><strong>Amsterdam:<\/strong> V\u00e4rmebehandling v\u00e4ggl\u00f6ss(exempel, 7 hotellrum behandlas samtidigt p\u00e5 bara 6 timmar)<br \/>\n<img loading=\"lazy\" decoding=\"async\" class=\"alignnone wp-image-42759 size-large\" src=\"https:\/\/heatwork.com\/wp-content\/uploads\/2019\/02\/HeatWork-heat-treatment-Amsterdam-1-940x213.jpg\" alt=\"\" width=\"940\" height=\"213\" srcset=\"https:\/\/heatwork.com\/wp-content\/uploads\/2019\/02\/HeatWork-heat-treatment-Amsterdam-1-940x213.jpg 940w, https:\/\/heatwork.com\/wp-content\/uploads\/2019\/02\/HeatWork-heat-treatment-Amsterdam-1-600x136.jpg 600w, https:\/\/heatwork.com\/wp-content\/uploads\/2019\/02\/HeatWork-heat-treatment-Amsterdam-1-480x109.jpg 480w, https:\/\/heatwork.com\/wp-content\/uploads\/2019\/02\/HeatWork-heat-treatment-Amsterdam-1-768x174.jpg 768w, https:\/\/heatwork.com\/wp-content\/uploads\/2019\/02\/HeatWork-heat-treatment-Amsterdam-1.jpg 1262w\" sizes=\"(max-width: 940px) 100vw, 940px\" \/><br \/>\n<strong>Mauritius:<\/strong> V\u00e4rmebehandling av skadedjur p\u00e5 hotell och villor<br \/>\n<img loading=\"lazy\" decoding=\"async\" class=\"alignnone wp-image-42730 size-large\" src=\"https:\/\/heatwork.com\/wp-content\/uploads\/2019\/02\/HeatWork-heat-treatment-Mauritius-940x219.jpg\" alt=\"\" width=\"940\" height=\"219\" srcset=\"https:\/\/heatwork.com\/wp-content\/uploads\/2019\/02\/HeatWork-heat-treatment-Mauritius-940x219.jpg 940w, https:\/\/heatwork.com\/wp-content\/uploads\/2019\/02\/HeatWork-heat-treatment-Mauritius-600x140.jpg 600w, https:\/\/heatwork.com\/wp-content\/uploads\/2019\/02\/HeatWork-heat-treatment-Mauritius-480x112.jpg 480w, https:\/\/heatwork.com\/wp-content\/uploads\/2019\/02\/HeatWork-heat-treatment-Mauritius-768x179.jpg 768w, https:\/\/heatwork.com\/wp-content\/uploads\/2019\/02\/HeatWork-heat-treatment-Mauritius.jpg 1230w\" sizes=\"(max-width: 940px) 100vw, 940px\" \/><br \/>\n<strong>Tyskland:<\/strong> V\u00e4rmebehandling flour mill (The food industry)<br \/>\n<img loading=\"lazy\" decoding=\"async\" class=\"alignnone wp-image-42767 size-large\" src=\"https:\/\/heatwork.com\/wp-content\/uploads\/2019\/02\/HeatWork-heat-treatment-Germany-1-940x219.jpg\" alt=\"\" width=\"940\" height=\"219\" srcset=\"https:\/\/heatwork.com\/wp-content\/uploads\/2019\/02\/HeatWork-heat-treatment-Germany-1-940x219.jpg 940w, https:\/\/heatwork.com\/wp-content\/uploads\/2019\/02\/HeatWork-heat-treatment-Germany-1-600x140.jpg 600w, https:\/\/heatwork.com\/wp-content\/uploads\/2019\/02\/HeatWork-heat-treatment-Germany-1-480x112.jpg 480w, https:\/\/heatwork.com\/wp-content\/uploads\/2019\/02\/HeatWork-heat-treatment-Germany-1-768x179.jpg 768w, https:\/\/heatwork.com\/wp-content\/uploads\/2019\/02\/HeatWork-heat-treatment-Germany-1.jpg 1230w\" sizes=\"(max-width: 940px) 100vw, 940px\" \/><br \/>\n<strong>Frankrike:<\/strong> V\u00e4rmebehandling v\u00e4ggl\u00f6ss<br \/>\n<img loading=\"lazy\" decoding=\"async\" class=\"alignnone wp-image-42773 size-large\" src=\"https:\/\/heatwork.com\/wp-content\/uploads\/2019\/02\/HeatWork-heat-treatment-Paris-1-940x219.jpg\" alt=\"\" width=\"940\" height=\"219\" srcset=\"https:\/\/heatwork.com\/wp-content\/uploads\/2019\/02\/HeatWork-heat-treatment-Paris-1-940x219.jpg 940w, https:\/\/heatwork.com\/wp-content\/uploads\/2019\/02\/HeatWork-heat-treatment-Paris-1-600x140.jpg 600w, https:\/\/heatwork.com\/wp-content\/uploads\/2019\/02\/HeatWork-heat-treatment-Paris-1-480x112.jpg 480w, https:\/\/heatwork.com\/wp-content\/uploads\/2019\/02\/HeatWork-heat-treatment-Paris-1-768x179.jpg 768w, https:\/\/heatwork.com\/wp-content\/uploads\/2019\/02\/HeatWork-heat-treatment-Paris-1.jpg 1230w\" sizes=\"(max-width: 940px) 100vw, 940px\" \/><br \/>\nF\u00f6r mer information kontakta Jesper Ekstrand, tlf +46 70-31 498 88, <a href=\"mailto:jesper@heatwork.com\">jesper@heatwork.com<\/a><\/p>\n<hr \/>\n<p>&nbsp;<\/p>\n<div class=\"ingrid in-sixths\">\n<div class=\"unit\"><a href=\"https:\/\/heatwork.com\/sv\/miljoe\/\"><img loading=\"lazy\" decoding=\"async\" class=\"alignnone wp-image-35625 size-medium\" src=\"https:\/\/heatwork.com\/wp-content\/uploads\/2015\/10\/Ikon_alle_SE7-433x480.jpg\" width=\"252\" height=\"280\" srcset=\"https:\/\/heatwork.com\/wp-content\/uploads\/2015\/10\/Ikon_alle_SE7-433x480.jpg 433w, https:\/\/heatwork.com\/wp-content\/uploads\/2015\/10\/Ikon_alle_SE7-600x666.jpg 600w, https:\/\/heatwork.com\/wp-content\/uploads\/2015\/10\/Ikon_alle_SE7-847x940.jpg 847w, https:\/\/heatwork.com\/wp-content\/uploads\/2015\/10\/Ikon_alle_SE7-768x852.jpg 768w, https:\/\/heatwork.com\/wp-content\/uploads\/2015\/10\/Ikon_alle_SE7-360x400.jpg 360w, https:\/\/heatwork.com\/wp-content\/uploads\/2015\/10\/Ikon_alle_SE7-811x900.jpg 811w, https:\/\/heatwork.com\/wp-content\/uploads\/2015\/10\/Ikon_alle_SE7-252x280.jpg 252w, https:\/\/heatwork.com\/wp-content\/uploads\/2015\/10\/Ikon_alle_SE7-923x1024.jpg 923w, https:\/\/heatwork.com\/wp-content\/uploads\/2015\/10\/Ikon_alle_SE7-315x350.jpg 315w, https:\/\/heatwork.com\/wp-content\/uploads\/2015\/10\/Ikon_alle_SE7.jpg 1512w\" sizes=\"(max-width: 252px) 100vw, 252px\" \/><\/a><\/div>\n<div class=\"unit\"><a href=\"https:\/\/heatwork.com\/sv\/miljoe\/\"><img loading=\"lazy\" decoding=\"async\" class=\"alignnone wp-image-35631 size-medium\" src=\"https:\/\/heatwork.com\/wp-content\/uploads\/2015\/10\/Ikon_alle_SE2-433x480.jpg\" width=\"252\" height=\"280\" srcset=\"https:\/\/heatwork.com\/wp-content\/uploads\/2015\/10\/Ikon_alle_SE2-433x480.jpg 433w, https:\/\/heatwork.com\/wp-content\/uploads\/2015\/10\/Ikon_alle_SE2-600x666.jpg 600w, https:\/\/heatwork.com\/wp-content\/uploads\/2015\/10\/Ikon_alle_SE2-847x940.jpg 847w, https:\/\/heatwork.com\/wp-content\/uploads\/2015\/10\/Ikon_alle_SE2-768x852.jpg 768w, https:\/\/heatwork.com\/wp-content\/uploads\/2015\/10\/Ikon_alle_SE2-360x400.jpg 360w, https:\/\/heatwork.com\/wp-content\/uploads\/2015\/10\/Ikon_alle_SE2-811x900.jpg 811w, https:\/\/heatwork.com\/wp-content\/uploads\/2015\/10\/Ikon_alle_SE2-252x280.jpg 252w, https:\/\/heatwork.com\/wp-content\/uploads\/2015\/10\/Ikon_alle_SE2-923x1024.jpg 923w, https:\/\/heatwork.com\/wp-content\/uploads\/2015\/10\/Ikon_alle_SE2-315x350.jpg 315w, https:\/\/heatwork.com\/wp-content\/uploads\/2015\/10\/Ikon_alle_SE2.jpg 1512w\" sizes=\"(max-width: 252px) 100vw, 252px\" \/><\/a><\/div>\n<div class=\"unit\"><a href=\"https:\/\/heatwork.com\/sv\/miljoe\/\"><img loading=\"lazy\" decoding=\"async\" class=\"alignnone wp-image-35637 size-medium\" src=\"https:\/\/heatwork.com\/wp-content\/uploads\/2015\/10\/Ikon_alle_SE3-433x480.jpg\" width=\"252\" height=\"280\" srcset=\"https:\/\/heatwork.com\/wp-content\/uploads\/2015\/10\/Ikon_alle_SE3-433x480.jpg 433w, https:\/\/heatwork.com\/wp-content\/uploads\/2015\/10\/Ikon_alle_SE3-600x666.jpg 600w, https:\/\/heatwork.com\/wp-content\/uploads\/2015\/10\/Ikon_alle_SE3-847x940.jpg 847w, https:\/\/heatwork.com\/wp-content\/uploads\/2015\/10\/Ikon_alle_SE3-768x852.jpg 768w, https:\/\/heatwork.com\/wp-content\/uploads\/2015\/10\/Ikon_alle_SE3-360x400.jpg 360w, https:\/\/heatwork.com\/wp-content\/uploads\/2015\/10\/Ikon_alle_SE3-811x900.jpg 811w, https:\/\/heatwork.com\/wp-content\/uploads\/2015\/10\/Ikon_alle_SE3-252x280.jpg 252w, https:\/\/heatwork.com\/wp-content\/uploads\/2015\/10\/Ikon_alle_SE3-923x1024.jpg 923w, https:\/\/heatwork.com\/wp-content\/uploads\/2015\/10\/Ikon_alle_SE3-315x350.jpg 315w, https:\/\/heatwork.com\/wp-content\/uploads\/2015\/10\/Ikon_alle_SE3.jpg 1512w\" sizes=\"(max-width: 252px) 100vw, 252px\" \/><\/a><\/div>\n<div class=\"unit\"><a href=\"https:\/\/heatwork.com\/sv\/miljoe\/\"><img loading=\"lazy\" decoding=\"async\" class=\"alignnone wp-image-35643 size-medium\" src=\"https:\/\/heatwork.com\/wp-content\/uploads\/2015\/10\/Ikon_alle_SE4-433x480.jpg\" width=\"252\" height=\"280\" srcset=\"https:\/\/heatwork.com\/wp-content\/uploads\/2015\/10\/Ikon_alle_SE4-433x480.jpg 433w, https:\/\/heatwork.com\/wp-content\/uploads\/2015\/10\/Ikon_alle_SE4-600x666.jpg 600w, https:\/\/heatwork.com\/wp-content\/uploads\/2015\/10\/Ikon_alle_SE4-847x940.jpg 847w, https:\/\/heatwork.com\/wp-content\/uploads\/2015\/10\/Ikon_alle_SE4-768x852.jpg 768w, https:\/\/heatwork.com\/wp-content\/uploads\/2015\/10\/Ikon_alle_SE4-360x400.jpg 360w, https:\/\/heatwork.com\/wp-content\/uploads\/2015\/10\/Ikon_alle_SE4-811x900.jpg 811w, https:\/\/heatwork.com\/wp-content\/uploads\/2015\/10\/Ikon_alle_SE4-252x280.jpg 252w, https:\/\/heatwork.com\/wp-content\/uploads\/2015\/10\/Ikon_alle_SE4-923x1024.jpg 923w, https:\/\/heatwork.com\/wp-content\/uploads\/2015\/10\/Ikon_alle_SE4-315x350.jpg 315w, https:\/\/heatwork.com\/wp-content\/uploads\/2015\/10\/Ikon_alle_SE4.jpg 1512w\" sizes=\"(max-width: 252px) 100vw, 252px\" \/><\/a><\/div>\n<div class=\"unit\"><a href=\"https:\/\/heatwork.com\/sv\/miljoe\/\"><img loading=\"lazy\" decoding=\"async\" class=\"alignnone wp-image-35649 size-medium\" src=\"https:\/\/heatwork.com\/wp-content\/uploads\/2015\/10\/Ikon_alle_SE9-433x480.jpg\" width=\"252\" height=\"280\" srcset=\"https:\/\/heatwork.com\/wp-content\/uploads\/2015\/10\/Ikon_alle_SE9-433x480.jpg 433w, https:\/\/heatwork.com\/wp-content\/uploads\/2015\/10\/Ikon_alle_SE9-600x666.jpg 600w, https:\/\/heatwork.com\/wp-content\/uploads\/2015\/10\/Ikon_alle_SE9-847x940.jpg 847w, https:\/\/heatwork.com\/wp-content\/uploads\/2015\/10\/Ikon_alle_SE9-768x852.jpg 768w, https:\/\/heatwork.com\/wp-content\/uploads\/2015\/10\/Ikon_alle_SE9-360x400.jpg 360w, https:\/\/heatwork.com\/wp-content\/uploads\/2015\/10\/Ikon_alle_SE9-811x900.jpg 811w, https:\/\/heatwork.com\/wp-content\/uploads\/2015\/10\/Ikon_alle_SE9-252x280.jpg 252w, https:\/\/heatwork.com\/wp-content\/uploads\/2015\/10\/Ikon_alle_SE9-923x1024.jpg 923w, https:\/\/heatwork.com\/wp-content\/uploads\/2015\/10\/Ikon_alle_SE9-315x350.jpg 315w, https:\/\/heatwork.com\/wp-content\/uploads\/2015\/10\/Ikon_alle_SE9.jpg 1512w\" sizes=\"(max-width: 252px) 100vw, 252px\" \/><\/a><\/div>\n<div class=\"unit\"><a href=\"https:\/\/heatwork.com\/sv\/miljoe\/\"><img loading=\"lazy\" decoding=\"async\" class=\"alignnone wp-image-35655 size-medium\" src=\"https:\/\/heatwork.com\/wp-content\/uploads\/2015\/10\/Ikon_alle_SE11-433x480.jpg\" width=\"252\" height=\"280\" srcset=\"https:\/\/heatwork.com\/wp-content\/uploads\/2015\/10\/Ikon_alle_SE11-433x480.jpg 433w, https:\/\/heatwork.com\/wp-content\/uploads\/2015\/10\/Ikon_alle_SE11-600x666.jpg 600w, https:\/\/heatwork.com\/wp-content\/uploads\/2015\/10\/Ikon_alle_SE11-847x940.jpg 847w, https:\/\/heatwork.com\/wp-content\/uploads\/2015\/10\/Ikon_alle_SE11-768x852.jpg 768w, https:\/\/heatwork.com\/wp-content\/uploads\/2015\/10\/Ikon_alle_SE11-360x400.jpg 360w, https:\/\/heatwork.com\/wp-content\/uploads\/2015\/10\/Ikon_alle_SE11-811x900.jpg 811w, https:\/\/heatwork.com\/wp-content\/uploads\/2015\/10\/Ikon_alle_SE11-252x280.jpg 252w, https:\/\/heatwork.com\/wp-content\/uploads\/2015\/10\/Ikon_alle_SE11-923x1024.jpg 923w, https:\/\/heatwork.com\/wp-content\/uploads\/2015\/10\/Ikon_alle_SE11-315x350.jpg 315w, https:\/\/heatwork.com\/wp-content\/uploads\/2015\/10\/Ikon_alle_SE11.jpg 1512w\" sizes=\"(max-width: 252px) 100vw, 252px\" \/><\/a><\/div>\n<\/div>\n<hr \/>\n<div class=\"ingrid in-thirds\">\n<div class=\"unit\">\n<p><strong>Vi fr\u00e4mjar en gr\u00f6n arbetsmilj\u00f6<\/strong><\/p>\n<ul>\n<li>S\u00e4kert och trevligt inomhus-\/arbetsklimat<br \/>\n&#8211; Kraftigt minskad risk f\u00f6r h\u00e4lsoproblem<br \/>\n&#8211; Br\u00e4nner inget skadlig damm eller skadliga partiklar<br \/>\n&#8211; Avger inga utsl\u00e4pp, gift, luft eller fukt<br \/>\n&#8211; Ingen risk f\u00f6r brand eller explosion<\/li>\n<li>Slutna v\u00e4tskeburna v\u00e4xlarsystem<\/li>\n<li>Flexibelt och modulbaserat f\u00f6r olika uppgifter<\/li>\n<li>Max 100\u00b0C p\u00e5 komponenter och slangar<\/li>\n<li>Bioenergi-kompatibelt, f\u00f6r milj\u00f6n<\/li>\n<\/ul>\n<\/div>\n<div class=\"unit\">\n<p><strong>HeatWork s\u00e4kerst\u00e4ller stadig s\u00e4ker drift<\/strong><\/p>\n<ul>\n<li>Mobil, sj\u00e4lvg\u00e5ende och anv\u00e4ndarv\u00e4nlig<\/li>\n<li>Energi &#8211; eldningsolja eller 100 % bioenergi<\/li>\n<li>Tyst<\/li>\n<li>Enkel installation<\/li>\n<li>Snabb och effektiv temperatur\u00f6kning<\/li>\n<li>Unikt modulbaserat luft- och v\u00e4xlarsystem, flexibelt<\/li>\n<li>Kvalitetsprodukter med l\u00e5ng livsl\u00e4ngd och s\u00e4ker drift<\/li>\n<\/ul>\n<\/div>\n<div class=\"unit\">\n<p><strong>Dina ekonomiska f\u00f6rdelar<\/strong><\/p>\n<ul>\n<li>L\u00e5g energif\u00f6rbrukning<\/li>\n<li>Tidsbesparande och effektiva produkter<\/li>\n<li>Konceptets huvudsystem har en l\u00e5ng livsl\u00e4ngd<\/li>\n<li>Kan \u00f6vervakas och kontrolleras via GSM och\/eller GPS<\/li>\n<li>Ett termostatstyrt \u00f6vervakningssystem<\/li>\n<li>Energianv\u00e4ndning + funktionalitet + livsl\u00e4ngd = l\u00e5ga totalkostnader<\/li>\n<\/ul>\n<\/div>\n<\/div>\n<p><a href=\"https:\/\/heatwork.com\/sv\/produkter\/cliwi\/\" target=\"_blank\" rel=\"noopener noreferrer\">L\u00e4s mer om CliWi-system h\u00e4r!<\/a><\/p>\n<hr \/>\n<p><strong>Rentokil har tagit Heatworks revolutionerande v\u00e4rmel\u00f6sningar i bruk<br \/>\n<\/strong><\/p>\n<div class=\"ingrid in-thirds\">\n<div class=\"unit\">Rentokil som \u00e4r expert p\u00e5 skadedjursbek\u00e4mpning anv\u00e4nder Heatworks effektivt system f\u00f6r v\u00e4rmebehandling av bedbugs-angripna omr\u00e5den, s\u00e5som l\u00e4genheter, hotell ETC. V\u00e4rme d\u00f6dar v\u00e4ggl\u00f6ss fr\u00e5n \u00e4gg till f\u00e4rdig vuxen individ och \u00e4r en helt giftfri metod.<\/div>\n<div class=\"unit\">Metoden sticker ut eftersom det sparar milj\u00f6n p\u00e5 ett helt nytt s\u00e4tt, b\u00e5de on\u00f6diga utsl\u00e4pp fr\u00e5n generatorer och o\u00f6nskade \u00e4mnen som ing\u00e5r i insektsgiftige preparat. Dessutom, inte br\u00e4nna metod skadligt damm och partiklar.<\/div>\n<div class=\"unit\"><img loading=\"lazy\" decoding=\"async\" class=\"alignnone wp-image-34633 size-thumbnail\" src=\"https:\/\/heatwork.com\/wp-content\/uploads\/2015\/10\/Rentokil-I-e1457429060202-290x290.jpg\" alt=\"Rentokil I\" width=\"210\" height=\"170\" \/><\/div>\n<\/div>\n<p>V\u00e4nligen kontakta v\u00e5r partner:<br \/>\n<a href=\"http:\/\/www.rentokil.no\/teknisk-ekspertise\/heatwork\/\" target=\"_blank\" rel=\"noopener\"><img loading=\"lazy\" decoding=\"async\" class=\"alignnone wp-image-34609 size-full\" src=\"https:\/\/heatwork.com\/wp-content\/uploads\/2016\/03\/rentokil_liten.jpg\" alt=\"rentokil_liten\" width=\"142\" height=\"45\" \/><\/a><\/p>\n<hr \/>\n<h2>HeatWork inntar bedbugs territorium<\/h2>\n<p><iframe loading=\"lazy\" title=\"HeatWork inntar bedbugs territorium\" src=\"https:\/\/player.vimeo.com\/video\/146212852?dnt=1&amp;app_id=122963\" width=\"500\" height=\"375\" frameborder=\"0\" allow=\"autoplay; fullscreen; picture-in-picture; clipboard-write\"><\/iframe><\/p>\n","protected":false},"excerpt":{"rendered":"<p>&nbsp; SKADEDJUR\/V\u00c4GGL\u00d6SS NYHETER! En snabb och gr\u00f6n v\u00e4rmebehandling f\u00f6r skadedjursbek\u00e4mpning HeatWork och CliWi v\u00e4ggl\u00f6ssystem anv\u00e4nds redan av flera ledande f\u00f6retag f\u00f6r skadedjursbek\u00e4mpning i hela Europa f\u00f6r att bek\u00e4mpa skadedjur. Resultaten \u00e4r mycket tillfredsst\u00e4llande och systemet har kallats en innovativ l\u00f6sning och positiv utveckling n\u00e4r det g\u00e4ller ett allt allvarligare problem utan tidigare effektiva och bra [&hellip;]<\/p>\n","protected":false},"author":8,"featured_media":42741,"parent":21810,"menu_order":16,"comment_status":"open","ping_status":"open","template":"","meta":{"_acf_changed":false,"footnotes":"","_links_to":"","_links_to_target":""},"class_list":["post-34027","page","type-page","status-publish","has-post-thumbnail"],"acf":[],"_links":{"self":[{"href":"https:\/\/heatwork.com\/sv\/wp-json\/wp\/v2\/pages\/34027"}],"collection":[{"href":"https:\/\/heatwork.com\/sv\/wp-json\/wp\/v2\/pages"}],"about":[{"href":"https:\/\/heatwork.com\/sv\/wp-json\/wp\/v2\/types\/page"}],"author":[{"embeddable":true,"href":"https:\/\/heatwork.com\/sv\/wp-json\/wp\/v2\/users\/8"}],"replies":[{"embeddable":true,"href":"https:\/\/heatwork.com\/sv\/wp-json\/wp\/v2\/comments?post=34027"}],"version-history":[{"count":4,"href":"https:\/\/heatwork.com\/sv\/wp-json\/wp\/v2\/pages\/34027\/revisions"}],"predecessor-version":[{"id":48949,"href":"https:\/\/heatwork.com\/sv\/wp-json\/wp\/v2\/pages\/34027\/revisions\/48949"}],"up":[{"embeddable":true,"href":"https:\/\/heatwork.com\/sv\/wp-json\/wp\/v2\/pages\/21810"}],"wp:featuredmedia":[{"embeddable":true,"href":"https:\/\/heatwork.com\/sv\/wp-json\/wp\/v2\/media\/42741"}],"wp:attachment":[{"href":"https:\/\/heatwork.com\/sv\/wp-json\/wp\/v2\/media?parent=34027"}],"curies":[{"name":"wp","href":"https:\/\/api.w.org\/{rel}","templated":true}]}}