{"id":34527,"date":"2015-10-25T23:05:57","date_gmt":"2015-10-25T22:05:57","guid":{"rendered":"https:\/\/heatwork.com\/sv\/miljoe\/"},"modified":"2017-11-17T10:15:16","modified_gmt":"2017-11-17T09:15:16","slug":"miljoe","status":"publish","type":"page","link":"https:\/\/heatwork.com\/sv\/miljoe\/","title":{"rendered":"Milj\u00f6"},"content":{"rendered":"<div class=\"ingrid in-fourths\">\n<div class=\"unit\"><img loading=\"lazy\" decoding=\"async\" class=\"alignnone wp-image-36137 size-full\" title=\"milj\u00f6\" src=\"https:\/\/heatwork.com\/wp-content\/uploads\/2015\/10\/Ikon_alle_SE2-1.jpg\" alt=\"\" width=\"200\" height=\"222\" \/><\/div>\n<div class=\"unit\"><img loading=\"lazy\" decoding=\"async\" class=\"alignnone wp-image-36143 size-full\" title=\"milj\u00f6\" src=\"https:\/\/heatwork.com\/wp-content\/uploads\/2015\/10\/Ikon_alle_SE3-1.jpg\" alt=\"\" width=\"200\" height=\"222\" \/><\/div>\n<div class=\"unit\"><img loading=\"lazy\" decoding=\"async\" class=\"alignnone wp-image-36149 size-full\" title=\"milj\u00f6\" src=\"https:\/\/heatwork.com\/wp-content\/uploads\/2015\/10\/Ikon_alle_SE4-1.jpg\" alt=\"\" width=\"200\" height=\"222\" \/><\/div>\n<div class=\"unit\">\n<p><img loading=\"lazy\" decoding=\"async\" class=\"alignnone wp-image-36155 size-full\" title=\"milj\u00f6\" src=\"https:\/\/heatwork.com\/wp-content\/uploads\/2015\/10\/Ikon_alle_SE5.jpg\" alt=\"\" width=\"200\" height=\"222\" \/><\/p>\n<\/div>\n<\/div>\n<div class=\"ingrid in-fourths\">\n<div class=\"unit\"><img loading=\"lazy\" decoding=\"async\" class=\"alignnone wp-image-36161 size-full\" title=\"milj\u00f6\" src=\"https:\/\/heatwork.com\/wp-content\/uploads\/2015\/10\/Ikon_alle_SE11-1.jpg\" alt=\"\" width=\"200\" height=\"222\" \/><\/div>\n<div class=\"unit\"><img loading=\"lazy\" decoding=\"async\" class=\"alignnone wp-image-36167 size-full\" title=\"milj\u00f6\" src=\"https:\/\/heatwork.com\/wp-content\/uploads\/2015\/10\/Ikon_alle_SE.jpg\" alt=\"\" width=\"200\" height=\"222\" \/><\/div>\n<div class=\"unit\"><img loading=\"lazy\" decoding=\"async\" class=\"alignnone wp-image-36173 size-full\" title=\"milj\u00f6\" src=\"https:\/\/heatwork.com\/wp-content\/uploads\/2015\/10\/Ikon_alle_SE9-1.jpg\" alt=\"\" width=\"200\" height=\"222\" \/><\/div>\n<div class=\"unit\"><img loading=\"lazy\" decoding=\"async\" class=\"alignnone wp-image-36179 size-full\" title=\"milj\u00f6\" src=\"https:\/\/heatwork.com\/wp-content\/uploads\/2015\/10\/Ikon_alle_SE7-1.jpg\" alt=\"\" width=\"200\" height=\"222\" \/><\/div>\n<\/div>\n<h2>Milj\u00f6<\/h2>\n<div class=\"ingrid in-halves\">\n<div class=\"unit\"><b>Milj\u00f6vision<br \/>\n<\/b><em>HeatWork bidrar till en bra framtid f\u00f6r kommande generationer.<br \/>\n<\/em>D\u00e4rf\u00f6r har vi ett m\u00e5lorienterat fokus p\u00e5 h\u00e5llbara och konkurrenskraftiga l\u00f6sningar f\u00f6r v\u00e5ra kunder.<\/div>\n<div class=\"unit\"><strong>Vi f\u00f6r\u00e4ndras i samarbete med naturen<\/strong><br \/>\nHeatWork levererar marknadens mest milj\u00f6v\u00e4nliga alternativ med hj\u00e4lp av 100 % v\u00e4tskeburen v\u00e4rme.<\/div>\n<div class=\"unit\"><strong>Energieffektiv v\u00e4rme<\/strong><br \/>\nVi tillhandah\u00e5ller ett energieffektivt resultat. HeatWork tillhandah\u00e5ller en 94-procentig effektivitet med l\u00e5g energianv\u00e4ndning och h\u00f6g \u00e5tervinningseffekt.<\/div>\n<div class=\"unit\"><b>F\u00f6rnyelsebar energi<\/b><br \/>\nV\u00e5rt m\u00e5l \u00e4r att g\u00f6ra f\u00f6rnyelsebar energi till v\u00e5ra kunders f\u00f6rstaval.<\/div>\n<div class=\"unit\"><b>Skapar gr\u00f6na v\u00e4rden<\/b><br \/>\nV\u00e5r teknologi ger v\u00e5ra kunder den b\u00e4sta totalekonomin. F\u00f6rdelarna vi tillhandah\u00e5ller skapas genom effektiv drift, m\u00e5nga anv\u00e4ndningsomr\u00e5den och h\u00f6g kvalitet. Alla v\u00e5ra produkter har l\u00e5ng h\u00e5llbarhet och l\u00e4mnar minimal milj\u00f6p\u00e5verkan.<\/div>\n<div class=\"unit\"><b>En bra och trygg arbetsmilj\u00f6<br \/>\n<\/b>V\u00e5ra produkter ger \u00f6kad arbetskomfort och optimala l\u00f6sningar f\u00f6r h\u00e4lso- och milj\u00f6medvetna anv\u00e4ndare. HeatWorks produkter uppfyller str\u00e4nga krav p\u00e5 inomhusklimat och st\u00e5r f\u00f6r anv\u00e4ndarv\u00e4nliga innovationer.<\/div>\n<\/div>\n","protected":false},"excerpt":{"rendered":"<p>Milj\u00f6 Milj\u00f6vision HeatWork bidrar till en bra framtid f\u00f6r kommande generationer. D\u00e4rf\u00f6r har vi ett m\u00e5lorienterat fokus p\u00e5 h\u00e5llbara och konkurrenskraftiga l\u00f6sningar f\u00f6r v\u00e5ra kunder. Vi f\u00f6r\u00e4ndras i samarbete med naturen HeatWork levererar marknadens mest milj\u00f6v\u00e4nliga alternativ med hj\u00e4lp av 100 % v\u00e4tskeburen v\u00e4rme. Energieffektiv v\u00e4rme Vi tillhandah\u00e5ller ett energieffektivt resultat. HeatWork tillhandah\u00e5ller en 94-procentig [&hellip;]<\/p>\n","protected":false},"author":8,"featured_media":0,"parent":0,"menu_order":17,"comment_status":"closed","ping_status":"closed","template":"","meta":{"_acf_changed":false,"footnotes":"","_links_to":"","_links_to_target":""},"class_list":["post-34527","page","type-page","status-publish"],"acf":[],"_links":{"self":[{"href":"https:\/\/heatwork.com\/sv\/wp-json\/wp\/v2\/pages\/34527"}],"collection":[{"href":"https:\/\/heatwork.com\/sv\/wp-json\/wp\/v2\/pages"}],"about":[{"href":"https:\/\/heatwork.com\/sv\/wp-json\/wp\/v2\/types\/page"}],"author":[{"embeddable":true,"href":"https:\/\/heatwork.com\/sv\/wp-json\/wp\/v2\/users\/8"}],"replies":[{"embeddable":true,"href":"https:\/\/heatwork.com\/sv\/wp-json\/wp\/v2\/comments?post=34527"}],"version-history":[{"count":0,"href":"https:\/\/heatwork.com\/sv\/wp-json\/wp\/v2\/pages\/34527\/revisions"}],"wp:attachment":[{"href":"https:\/\/heatwork.com\/sv\/wp-json\/wp\/v2\/media?parent=34527"}],"curies":[{"name":"wp","href":"https:\/\/api.w.org\/{rel}","templated":true}]}}