{"id":37534,"date":"2016-09-13T13:53:53","date_gmt":"2016-09-13T11:53:53","guid":{"rendered":"https:\/\/heatwork.com\/sv\/produkter\/cliwi-avfuktare\/"},"modified":"2021-12-06T12:44:37","modified_gmt":"2021-12-06T11:44:37","slug":"cliwi-avfuktare","status":"publish","type":"page","link":"https:\/\/heatwork.com\/sv\/produkter\/cliwi-avfuktare\/","title":{"rendered":"CliWi &#8211; avfuktare"},"content":{"rendered":"<div class=\"o-carousel js-carousel\"><div class=\"o-carousel__main js-carousel-main olsbu\" data-id=\"olsbu\"><img loading=\"lazy\" decoding=\"async\" src=\"https:\/\/heatwork.com\/wp-content\/uploads\/2021\/08\/CliWi-DH85L-2-940x940.jpg\" width=\"940\" height=\"940\" alt=\"\" \/>\n<img loading=\"lazy\" decoding=\"async\" src=\"https:\/\/heatwork.com\/wp-content\/uploads\/2021\/08\/CliWi-DH85L-1-940x940.jpg\" width=\"940\" height=\"940\" alt=\"\" \/>\n<img loading=\"lazy\" decoding=\"async\" src=\"https:\/\/heatwork.com\/wp-content\/uploads\/2021\/08\/CliWi-DH85L-3-940x940.jpg\" width=\"940\" height=\"940\" alt=\"\" \/>\n<img loading=\"lazy\" decoding=\"async\" src=\"https:\/\/heatwork.com\/wp-content\/uploads\/2021\/08\/CliWi-DH85L-5-1-940x940.jpg\" width=\"940\" height=\"940\" alt=\"\" \/>\n<img loading=\"lazy\" decoding=\"async\" src=\"https:\/\/heatwork.com\/wp-content\/uploads\/2021\/08\/CliWi-DH85L-4-940x940.jpg\" width=\"940\" height=\"940\" alt=\"\" \/>\n<img loading=\"lazy\" decoding=\"async\" src=\"https:\/\/heatwork.com\/wp-content\/uploads\/2021\/08\/CliWi-DH85L-940x940.jpg\" width=\"940\" height=\"940\" alt=\"\" \/>\n<\/div><ul class=\"o-carousel__nav js-carousel-nav\"><li><img loading=\"lazy\" decoding=\"async\" src=\"https:\/\/heatwork.com\/wp-content\/uploads\/2021\/08\/CliWi-DH85L-2-290x290.jpg\" width=\"290\" height=\"290\" alt=\"\" \/><\/li>\n<li><img loading=\"lazy\" decoding=\"async\" src=\"https:\/\/heatwork.com\/wp-content\/uploads\/2021\/08\/CliWi-DH85L-1-290x290.jpg\" width=\"290\" height=\"290\" alt=\"\" \/><\/li>\n<li><img loading=\"lazy\" decoding=\"async\" src=\"https:\/\/heatwork.com\/wp-content\/uploads\/2021\/08\/CliWi-DH85L-3-290x290.jpg\" width=\"290\" height=\"290\" alt=\"\" \/><\/li>\n<li><img loading=\"lazy\" decoding=\"async\" src=\"https:\/\/heatwork.com\/wp-content\/uploads\/2021\/08\/CliWi-DH85L-5-1-290x290.jpg\" width=\"290\" height=\"290\" alt=\"\" \/><\/li>\n<li><img loading=\"lazy\" decoding=\"async\" src=\"https:\/\/heatwork.com\/wp-content\/uploads\/2021\/08\/CliWi-DH85L-4-290x290.jpg\" width=\"290\" height=\"290\" alt=\"\" \/><\/li>\n<li><img loading=\"lazy\" decoding=\"async\" src=\"https:\/\/heatwork.com\/wp-content\/uploads\/2021\/08\/CliWi-DH85L-290x290.jpg\" width=\"290\" height=\"290\" alt=\"\" \/><\/li>\n<\/ul><\/div>\n<p>&nbsp;<\/p>\n<h2>Nytt! Moderna avfuktare med digital drift och robust design<\/h2>\n<p>V\u00e5ra mobila avfuktare CLIWI DH85 h\u00e5ller koll p\u00e5 fukten och \u00e4r l\u00e4ttanv\u00e4nda. Perfekt\u00a0f\u00f6r byggbranschen, skadesanering, industri och torkning. De mobila CliWi-avfuktarna \u00e4r anv\u00e4ndarv\u00e4nliga med digital drift och robust design.<\/p>\n<p>Den digitala kontrollpanelen g\u00f6r det enkelt att kontrollera fukt och servicestatus. Tid och energif\u00f6rbrukning visas ocks\u00e5 p\u00e5 panelen.<\/p>\n<p>Avfuktaren \u00e4r utrustad med en pump och en snabbkoppling f\u00f6r enkel montering av avloppsslang (7,5 m) som finns ansluten ist\u00e4llet f\u00f6r en vattentank. Avfuktaren pumpar ut vattnet i avloppet, vilket g\u00f6r att man slipper t\u00f6mma vattentanken.<\/p>\n<p>CliWi DH85 har gummihjul och ett praktiskt handtag som g\u00f6r den lika l\u00e4tt att flytta fr\u00e5n rum till rum som upp och ner f\u00f6r trappor.<\/p>\n<p><strong>Anv\u00e4ndningsomr\u00e5den:<\/strong><\/p>\n<p>Skadesanering \u2022 Uthyrningsf\u00f6retag \u2022 Torkkonstruktion \u2022 K\u00e4llare \u2022 Torrlagring \u2022 Livsmedelsindustrin \u2022 Produktionsanl\u00e4ggningar \u2022 Industrianl\u00e4ggningar \u2022 Arkivrum \u2022 Slott \u2022 Museer och kyrkor \u2022 Fritidsb\u00e5tar<\/p>\n<div class=\"ingrid in-halves\">\n<div class=\"unit\">\n<p><strong>Egenskaper hos CLIWI avfuktare DH85 L:<\/strong><\/p>\n<ul>\n<li>H\u00f6g prestanda<\/li>\n<li>L\u00e5g energif\u00f6rbrukning<\/li>\n<li>Flera enheter kan staplas och transporteras samtidigt<\/li>\n<li>Liten och l\u00e4tt, med robust design<\/li>\n<li>H\u00f6g kapacitet<\/li>\n<li>Elektronisk display<\/li>\n<li>L\u00e4tt att reng\u00f6ra och underh\u00e5lla<\/li>\n<\/ul>\n<p><strong>Teknisk information f\u00f6r CLIWI avfuktare LX 63 L:<\/strong><\/p>\n<ul>\n<li>Effekt: 230V, 50Hz, 750 W<\/li>\n<li>Styrka: 4,0 A<\/li>\n<li>Luftfl\u00f6de: 500 kubikmeter\/timme<\/li>\n<li>Vikt: 40,5 kg<\/li>\n<li>Storlek: 50 x 55 x 89 cm<\/li>\n<li>Prestanda: 50L v. 27\u00b0C\/60% RF<\/li>\n<li>Drifttemperatur: 5-38\u00b0C<\/li>\n<\/ul>\n<\/div>\n<div class=\"unit\"><\/div>\n<\/div>\n","protected":false},"excerpt":{"rendered":"<p>&nbsp; Nytt! Moderna avfuktare med digital drift och robust design V\u00e5ra mobila avfuktare CLIWI DH85 h\u00e5ller koll p\u00e5 fukten och \u00e4r l\u00e4ttanv\u00e4nda. Perfekt\u00a0f\u00f6r byggbranschen, skadesanering, industri och torkning. De mobila CliWi-avfuktarna \u00e4r anv\u00e4ndarv\u00e4nliga med digital drift och robust design. Den digitala kontrollpanelen g\u00f6r det enkelt att kontrollera fukt och servicestatus. Tid och energif\u00f6rbrukning visas ocks\u00e5 [&hellip;]<\/p>\n","protected":false},"author":8,"featured_media":46801,"parent":21810,"menu_order":14,"comment_status":"closed","ping_status":"closed","template":"","meta":{"_acf_changed":false,"footnotes":"","_links_to":"","_links_to_target":""},"class_list":["post-37534","page","type-page","status-publish","has-post-thumbnail"],"acf":[],"_links":{"self":[{"href":"https:\/\/heatwork.com\/sv\/wp-json\/wp\/v2\/pages\/37534"}],"collection":[{"href":"https:\/\/heatwork.com\/sv\/wp-json\/wp\/v2\/pages"}],"about":[{"href":"https:\/\/heatwork.com\/sv\/wp-json\/wp\/v2\/types\/page"}],"author":[{"embeddable":true,"href":"https:\/\/heatwork.com\/sv\/wp-json\/wp\/v2\/users\/8"}],"replies":[{"embeddable":true,"href":"https:\/\/heatwork.com\/sv\/wp-json\/wp\/v2\/comments?post=37534"}],"version-history":[{"count":3,"href":"https:\/\/heatwork.com\/sv\/wp-json\/wp\/v2\/pages\/37534\/revisions"}],"predecessor-version":[{"id":48399,"href":"https:\/\/heatwork.com\/sv\/wp-json\/wp\/v2\/pages\/37534\/revisions\/48399"}],"up":[{"embeddable":true,"href":"https:\/\/heatwork.com\/sv\/wp-json\/wp\/v2\/pages\/21810"}],"wp:featuredmedia":[{"embeddable":true,"href":"https:\/\/heatwork.com\/sv\/wp-json\/wp\/v2\/media\/46801"}],"wp:attachment":[{"href":"https:\/\/heatwork.com\/sv\/wp-json\/wp\/v2\/media?parent=37534"}],"curies":[{"name":"wp","href":"https:\/\/api.w.org\/{rel}","templated":true}]}}