{"id":37664,"date":"2015-07-09T15:15:00","date_gmt":"2015-07-09T13:15:00","guid":{"rendered":"https:\/\/heatwork.com\/sv\/?page_id=37664"},"modified":"2016-12-06T13:33:23","modified_gmt":"2016-12-06T12:33:23","slug":"referensprojekt","status":"publish","type":"page","link":"https:\/\/heatwork.com\/sv\/produkter\/cliwi-vatska-och-varme\/referenser\/referensprojekt\/","title":{"rendered":"Referensprojekt"},"content":{"rendered":"<h2><strong>Gulvvarmeanlegg<\/strong><\/h2>\n<p><strong>Utt\u00f8rking av betongen f\u00f8r legging av gulvbelegg. Prosjekt Omsorgsbolig, Nilsen og Haukland AS<\/strong><\/p>\n<div class=\"o-carousel js-carousel\"><div class=\"o-carousel__main js-carousel-main zhbbq\" data-id=\"zhbbq\"><img loading=\"lazy\" decoding=\"async\" src=\"https:\/\/heatwork.com\/wp-content\/uploads\/2013\/12\/Oversikt-ute-940x501.jpg\" width=\"940\" height=\"501\" alt=\"\" \/>\n<img loading=\"lazy\" decoding=\"async\" src=\"https:\/\/heatwork.com\/wp-content\/uploads\/2013\/12\/Bygning-gang-1.jpg\" width=\"600\" height=\"800\" alt=\"\" \/>\n<img loading=\"lazy\" decoding=\"async\" src=\"https:\/\/heatwork.com\/wp-content\/uploads\/2013\/12\/CliWi-1-705x940.jpg\" width=\"705\" height=\"940\" alt=\"\" \/>\n<img loading=\"lazy\" decoding=\"async\" src=\"https:\/\/heatwork.com\/wp-content\/uploads\/2013\/12\/Kobling-vannr\u00f8r.jpg\" width=\"800\" height=\"600\" alt=\"\" \/>\n<\/div><ul class=\"o-carousel__nav js-carousel-nav\"><li><img loading=\"lazy\" decoding=\"async\" src=\"https:\/\/heatwork.com\/wp-content\/uploads\/2013\/12\/Oversikt-ute-290x290.jpg\" width=\"290\" height=\"290\" alt=\"\" \/><\/li>\n<li><img loading=\"lazy\" decoding=\"async\" src=\"https:\/\/heatwork.com\/wp-content\/uploads\/2013\/12\/Bygning-gang-1-290x290.jpg\" width=\"290\" height=\"290\" alt=\"\" \/><\/li>\n<li><img loading=\"lazy\" decoding=\"async\" src=\"https:\/\/heatwork.com\/wp-content\/uploads\/2013\/12\/CliWi-1-290x290.jpg\" width=\"290\" height=\"290\" alt=\"\" \/><\/li>\n<li><img loading=\"lazy\" decoding=\"async\" src=\"https:\/\/heatwork.com\/wp-content\/uploads\/2013\/12\/Kobling-vannr\u00f8r-290x290.jpg\" width=\"290\" height=\"290\" alt=\"\" \/><\/li>\n<\/ul><\/div>\n<p>&nbsp;<\/p>\n<ul>\n<li>T\u00f8rke ut betongen f\u00f8r legging av gulvbelegg<\/li>\n<li>CliWi 100 kW i drift p\u00e5 1000 m2 gulvvarmeanlegg<\/li>\n<li>4 mnd siden gulvet var st\u00f8pt, men fortsatt er det over 85% fuktighet i betongen<\/li>\n<\/ul>\n<hr \/>\n<h2><strong>Beredskapsarbeid<\/strong><\/h2>\n<p><strong>&#8220;Nyheten fra HeatWork hjelper oss i v\u00e5rt beredskapsarbeid&#8221;<\/strong> sier J\u00f8rn Hanssen, teknisk sjef ved Mo Fjernvarme AS<\/p>\n<p>&#8211; I forbindelse med gravearbeid p\u00e5 Fylkesvei 12 m\u00e5tte vi kutte fjernvarmetilf\u00f8rselen til v\u00e5r kunde, Vika\u00e5sen Terrasse, ei boligblokk med 42 leiligheter.<br \/>\nVi rigget raskt og enkelt opp v\u00e5r nyinnkj\u00f8pte <strong><a href=\"https:\/\/heatwork.com\/sv\/produkter\/cliwi-vatska-och-varme\/\" target=\"_blank\">CliWi 100 kW<\/a><\/strong> med en innleid HW Frostheater 3600. P\u00e5 den m\u00e5ten sikret vi leveransen av fjernvarme til beboerne.<br \/>\nV\u00e5r leveranse ligger vanligvis p\u00e5 85 grader, og vi kunne med denne back-up l\u00f8sningen levere i henhold til kravet.<\/p>\n<p>&#8211; Dette var en full skala \u00f8velse, og vi er forn\u00f8yde b\u00e5de med fleksibilitet, brukervennlighet og minimalt med tidsforbruk p\u00e5 rigging.<br \/>\nSist, men ikke minst merket ikke v\u00e5re kunder noe til utkoblingen, og det er til syvende og sist kundene vi lever av sier en tilfreds Terje Sund-Olsen, daglig leder i Mo Fjernvarme AS.<\/p>\n<p><div class=\"o-carousel js-carousel\"><div class=\"o-carousel__main js-carousel-main ewkdu\" data-id=\"ewkdu\"><img loading=\"lazy\" decoding=\"async\" src=\"https:\/\/heatwork.com\/wp-content\/uploads\/2015\/06\/Overlevering_lav2-858x940.jpg\" width=\"858\" height=\"940\" alt=\"\" \/>\n<img loading=\"lazy\" decoding=\"async\" src=\"https:\/\/heatwork.com\/wp-content\/uploads\/2015\/06\/Mo-627x940.jpg\" width=\"627\" height=\"940\" alt=\"\" \/>\n<img loading=\"lazy\" decoding=\"async\" src=\"https:\/\/heatwork.com\/wp-content\/uploads\/2015\/06\/IMG_8354-940x627.jpg\" width=\"940\" height=\"627\" alt=\"\" \/>\n<img loading=\"lazy\" decoding=\"async\" src=\"https:\/\/heatwork.com\/wp-content\/uploads\/2015\/06\/IMG_8359-940x627.jpg\" width=\"940\" height=\"627\" alt=\"\" \/>\n<\/div><ul class=\"o-carousel__nav js-carousel-nav\"><li><img loading=\"lazy\" decoding=\"async\" src=\"https:\/\/heatwork.com\/wp-content\/uploads\/2015\/06\/Overlevering_lav2-290x290.jpg\" width=\"290\" height=\"290\" alt=\"\" \/><\/li>\n<li><img loading=\"lazy\" decoding=\"async\" src=\"https:\/\/heatwork.com\/wp-content\/uploads\/2015\/06\/Mo-290x290.jpg\" width=\"290\" height=\"290\" alt=\"\" \/><\/li>\n<li><img loading=\"lazy\" decoding=\"async\" src=\"https:\/\/heatwork.com\/wp-content\/uploads\/2015\/06\/IMG_8354-290x290.jpg\" width=\"290\" height=\"290\" alt=\"\" \/><\/li>\n<li><img loading=\"lazy\" decoding=\"async\" src=\"https:\/\/heatwork.com\/wp-content\/uploads\/2015\/06\/IMG_8359-290x290.jpg\" width=\"290\" height=\"290\" alt=\"\" \/><\/li>\n<\/ul><\/div><br \/>\nLes mer om v\u00e5r nyhet <strong><a href=\"https:\/\/heatwork.com\/sv\/produkter\/cliwi-vatska-och-varme\/\" target=\"_blank\">CliWi 100 kW<\/a><\/strong><\/p>\n","protected":false},"excerpt":{"rendered":"<p>Gulvvarmeanlegg Utt\u00f8rking av betongen f\u00f8r legging av gulvbelegg. Prosjekt Omsorgsbolig, Nilsen og Haukland AS &nbsp; T\u00f8rke ut betongen f\u00f8r legging av gulvbelegg CliWi 100 kW i drift p\u00e5 1000 m2 gulvvarmeanlegg 4 mnd siden gulvet var st\u00f8pt, men fortsatt er det over 85% fuktighet i betongen Beredskapsarbeid &#8220;Nyheten fra HeatWork hjelper oss i v\u00e5rt beredskapsarbeid&#8221; [&hellip;]<\/p>\n","protected":false},"author":8,"featured_media":0,"parent":30595,"menu_order":0,"comment_status":"closed","ping_status":"closed","template":"template-references-sub.php","meta":{"_acf_changed":false,"footnotes":"","_links_to":"","_links_to_target":""},"class_list":["post-37664","page","type-page","status-publish"],"acf":[],"_links":{"self":[{"href":"https:\/\/heatwork.com\/sv\/wp-json\/wp\/v2\/pages\/37664"}],"collection":[{"href":"https:\/\/heatwork.com\/sv\/wp-json\/wp\/v2\/pages"}],"about":[{"href":"https:\/\/heatwork.com\/sv\/wp-json\/wp\/v2\/types\/page"}],"author":[{"embeddable":true,"href":"https:\/\/heatwork.com\/sv\/wp-json\/wp\/v2\/users\/8"}],"replies":[{"embeddable":true,"href":"https:\/\/heatwork.com\/sv\/wp-json\/wp\/v2\/comments?post=37664"}],"version-history":[{"count":0,"href":"https:\/\/heatwork.com\/sv\/wp-json\/wp\/v2\/pages\/37664\/revisions"}],"up":[{"embeddable":true,"href":"https:\/\/heatwork.com\/sv\/wp-json\/wp\/v2\/pages\/30595"}],"wp:attachment":[{"href":"https:\/\/heatwork.com\/sv\/wp-json\/wp\/v2\/media?parent=37664"}],"curies":[{"name":"wp","href":"https:\/\/api.w.org\/{rel}","templated":true}]}}