{"id":38053,"date":"2016-12-01T13:42:46","date_gmt":"2016-12-01T12:42:46","guid":{"rendered":"https:\/\/heatwork.com\/sv\/anvandningsomraden\/cliwi-luft-och-varme\/maskinentreprenoer\/"},"modified":"2016-12-01T13:47:18","modified_gmt":"2016-12-01T12:47:18","slug":"maskinentreprenoer","status":"publish","type":"page","link":"https:\/\/heatwork.com\/sv\/anvandningsomraden\/cliwi-luft-och-varme\/maskinentreprenoer\/","title":{"rendered":"Maskinentrepren\u00f6r"},"content":{"rendered":"<p><strong>CliWi air systems \u00e4r et av marknadens mest effektiva system f\u00f6r att transportera luft:<\/strong><\/p>\n<ul>\n<li>Byggtorkning<\/li>\n<li>Skadesanering<\/li>\n<li>Uttorkning<\/li>\n<li>Avgasr\u00f6r<\/li>\n<li>R\u00f6k<\/li>\n<li>Gas<\/li>\n<li>Fuktskadade milj\u00f6er<br \/>\nm.fl<\/li>\n<\/ul>\n<p><strong>CliWi exchanger \u00e4r det mest effektiva v\u00e4xlare av v\u00e4tska och luft. Modul\u00e4ra och ger en temperatur ger upp till 90 \u00b0C:<\/strong><\/p>\n<ul>\n<li>Uppv\u00e4rmning<\/li>\n<li>Bygguppv\u00e4rming\/byggtorkning<\/li>\n<li>Skadesanering<\/li>\n<li>V\u00e4ggl\u00f6ss, bedbugs etc<\/li>\n<li>Betongarbeten<\/li>\n<li>Kylning<\/li>\n<li>Uttorkning<\/li>\n<li>Tork av produkter och material<\/li>\n<li>Fuktskadade milj\u00f6er<br \/>\nm.fl<\/li>\n<\/ul>\n","protected":false},"excerpt":{"rendered":"<p>CliWi air systems \u00e4r et av marknadens mest effektiva system f\u00f6r att transportera luft: Byggtorkning Skadesanering Uttorkning Avgasr\u00f6r R\u00f6k Gas Fuktskadade milj\u00f6er m.fl CliWi exchanger \u00e4r det mest effektiva v\u00e4xlare av v\u00e4tska och luft. Modul\u00e4ra och ger en temperatur ger upp till 90 \u00b0C: Uppv\u00e4rmning Bygguppv\u00e4rming\/byggtorkning Skadesanering V\u00e4ggl\u00f6ss, bedbugs etc Betongarbeten Kylning Uttorkning Tork av [&hellip;]<\/p>\n","protected":false},"author":1,"featured_media":0,"parent":30578,"menu_order":0,"comment_status":"closed","ping_status":"closed","template":"","meta":{"_acf_changed":false,"footnotes":"","_links_to":"","_links_to_target":""},"class_list":["post-38053","page","type-page","status-publish"],"acf":[],"_links":{"self":[{"href":"https:\/\/heatwork.com\/sv\/wp-json\/wp\/v2\/pages\/38053"}],"collection":[{"href":"https:\/\/heatwork.com\/sv\/wp-json\/wp\/v2\/pages"}],"about":[{"href":"https:\/\/heatwork.com\/sv\/wp-json\/wp\/v2\/types\/page"}],"author":[{"embeddable":true,"href":"https:\/\/heatwork.com\/sv\/wp-json\/wp\/v2\/users\/1"}],"replies":[{"embeddable":true,"href":"https:\/\/heatwork.com\/sv\/wp-json\/wp\/v2\/comments?post=38053"}],"version-history":[{"count":0,"href":"https:\/\/heatwork.com\/sv\/wp-json\/wp\/v2\/pages\/38053\/revisions"}],"up":[{"embeddable":true,"href":"https:\/\/heatwork.com\/sv\/wp-json\/wp\/v2\/pages\/30578"}],"wp:attachment":[{"href":"https:\/\/heatwork.com\/sv\/wp-json\/wp\/v2\/media?parent=38053"}],"curies":[{"name":"wp","href":"https:\/\/api.w.org\/{rel}","templated":true}]}}