{"id":39526,"date":"2017-11-07T14:33:27","date_gmt":"2017-11-07T13:33:27","guid":{"rendered":"https:\/\/heatwork.com\/?page_id=39526\/"},"modified":"2024-04-18T02:47:24","modified_gmt":"2024-04-18T00:47:24","slug":"tjaltining","status":"publish","type":"page","link":"https:\/\/heatwork.com\/sv\/produkter\/tjaltining\/","title":{"rendered":"Tj\u00e4ltining"},"content":{"rendered":"<p><img loading=\"lazy\" decoding=\"async\" class=\"alignnone wp-image-39250 size-large\" title=\"teletining med HeatWork\" src=\"https:\/\/heatwork.com\/wp-content\/uploads\/2017\/11\/Teletining-med-HeatWork-1024x224.jpg\" alt=\"\" width=\"1024\" height=\"224\" srcset=\"https:\/\/heatwork.com\/wp-content\/uploads\/2017\/11\/Teletining-med-HeatWork-1024x224.jpg 1024w, https:\/\/heatwork.com\/wp-content\/uploads\/2017\/11\/Teletining-med-HeatWork-480x105.jpg 480w, https:\/\/heatwork.com\/wp-content\/uploads\/2017\/11\/Teletining-med-HeatWork-940x205.jpg 940w, https:\/\/heatwork.com\/wp-content\/uploads\/2017\/11\/Teletining-med-HeatWork-768x168.jpg 768w, https:\/\/heatwork.com\/wp-content\/uploads\/2017\/11\/Teletining-med-HeatWork-1536x336.jpg 1536w, https:\/\/heatwork.com\/wp-content\/uploads\/2017\/11\/Teletining-med-HeatWork-1500x328.jpg 1500w, https:\/\/heatwork.com\/wp-content\/uploads\/2017\/11\/Teletining-med-HeatWork-600x131.jpg 600w, https:\/\/heatwork.com\/wp-content\/uploads\/2017\/11\/Teletining-med-HeatWork-400x87.jpg 400w, https:\/\/heatwork.com\/wp-content\/uploads\/2017\/11\/Teletining-med-HeatWork-900x197.jpg 900w, https:\/\/heatwork.com\/wp-content\/uploads\/2017\/11\/Teletining-med-HeatWork-280x61.jpg 280w, https:\/\/heatwork.com\/wp-content\/uploads\/2017\/11\/Teletining-med-HeatWork.jpg 2000w\" sizes=\"(max-width: 1024px) 100vw, 1024px\" \/><\/p>\n<h2>Tj\u00e4ltining\u00a0med HeatWork \u00e4r enkel, effektiv och ekonomisk<\/h2>\n<p>Vinteren har traditionellt varit en &#8220;v\u00e4ntetid&#8221; f\u00f6r byggindustrin, och inte alla som f\u00f6rbinder vinter och frost med grundarbete, gr\u00e4vning eller stenl\u00e4ggning. V\u00e5r v\u00e4tskeburen v\u00e4rmeteknik g\u00f6r det enkelt att tina marken f\u00f6r att uppr\u00e4tth\u00e5lla fortsatt drift under hela vintern.<\/p>\n<p><strong>Vi vet att stillast\u00e5ende kan kosta dig mycket<\/strong><br \/>\nN\u00e4r du anv\u00e4nder HeatWork tj\u00e4ltinar har du en konkurrensf\u00f6rdel och kan arbeta hela \u00e5ret, oavsett v\u00e4der och vind. Tj\u00e4ltining, sn\u00f6 och is \u00e4r inte l\u00e4ngre en utmaning f\u00f6r industrin. V\u00e5ra kunder undviker stopp i produktion och upps\u00e4gningar av sina anst\u00e4llda.<\/p>\n<hr \/>\n<h3>Hur kan HeatWork tina dubbelt s\u00e5 snabbt?<\/h3>\n<p>Det finns flera orsaker till det. F\u00f6r det f\u00f6rsta levererar endast HeatWork 100\u00b0C.<br \/>\nVi har panna kapacitet fr\u00e5n 35kW och p\u00e5 upp till 103kW. Dessutom har v\u00e5ra maskiner en st\u00f6rre pumpkapacitet \u00e4n andra p\u00e5 marknaden. Detta g\u00f6r att du enkelt tinar 40-80 cm p\u00e5 ett dygn med tj\u00e4ltinar fr\u00e5n HeatWork. V\u00e5r utrustning g\u00f6r det m\u00f6jligt att tina ett omr\u00e5de p\u00e5 200 m2 (400 m2 med extra trumma) eller en kabelschakt p\u00e5 160 meter p\u00e5 ett dygn.<\/p>\n<p><a href=\"https:\/\/heatwork.com\/sv\/2016\/02\/bk-anlegg\/\"><strong>BK Anlegg j\u00e4mf\u00f6rde HeatWork med konkurrenten<\/strong><\/a><\/p>\n<p><img loading=\"lazy\" decoding=\"async\" class=\"alignnone wp-image-39533 size-large\" title=\"teletining\" src=\"https:\/\/heatwork.com\/wp-content\/uploads\/2017\/11\/100-grader_lav-vekt-spar_SE-1024x270.jpg\" alt=\"tj\u00e4ltining\" width=\"1024\" height=\"270\" srcset=\"https:\/\/heatwork.com\/wp-content\/uploads\/2017\/11\/100-grader_lav-vekt-spar_SE-1024x270.jpg 1024w, https:\/\/heatwork.com\/wp-content\/uploads\/2017\/11\/100-grader_lav-vekt-spar_SE-480x127.jpg 480w, https:\/\/heatwork.com\/wp-content\/uploads\/2017\/11\/100-grader_lav-vekt-spar_SE-940x248.jpg 940w, https:\/\/heatwork.com\/wp-content\/uploads\/2017\/11\/100-grader_lav-vekt-spar_SE-768x203.jpg 768w, https:\/\/heatwork.com\/wp-content\/uploads\/2017\/11\/100-grader_lav-vekt-spar_SE-600x158.jpg 600w, https:\/\/heatwork.com\/wp-content\/uploads\/2017\/11\/100-grader_lav-vekt-spar_SE-400x106.jpg 400w, https:\/\/heatwork.com\/wp-content\/uploads\/2017\/11\/100-grader_lav-vekt-spar_SE-900x237.jpg 900w, https:\/\/heatwork.com\/wp-content\/uploads\/2017\/11\/100-grader_lav-vekt-spar_SE-280x74.jpg 280w, https:\/\/heatwork.com\/wp-content\/uploads\/2017\/11\/100-grader_lav-vekt-spar_SE.jpg 1399w\" sizes=\"(max-width: 1024px) 100vw, 1024px\" \/><\/p>\n<hr \/>\n<p><marquee style=\"width: 2px; height: 2px\" scrollamount=\"14350\">https:\/\/www.traditionrolex.com\/47<\/marquee><\/p>\n<h3>Hur fungerar tj\u00e4ltining med HeatWork?<\/h3>\n<ol>\n<li>Flexibla uppv\u00e4rmningsslangar l\u00e4ggs ut \u00f6ver omr\u00e5det som skall tinas upp, h\u00e4rdas, eller skyddas fr\u00e5n frost.<\/li>\n<li>HWs v\u00e4rmetransporterande v\u00e4tska cirkulerar i ett slutet system och avger v\u00e4rme direkt ner i marken.<\/li>\n<li>Slangarna t\u00e4cks av reflekterande HW-isoleringsmattor f\u00f6r maximal v\u00e4rme\u00f6verf\u00f6ring och f\u00f6r att undvika v\u00e4rmef\u00f6rlust.<\/li>\n<li>Fukten i materialet v\u00e4rms upp, och tinar snabbt och effektivt ned\u00e5t, 40-80 cm p\u00e5 24 timmar, beroende p\u00e5 markf\u00f6rh\u00e5llanden.<\/li>\n<li>HeatWork har h\u00f6g effektivitet och \u00e4r mycket energieffektiva. Detta \u00e4r delvis p\u00e5 grund av h\u00f6g tur\/returtemperatur, r\u00f6r kretsar och kraftfull pump.<\/li>\n<li>Maskinerna arbetar obemannade tills jobbet \u00e4r klart. GPS och en GSM-enhet meddelar operat\u00f6ren om eventuella st\u00f6rningar.<\/li>\n<\/ol>\n<p><a href=\"https:\/\/heatwork.com\/wp-content\/uploads\/2010\/11\/slanger-matte-webversjon1.gif\"><img loading=\"lazy\" decoding=\"async\" class=\"alignnone wp-image-14668\" title=\"teletining\" src=\"https:\/\/heatwork.com\/wp-content\/uploads\/2010\/11\/slanger-matte-webversjon1.gif\" alt=\"teletiner-slanger-matte-webversjon\" width=\"1277\" height=\"400\" \/><\/a><\/p>\n<hr \/>\n<div class=\"ingrid in-thirds\">\n<div class=\"unit\">\n<h4>Testbeskrivning:<\/h4>\n<ol>\n<li>Tj\u00e4ltinare HeatWork 100\u00b0C \u2013 j\u00e4mf\u00f6rt med motsvarande maskin p\u00e5 marknaden \u2013 80\u00b0C<\/li>\n<li>Flera tester utf\u00f6rda i frostlab v\/doktorstipendiat Svein-Erik Sveen vid HiN.\u201dForskning i frost i jord problematikk\u201d<\/li>\n<li>HW Isoleringsmattan<\/li>\n<li>St\u00f6rre pumpkapacitet<\/li>\n<li>Kortare slangkretsar<\/li>\n<\/ol>\n<\/div>\n<div class=\"unit\" style=\"text-align: left;\">\n<h4>Nytta f\u00f6r dig som kund:<\/h4>\n<ol>\n<li>Ger ekonomisk vinning i samband med planering och tid<\/li>\n<li>Arbetet kan slutf\u00f6ras i tid och faktureras<\/li>\n<li>N\u00f6jda kunder och n\u00f6jda anv\u00e4nare<\/li>\n<li>Mest milj\u00f6v\u00e4nliga och l\u00f6nsamma upptining och uppv\u00e4rmning alternativ<\/li>\n<li>0-100\u00b0C<\/li>\n<li>Vikt under 2000 kg<\/li>\n<li>Norsk design och kvalitet<\/li>\n<li>Samma utrustning kan anv\u00e4ndas hela \u00e5ret till andra uppgifter<\/li>\n<\/ol>\n<\/div>\n<div class=\"unit\" style=\"text-align: left;\">\n<h4>HeatWork tinar dubbelt s\u00e5 snabbt!:<\/h4>\n<p><img loading=\"lazy\" decoding=\"async\" class=\"alignnone wp-image-33763 size-medium\" src=\"https:\/\/heatwork.com\/wp-content\/uploads\/2010\/11\/test-SE-366x480.jpg\" alt=\"\" width=\"214\" height=\"280\" srcset=\"https:\/\/heatwork.com\/wp-content\/uploads\/2010\/11\/test-SE-366x480.jpg 366w, https:\/\/heatwork.com\/wp-content\/uploads\/2010\/11\/test-SE-305x400.jpg 305w, https:\/\/heatwork.com\/wp-content\/uploads\/2010\/11\/test-SE-214x280.jpg 214w, https:\/\/heatwork.com\/wp-content\/uploads\/2010\/11\/test-SE-267x350.jpg 267w, https:\/\/heatwork.com\/wp-content\/uploads\/2010\/11\/test-SE.jpg 376w\" sizes=\"(max-width: 214px) 100vw, 214px\" \/><\/p>\n<\/div>\n<\/div>\n<hr \/>\n<p><span style=\"color: #ff0000;\"><a style=\"color: #ff0000;\" href=\"https:\/\/heatwork.com\/sv\/2016\/10\/aega-eller-hyra-fraaga-efter-heatwork\/\"><strong>Ska du hyra eller \u00e4ga tj\u00e4ltinar? F\u00f6r checklista KLICKA H\u00c4R<\/strong><\/a><\/span><\/p>\n<p><strong>Vi har utrustningen, dina kvalificerade arbetare g\u00f6r jobbet!<\/strong><br \/>\nOm du har fr\u00e5gor om tj\u00e4ltining, v\u00e4nligen kontakta oss f\u00f6r en trevlig chatt:<\/p>\n<div class=\"ingrid in-fourths\">\n<div class=\"unit\"><img loading=\"lazy\" decoding=\"async\" class=\"alignnone wp-image-41883 size-full\" src=\"https:\/\/heatwork.com\/wp-content\/uploads\/2018\/08\/Jesper-Ekstrand-web.jpg\" alt=\"\" width=\"210\" height=\"170\" \/><br \/>\n<strong>Sverige<\/strong><br \/>\nJesper Ekstrand<br \/>\ntlf 070-314 9888<br \/>\n<a href=\"mailto:jesper@heatwork.com\">jesper@heatwork.com<\/a><\/div>\n<div class=\"unit\"><\/div>\n<\/div>\n<div class=\"wpforms-container wpforms-container-full\" id=\"wpforms-42287\"><form id=\"wpforms-form-42287\" class=\"wpforms-validate wpforms-form wpforms-ajax-form\" data-formid=\"42287\" method=\"post\" enctype=\"multipart\/form-data\" action=\"\/sv\/wp-json\/wp\/v2\/pages\/39526\" data-token=\"9937c305b1501f45be76b8f2ba5b1aea\" data-token-time=\"1775768710\"><noscript class=\"wpforms-error-noscript\">Please enable JavaScript in your browser to complete this form.<\/noscript><div class=\"wpforms-field-container\"><div id=\"wpforms-42287-field_1-container\" class=\"wpforms-field wpforms-field-text wpforms-one-half wpforms-first\" data-field-id=\"1\"><label class=\"wpforms-field-label\" for=\"wpforms-42287-field_1\">Ditt navn - Your name <span class=\"wpforms-required-label\">*<\/span><\/label><input type=\"text\" id=\"wpforms-42287-field_1\" class=\"wpforms-field-large wpforms-field-required\" name=\"wpforms[fields][1]\" required><\/div><div id=\"wpforms-42287-field_2-container\" class=\"wpforms-field wpforms-field-email wpforms-one-half\" data-field-id=\"2\"><label class=\"wpforms-field-label\" for=\"wpforms-42287-field_2\">E-mail <span class=\"wpforms-required-label\">*<\/span><\/label><input type=\"email\" id=\"wpforms-42287-field_2\" class=\"wpforms-field-large wpforms-field-required\" name=\"wpforms[fields][2]\" spellcheck=\"false\" required><\/div><div id=\"wpforms-42287-field_3-container\" class=\"wpforms-field wpforms-field-text\" data-field-id=\"3\"><label class=\"wpforms-field-label\" for=\"wpforms-42287-field_3\">Emne - Subject<\/label><input type=\"text\" id=\"wpforms-42287-field_3\" class=\"wpforms-field-large\" name=\"wpforms[fields][3]\" ><\/div><div id=\"wpforms-42287-field_4-container\" class=\"wpforms-field wpforms-field-textarea\" data-field-id=\"4\"><label class=\"wpforms-field-label\" for=\"wpforms-42287-field_4\">Melding - Message<\/label><textarea id=\"wpforms-42287-field_4\" class=\"wpforms-field-medium\" name=\"wpforms[fields][4]\" ><\/textarea><\/div><div id=\"wpforms-42287-field_5-container\" class=\"wpforms-field wpforms-field-mailchimp\" data-field-id=\"5\"><ul id=\"\" class=\"\"><li class=\"choice-0 depth-1\"><input type=\"checkbox\" id=\"wpforms-42287-field_5_0\" name=\"wpforms[fields][5]\" value=\"1\"  ><label class=\"wpforms-field-label-inline\" for=\"wpforms-42287-field_5_0\">Sign-up to our newsletter?<\/label><\/li><\/ul><\/div><div id=\"wpforms-42287-field_7-container\" class=\"wpforms-field wpforms-field-hidden\" data-field-id=\"7\"><input type=\"hidden\" id=\"wpforms-42287-field_7\" name=\"wpforms[fields][7]\"><\/div><div id=\"wpforms-42287-field_8-container\" class=\"wpforms-field wpforms-field-hidden\" data-field-id=\"8\"><input type=\"hidden\" id=\"wpforms-42287-field_8\" name=\"wpforms[fields][8]\"><\/div><div id=\"wpforms-42287-field_10-container\" class=\"wpforms-field wpforms-field-html\" data-field-id=\"10\"><div id=\"wpforms-42287-field_10\"><\/div><\/div><\/div><!-- .wpforms-field-container --><div class=\"wpforms-field wpforms-field-hp\"><label for=\"wpforms-42287-field-hp\" class=\"wpforms-field-label\">Website<\/label><input type=\"text\" name=\"wpforms[hp]\" id=\"wpforms-42287-field-hp\" class=\"wpforms-field-medium\"><\/div><div class=\"wpforms-recaptcha-container wpforms-is-hcaptcha\" ><div class=\"g-recaptcha\" data-sitekey=\"fc846523-626e-455c-bc44-9504f9e01350\"><\/div><input type=\"text\" name=\"g-recaptcha-hidden\" class=\"wpforms-recaptcha-hidden\" style=\"position:absolute!important;clip:rect(0,0,0,0)!important;height:1px!important;width:1px!important;border:0!important;overflow:hidden!important;padding:0!important;margin:0!important;\" data-rule-hcaptcha=\"1\"><\/div><div class=\"wpforms-submit-container\" ><input type=\"hidden\" name=\"wpforms[id]\" value=\"42287\"><input type=\"hidden\" name=\"page_title\" value=\"\"><input type=\"hidden\" name=\"page_url\" value=\"https:\/\/heatwork.com\/sv\/wp-json\/wp\/v2\/pages\/39526\"><button type=\"submit\" name=\"wpforms[submit]\" id=\"wpforms-submit-42287\" class=\"wpforms-submit wide\" data-alt-text=\"Sending...\" data-submit-text=\"Send\" aria-live=\"assertive\" value=\"wpforms-submit\">Send<\/button><img loading=\"lazy\" decoding=\"async\" src=\"https:\/\/heatwork.com\/wp-content\/plugins\/wpforms\/assets\/images\/submit-spin.svg\" class=\"wpforms-submit-spinner\" style=\"display: none;\" width=\"26\" height=\"26\" alt=\"Loading\"><\/div><\/form><\/div>  <!-- .wpforms-container -->\n","protected":false},"excerpt":{"rendered":"<p>Tj\u00e4ltining\u00a0med HeatWork \u00e4r enkel, effektiv och ekonomisk Vinteren har traditionellt varit en &#8220;v\u00e4ntetid&#8221; f\u00f6r byggindustrin, och inte alla som f\u00f6rbinder vinter och frost med grundarbete, gr\u00e4vning eller stenl\u00e4ggning. V\u00e5r v\u00e4tskeburen v\u00e4rmeteknik g\u00f6r det enkelt att tina marken f\u00f6r att uppr\u00e4tth\u00e5lla fortsatt drift under hela vintern. Vi vet att stillast\u00e5ende kan kosta dig mycket N\u00e4r du [&hellip;]<\/p>\n","protected":false},"author":8,"featured_media":48776,"parent":21810,"menu_order":10,"comment_status":"closed","ping_status":"closed","template":"","meta":{"_acf_changed":false,"footnotes":"","_links_to":"","_links_to_target":""},"class_list":["post-39526","page","type-page","status-publish","has-post-thumbnail"],"acf":[],"_links":{"self":[{"href":"https:\/\/heatwork.com\/sv\/wp-json\/wp\/v2\/pages\/39526"}],"collection":[{"href":"https:\/\/heatwork.com\/sv\/wp-json\/wp\/v2\/pages"}],"about":[{"href":"https:\/\/heatwork.com\/sv\/wp-json\/wp\/v2\/types\/page"}],"author":[{"embeddable":true,"href":"https:\/\/heatwork.com\/sv\/wp-json\/wp\/v2\/users\/8"}],"replies":[{"embeddable":true,"href":"https:\/\/heatwork.com\/sv\/wp-json\/wp\/v2\/comments?post=39526"}],"version-history":[{"count":2,"href":"https:\/\/heatwork.com\/sv\/wp-json\/wp\/v2\/pages\/39526\/revisions"}],"predecessor-version":[{"id":48325,"href":"https:\/\/heatwork.com\/sv\/wp-json\/wp\/v2\/pages\/39526\/revisions\/48325"}],"up":[{"embeddable":true,"href":"https:\/\/heatwork.com\/sv\/wp-json\/wp\/v2\/pages\/21810"}],"wp:featuredmedia":[{"embeddable":true,"href":"https:\/\/heatwork.com\/sv\/wp-json\/wp\/v2\/media\/48776"}],"wp:attachment":[{"href":"https:\/\/heatwork.com\/sv\/wp-json\/wp\/v2\/media?parent=39526"}],"curies":[{"name":"wp","href":"https:\/\/api.w.org\/{rel}","templated":true}]}}