{"id":39577,"date":"2017-11-09T15:01:44","date_gmt":"2017-11-09T14:01:44","guid":{"rendered":"https:\/\/heatwork.com\/?page_id=39577\/"},"modified":"2022-02-04T14:17:37","modified_gmt":"2022-02-04T13:17:37","slug":"hw-103-hh","status":"publish","type":"page","link":"https:\/\/heatwork.com\/sv\/produkter\/hw-103-hh\/","title":{"rendered":"HW 103 HH"},"content":{"rendered":"<div class=\"o-carousel js-carousel\"><div class=\"o-carousel__main js-carousel-main varwm\" data-id=\"varwm\"><img loading=\"lazy\" decoding=\"async\" src=\"https:\/\/heatwork.com\/wp-content\/uploads\/2022\/02\/HW-103_HH-940x533.jpg\" width=\"940\" height=\"533\" alt=\"\" \/>\n<img loading=\"lazy\" decoding=\"async\" src=\"https:\/\/heatwork.com\/wp-content\/uploads\/2022\/02\/HW-Xtreme-apen-940x705.jpg\" width=\"940\" height=\"705\" alt=\"\" \/>\n<img loading=\"lazy\" decoding=\"async\" src=\"https:\/\/heatwork.com\/wp-content\/uploads\/2022\/02\/HW-Xtreme_vogn_web.jpg\" width=\"400\" height=\"711\" alt=\"\" \/>\n<img loading=\"lazy\" decoding=\"async\" src=\"https:\/\/heatwork.com\/wp-content\/uploads\/2022\/02\/CliWi-all_HeatWork-940x469.jpg\" width=\"940\" height=\"469\" alt=\"\" \/>\n<\/div><ul class=\"o-carousel__nav js-carousel-nav\"><li><img loading=\"lazy\" decoding=\"async\" src=\"https:\/\/heatwork.com\/wp-content\/uploads\/2022\/02\/HW-103_HH-290x290.jpg\" width=\"290\" height=\"290\" alt=\"\" \/><\/li>\n<li><img loading=\"lazy\" decoding=\"async\" src=\"https:\/\/heatwork.com\/wp-content\/uploads\/2022\/02\/HW-Xtreme-apen-290x290.jpg\" width=\"290\" height=\"290\" alt=\"\" \/><\/li>\n<li><img loading=\"lazy\" decoding=\"async\" src=\"https:\/\/heatwork.com\/wp-content\/uploads\/2022\/02\/HW-Xtreme_vogn_web-290x290.jpg\" width=\"290\" height=\"290\" alt=\"\" \/><\/li>\n<li><img loading=\"lazy\" decoding=\"async\" src=\"https:\/\/heatwork.com\/wp-content\/uploads\/2022\/02\/CliWi-all_HeatWork-290x290.jpg\" width=\"290\" height=\"290\" alt=\"\" \/><\/li>\n<\/ul><\/div>\n<p>&nbsp;<\/p>\n<h2>HW 103 HH \u00e4r en specialutvecklad maskin f\u00f6r byggv\u00e4rme, tork, skador, betongarbete, v\u00e4rmebehandling, skadedjursbek\u00e4mpning&#8230;<\/h2>\n<p><strong>HW 103 HH \u00e4r en specialutvecklad maskin med h\u00f6g kapacitet, l\u00e5g vikt och m\u00e5nga bra anpassningar f\u00f6r att driva sm\u00e5 och stora v\u00e4rmeuppdrag inom flera branscher. Den \u00e4r byggd f\u00f6r att leverera stora m\u00e4ngder energi via CliWi-produkter till byggnader med tillf\u00e4lliga v\u00e4rmebehov.<\/strong><\/p>\n<p>103 kW-maskinen \u00e4r sj\u00e4lvg\u00e5ende och mobil. Den levererar upp till 100\u00b0C vatskeburen v\u00e4rme, med en effektivitet p\u00e5 94%. Denna maskin och dess tillbeh\u00f6r \u00e4r f\u00f6r arbete inom byggnad, torkning, skador, betong och skadedjursbek\u00e4mpning. Extra utrustning omfattar v\u00e4rmev\u00e4xlare, fl\u00e4ktar, slangar, isoleringsmattor, vagnar etc.<\/p>\n<p>HeatWorks-maskiner anv\u00e4nder diesel eller andra generationens biodiesel f\u00f6r uppv\u00e4rmning av cirkulerande v\u00e4rme och el f\u00f6r drift av pumpen och styrsystemet.\u00a0<span class=\"s1\">Stegl\u00f6s reglering av v\u00e4tsketemperaturen ger ekonomisk och flexibel anv\u00e4ndning. Enkel transport, anslutning och tr\u00e5dl\u00e5s kontroll g\u00f6r denna maskin unik.<\/span><\/p>\n<div class=\"ingrid in-halves\">\n<div class=\"unit\">\n<p class=\"p1\"><span style=\"color: #339966;\"><strong>Vad g\u00f6r HW 103 HH unik?<\/strong><\/span><\/p>\n<ol>\n<li class=\"p1\">V\u00e4tskan cirkulerar i ett slutet system<\/li>\n<li class=\"p1\">Automatisk stoppfunktion p\u00e5 cirkulationspumpen<\/li>\n<li class=\"p1\">L\u00e5g vikt &#8211; fr\u00e5n 1150 kg<\/li>\n<li class=\"p1\">Tr\u00e5dl\u00f6s start\/stopp<\/li>\n<li class=\"p1\">Digital visning tur\/retur temperatur<\/li>\n<li class=\"p1\">Droppfria kopplingar<\/li>\n<li class=\"p1\">Stor pumpkapacitet<\/li>\n<li class=\"p1\">Lyfth\u00f6jd max 60 m<\/li>\n<\/ol>\n<\/div>\n<div class=\"unit\">\n<p class=\"p1\"><span style=\"color: #339966;\"><strong>Exempel p\u00e5 anv\u00e4ndningar<\/strong><\/span><\/p>\n<ul>\n<li class=\"p1\">Byggv\u00e4rme\/byggtork<\/li>\n<li class=\"p1\">V\u00e4rmebehandling av byggnader, lokaler, objekt<\/li>\n<li class=\"p1\">Skadedjursbek\u00e4mpning<\/li>\n<li class=\"p1\">Betongarbete<\/li>\n<li class=\"p1\">Skadesanering<\/li>\n<\/ul>\n<\/div>\n<\/div>\n<hr \/>\n<div class=\"ingrid in-fourths\">\n<div class=\"unit\">\n<p><b>Praktiska slangvagn<\/b><\/p>\n<p class=\"p1\">CliWi W90<br \/>\nDet finns plats f\u00f6r 2 slangvagnar i maskinen. 92 meter 5\/8 slang eller 40 meter 1 &#8220;slang.<\/p>\n<\/div>\n<div class=\"unit\">\n<p><img loading=\"lazy\" decoding=\"async\" class=\"alignnone wp-image-48989 size-full\" src=\"https:\/\/heatwork.com\/wp-content\/uploads\/2017\/11\/CliWi-slangevogn.jpg\" alt=\"\" width=\"158\" height=\"158\" srcset=\"https:\/\/heatwork.com\/wp-content\/uploads\/2017\/11\/CliWi-slangevogn.jpg 158w, https:\/\/heatwork.com\/wp-content\/uploads\/2017\/11\/CliWi-slangevogn-100x100.jpg 100w\" sizes=\"(max-width: 158px) 100vw, 158px\" \/><\/p>\n<\/div>\n<div class=\"unit\">\n<p><b>CliWi<\/b><\/p>\n<p class=\"p1\">CliWi \u00e4r en f\u00f6rkortning till klimatvinnaren &#8220;Climate Winner&#8221; och \u00e4r ett extremt milj\u00f6v\u00e4nligt, smart och effektivt s\u00e4tt att vaxla energi.<\/p>\n<\/div>\n<div class=\"unit\"><img loading=\"lazy\" decoding=\"async\" class=\"alignnone wp-image-48988 size-full\" src=\"https:\/\/heatwork.com\/wp-content\/uploads\/2017\/11\/CliWi-produkter.jpg\" alt=\"\" width=\"158\" height=\"158\" srcset=\"https:\/\/heatwork.com\/wp-content\/uploads\/2017\/11\/CliWi-produkter.jpg 158w, https:\/\/heatwork.com\/wp-content\/uploads\/2017\/11\/CliWi-produkter-100x100.jpg 100w\" sizes=\"(max-width: 158px) 100vw, 158px\" \/><\/div>\n<\/div>\n<hr \/>\n<p><b>F\u00e5 fossila och utsl\u00e4ppsfria byggarbetsplatser med det senaste v\u00e4tskeburen v\u00e4rme<\/b><br \/>\n<a href=\"https:\/\/heatwork.com\/produkter\/cliwi-byggvarme\/\">CliWi &#8211; ny patentert vekslerteknologi &#8211; v\u00e6skeb\u00e5ren varme\u00a0<\/a><\/p>\n","protected":false},"excerpt":{"rendered":"<p>&nbsp; HW 103 HH \u00e4r en specialutvecklad maskin f\u00f6r byggv\u00e4rme, tork, skador, betongarbete, v\u00e4rmebehandling, skadedjursbek\u00e4mpning&#8230; HW 103 HH \u00e4r en specialutvecklad maskin med h\u00f6g kapacitet, l\u00e5g vikt och m\u00e5nga bra anpassningar f\u00f6r att driva sm\u00e5 och stora v\u00e4rmeuppdrag inom flera branscher. Den \u00e4r byggd f\u00f6r att leverera stora m\u00e4ngder energi via CliWi-produkter till byggnader med [&hellip;]<\/p>\n","protected":false},"author":8,"featured_media":39829,"parent":21810,"menu_order":4,"comment_status":"closed","ping_status":"closed","template":"","meta":{"_acf_changed":false,"footnotes":"","_links_to":"","_links_to_target":""},"class_list":["post-39577","page","type-page","status-publish","has-post-thumbnail"],"acf":[],"_links":{"self":[{"href":"https:\/\/heatwork.com\/sv\/wp-json\/wp\/v2\/pages\/39577"}],"collection":[{"href":"https:\/\/heatwork.com\/sv\/wp-json\/wp\/v2\/pages"}],"about":[{"href":"https:\/\/heatwork.com\/sv\/wp-json\/wp\/v2\/types\/page"}],"author":[{"embeddable":true,"href":"https:\/\/heatwork.com\/sv\/wp-json\/wp\/v2\/users\/8"}],"replies":[{"embeddable":true,"href":"https:\/\/heatwork.com\/sv\/wp-json\/wp\/v2\/comments?post=39577"}],"version-history":[{"count":3,"href":"https:\/\/heatwork.com\/sv\/wp-json\/wp\/v2\/pages\/39577\/revisions"}],"predecessor-version":[{"id":48982,"href":"https:\/\/heatwork.com\/sv\/wp-json\/wp\/v2\/pages\/39577\/revisions\/48982"}],"up":[{"embeddable":true,"href":"https:\/\/heatwork.com\/sv\/wp-json\/wp\/v2\/pages\/21810"}],"wp:featuredmedia":[{"embeddable":true,"href":"https:\/\/heatwork.com\/sv\/wp-json\/wp\/v2\/media\/39829"}],"wp:attachment":[{"href":"https:\/\/heatwork.com\/sv\/wp-json\/wp\/v2\/media?parent=39577"}],"curies":[{"name":"wp","href":"https:\/\/api.w.org\/{rel}","templated":true}]}}