{"id":40039,"date":"2017-11-10T10:50:54","date_gmt":"2017-11-10T09:50:54","guid":{"rendered":"https:\/\/heatwork.com\/?page_id=40039"},"modified":"2017-12-14T13:42:43","modified_gmt":"2017-12-14T12:42:43","slug":"teknisk-information","status":"publish","type":"page","link":"https:\/\/heatwork.com\/sv\/produkter\/hw-103-hh\/teknisk-information\/","title":{"rendered":"Teknisk information"},"content":{"rendered":"<p>HW 103 HH &#8211; hydronic heating<br \/>\n\n<table id=\"tablepress-57\" class=\"tablepress tablepress-id-57\">\n<thead>\n<tr class=\"row-1 odd\">\n\t<th class=\"column-1\">Tekniska specifikationer<\/th><th class=\"column-2\">HW 103 HH<\/th>\n<\/tr>\n<\/thead>\n<tbody>\n<tr class=\"row-2 even\">\n\t<td class=\"column-1\">Vikt eks. diesel och aggregat<\/td><td class=\"column-2\">1150 kg<\/td>\n<\/tr>\n<tr class=\"row-3 odd\">\n\t<td class=\"column-1\">Vikt inkl. diesel och aggregat<\/td><td class=\"column-2\">1600 kg<\/td>\n<\/tr>\n<tr class=\"row-4 even\">\n\t<td class=\"column-1\">Pumpkapacitet alternativ 1<br \/>\nPumpkapacitet alternativ 2<\/td><td class=\"column-2\">6000 v\/3,2 bar<br \/>\n9600 v\/3,2 bar<\/td>\n<\/tr>\n<tr class=\"row-5 odd\">\n\t<td class=\"column-1\">Systemtryck normal drift<\/td><td class=\"column-2\">2-6 bar<\/td>\n<\/tr>\n<tr class=\"row-6 even\">\n\t<td class=\"column-1\">Max v\u00e4rmeffekt<\/td><td class=\"column-2\">103 kW<\/td>\n<\/tr>\n<tr class=\"row-7 odd\">\n\t<td class=\"column-1\">Typ av br\u00e4nnare<\/td><td class=\"column-2\">1-trinns<\/td>\n<\/tr>\n<tr class=\"row-8 even\">\n\t<td class=\"column-1\">Eldningsteknisk verkningsgrad<\/td><td class=\"column-2\">94% <\/td>\n<\/tr>\n<tr class=\"row-9 odd\">\n\t<td class=\"column-1\">V\u00e4tsketemperatur<\/td><td class=\"column-2\">Justerbar 0-105\u00b0C (Flow temperatur)<\/td>\n<\/tr>\n<tr class=\"row-10 even\">\n\t<td class=\"column-1\">Br\u00e4nslef\u00f6rbrukning<\/td><td class=\"column-2\">Maks ca 9 l\/h vid konstant br\u00e4nnardrift<\/td>\n<\/tr>\n<tr class=\"row-11 odd\">\n\t<td class=\"column-1\">Diesel<\/td><td class=\"column-2\">Vinterdiesel, arktisk klass 2 \/ EN 15940\/Biodiesel BFO2G<\/td>\n<\/tr>\n<tr class=\"row-12 even\">\n\t<td class=\"column-1\">Kapacitet dieseltank<\/td><td class=\"column-2\">320 liter<\/td>\n<\/tr>\n<tr class=\"row-13 odd\">\n\t<td class=\"column-1\">HTF-v\u00e4tska<\/td><td class=\"column-2\">HW HTF-v\u00e4tska<\/td>\n<\/tr>\n<tr class=\"row-14 even\">\n\t<td class=\"column-1\">HTF-tank volum<\/td><td class=\"column-2\">ca 50 liter<\/td>\n<\/tr>\n<tr class=\"row-15 odd\">\n\t<td class=\"column-1\">Industriell HW-Slange<\/td><td class=\"column-2\">Armerad v\u00e4rmeslang. Temperatur maks 120\u00b0C. Max tryck 30 bar<\/td>\n<\/tr>\n<tr class=\"row-16 even\">\n\t<td class=\"column-1\">Elektrisk anslutning\/energif\u00f6rbrukning<\/td><td class=\"column-2\">230V\/16A<\/td>\n<\/tr>\n<tr class=\"row-17 odd\">\n\t<td class=\"column-1\">Anslutning till extern dieseltank<\/td><td class=\"column-2\">Inkluderad<\/td>\n<\/tr>\n<tr class=\"row-18 even\">\n\t<td class=\"column-1\">Serviced\u00f6rrar<\/td><td class=\"column-2\">4 d\u00f6rrar f\u00f6r l\u00e4ttare service\u00e5tkomst<\/td>\n<\/tr>\n<tr class=\"row-19 odd\">\n\t<td class=\"column-1\"><b>Till\u00e4ggsutrustning f\u00f6r montering<\/b><\/td><td class=\"column-2\"><\/td>\n<\/tr>\n<tr class=\"row-20 even\">\n\t<td class=\"column-1\">\u2022 GSM-kontroll\u00f6vervakning<\/td><td class=\"column-2\">Varningar via SMS vid oegentligheter<\/td>\n<\/tr>\n<tr class=\"row-21 odd\">\n\t<td class=\"column-1\">\u2022 GPS Track Unit<\/td><td class=\"column-2\">GPS position och driftshistoria (prenumeration)<\/td>\n<\/tr>\n<tr class=\"row-22 even\">\n\t<td class=\"column-1\">\u2022 Aggregat, ljudisolerat<\/td><td class=\"column-2\">Cummins 4,8 kW, v\u00e4tskekyld 2 cylindermotor<\/td>\n<\/tr>\n<tr class=\"row-23 odd\">\n\t<td class=\"column-1\">\u2022 Autostart aggregat<\/td><td class=\"column-2\">Aggregate startar automatiskt vid str\u00f6mavbrott<\/td>\n<\/tr>\n<tr class=\"row-24 even\">\n\t<td class=\"column-1\">\u2022 S\u00e4kerhetstransformatorer<\/td><td class=\"column-2\">F\u00f6r s\u00e4ker n\u00e4tverksdrift<\/td>\n<\/tr>\n<tr class=\"row-25 odd\">\n\t<td class=\"column-1\">\u2022 Automatisk avluftning<\/td><td class=\"column-2\">Automatisk luftning av br\u00e4nnare<\/td>\n<\/tr>\n<tr class=\"row-26 even\">\n\t<td class=\"column-1\">\u2022 Extra str\u00f6muttag<\/td><td class=\"column-2\">16A uttag p\u00e5 str\u00f6maggregat<\/td>\n<\/tr>\n<tr class=\"row-27 odd\">\n\t<td class=\"column-1\">\u2022 LED ljusmast<\/td><td class=\"column-2\">LED str\u00e5lkastare. Praktisk\/robust str\u00e5lkastare, f\u00e4stas p\u00e5 maskin<\/td>\n<\/tr>\n<\/tbody>\n<\/table>\n<\/p>\n","protected":false},"excerpt":{"rendered":"<p>HW 103 HH &#8211; hydronic heating<\/p>\n","protected":false},"author":8,"featured_media":0,"parent":39577,"menu_order":0,"comment_status":"closed","ping_status":"closed","template":"","meta":{"_acf_changed":false,"footnotes":"","_links_to":"","_links_to_target":""},"class_list":["post-40039","page","type-page","status-publish"],"acf":[],"_links":{"self":[{"href":"https:\/\/heatwork.com\/sv\/wp-json\/wp\/v2\/pages\/40039"}],"collection":[{"href":"https:\/\/heatwork.com\/sv\/wp-json\/wp\/v2\/pages"}],"about":[{"href":"https:\/\/heatwork.com\/sv\/wp-json\/wp\/v2\/types\/page"}],"author":[{"embeddable":true,"href":"https:\/\/heatwork.com\/sv\/wp-json\/wp\/v2\/users\/8"}],"replies":[{"embeddable":true,"href":"https:\/\/heatwork.com\/sv\/wp-json\/wp\/v2\/comments?post=40039"}],"version-history":[{"count":0,"href":"https:\/\/heatwork.com\/sv\/wp-json\/wp\/v2\/pages\/40039\/revisions"}],"up":[{"embeddable":true,"href":"https:\/\/heatwork.com\/sv\/wp-json\/wp\/v2\/pages\/39577"}],"wp:attachment":[{"href":"https:\/\/heatwork.com\/sv\/wp-json\/wp\/v2\/media?parent=40039"}],"curies":[{"name":"wp","href":"https:\/\/api.w.org\/{rel}","templated":true}]}}