{"id":40997,"date":"2017-11-08T08:32:19","date_gmt":"2017-11-08T07:32:19","guid":{"rendered":"https:\/\/heatwork.com\/?page_id=40997"},"modified":"2019-01-28T09:08:18","modified_gmt":"2019-01-28T08:08:18","slug":"tjaltinare","status":"publish","type":"page","link":"https:\/\/heatwork.com\/sv\/anvandningsomraden\/tjaltinare\/","title":{"rendered":"Tj\u00e4ltinare"},"content":{"rendered":"\n<p>&nbsp;<\/p>\n<h2>Tj\u00e4ltinare fr\u00e5n HeatWork till tj\u00e4ltining och frostskydd<\/h2>\n<p>Heltidsanv\u00e4ndning &#8211; stor potential<br \/>\nP\u00e5 vintern \u00e4r det upptining av tele och sn\u00f6 som \u00e4r det viktigaste omr\u00e5det, men HeatWork anv\u00e4nds ocks\u00e5 mycket f\u00f6r uppv\u00e4rmning, torkning och kontrollerad h\u00e4rdning av betong. Det h\u00e4r \u00e4r en maskin med stor potential. Under sommars\u00e4songen finns det ocks\u00e5 ovanliga m\u00f6jligheter att v\u00e4rma vatten, som v\u00e4rmev\u00e4xlare p\u00e5 byggarbetsplatser, evenemang \/ evenemang eller andra tillf\u00e4lliga uppdrag. Perfekt f\u00f6r torkning eller uppv\u00e4rmning av byggnader\/hallar.<\/p>\n<ul>\n<li class=\"p1\">Med v\u00e5ra ytterligare produkter har du stora m\u00f6jligheter att anv\u00e4nda HeatWork hela \u00e5ret!<\/li>\n<li class=\"p1\">Ny! CliWi f\u00f6r bland annat uppv\u00e4rmning och tillf\u00e4llig drift av vattenburna golvv\u00e4rme.<\/li>\n<\/ul>\n<p><strong>Exempel p\u00e5 anv\u00e4ndningsomr\u00e5den<\/strong><\/p>\n<ul>\n<li class=\"p1\">Tining av is och sn\u00f6<\/li>\n<li class=\"p1\">Kontrollerad tillf\u00f6rsel av v\u00e4rme genom h\u00e4rdning av betong<\/li>\n<li class=\"p1\">Uppv\u00e4rmning av byggnad \/ garage \/ verkstad<\/li>\n<li class=\"p1\">F\u00f6rv\u00e4rmning av betong innan man l\u00e4gger membranet<\/li>\n<li class=\"p1\">Frostskydd av material \/ byggarbetsplats<\/li>\n<li class=\"p1\">F\u00f6rv\u00e4rmning i samband med vintergjutning<\/li>\n<li class=\"p1\">Upptining av tak innan takl\u00e4ggning<\/li>\n<\/ul>\n<p><strong>Vi har tj\u00e4ltinare f\u00f6r ditt arbete!<\/strong><br \/>\nVad \u00e4r dina behov, kontakta oss f\u00f6r ett erbjudande:<\/p>\n<div class=\"ingrid in-fourths\">\n<div class=\"unit\"><img loading=\"lazy\" decoding=\"async\" class=\"alignnone wp-image-35869 size-thumbnail\" title=\"kontaktinformasjon\" src=\"https:\/\/heatwork.com\/wp-content\/uploads\/2010\/11\/Tommy-290x290.jpg\" alt=\"\" width=\"210\" height=\"170\" srcset=\"https:\/\/heatwork.com\/wp-content\/uploads\/2010\/11\/Tommy-600x486.jpg 600w, https:\/\/heatwork.com\/wp-content\/uploads\/2010\/11\/Tommy-480x389.jpg 480w, https:\/\/heatwork.com\/wp-content\/uploads\/2010\/11\/Tommy-940x761.jpg 940w, https:\/\/heatwork.com\/wp-content\/uploads\/2010\/11\/Tommy-768x622.jpg 768w, https:\/\/heatwork.com\/wp-content\/uploads\/2010\/11\/Tommy-400x324.jpg 400w, https:\/\/heatwork.com\/wp-content\/uploads\/2010\/11\/Tommy-900x728.jpg 900w, https:\/\/heatwork.com\/wp-content\/uploads\/2010\/11\/Tommy-210x170.jpg 210w, https:\/\/heatwork.com\/wp-content\/uploads\/2010\/11\/Tommy-280x227.jpg 280w, https:\/\/heatwork.com\/wp-content\/uploads\/2010\/11\/Tommy-432x350.jpg 432w, https:\/\/heatwork.com\/wp-content\/uploads\/2010\/11\/Tommy.jpg 981w\" sizes=\"(max-width: 210px) 100vw, 210px\" \/><br \/>\n<strong>Salgsleder<\/strong><br \/>\nTommy Larsen<br \/>\ntlf +47 909 25 048<br \/>\n<a href=\"mailto:tommy@heatwork.com\">tommy@heatwork.com<\/a><\/div>\n<div class=\"unit\"><img loading=\"lazy\" decoding=\"async\" class=\"alignnone wp-image-35092 size-thumbnail\" src=\"https:\/\/heatwork.com\/wp-content\/uploads\/2016\/03\/Untitled-3-e1460021291103-290x290.jpg\" alt=\"\" width=\"210\" height=\"170\" \/><\/div>\n<\/div>\n<div class=\"wpforms-container wpforms-container-full\" id=\"wpforms-42287\"><form id=\"wpforms-form-42287\" class=\"wpforms-validate wpforms-form wpforms-ajax-form\" data-formid=\"42287\" method=\"post\" enctype=\"multipart\/form-data\" action=\"\/sv\/wp-json\/wp\/v2\/pages\/40997\" data-token=\"aeb3ff7c21c9c7014a446ca88c4c68b3\" data-token-time=\"1775412653\"><noscript class=\"wpforms-error-noscript\">Please enable JavaScript in your browser to complete this form.<\/noscript><div class=\"wpforms-field-container\"><div id=\"wpforms-42287-field_1-container\" class=\"wpforms-field wpforms-field-text wpforms-one-half wpforms-first\" data-field-id=\"1\"><label class=\"wpforms-field-label\" for=\"wpforms-42287-field_1\">Ditt navn - Your name <span class=\"wpforms-required-label\">*<\/span><\/label><input type=\"text\" id=\"wpforms-42287-field_1\" class=\"wpforms-field-large wpforms-field-required\" name=\"wpforms[fields][1]\" required><\/div><div id=\"wpforms-42287-field_2-container\" class=\"wpforms-field wpforms-field-email wpforms-one-half\" data-field-id=\"2\"><label class=\"wpforms-field-label\" for=\"wpforms-42287-field_2\">E-mail <span class=\"wpforms-required-label\">*<\/span><\/label><input type=\"email\" id=\"wpforms-42287-field_2\" class=\"wpforms-field-large wpforms-field-required\" name=\"wpforms[fields][2]\" spellcheck=\"false\" required><\/div><div id=\"wpforms-42287-field_3-container\" class=\"wpforms-field wpforms-field-text\" data-field-id=\"3\"><label class=\"wpforms-field-label\" for=\"wpforms-42287-field_3\">Emne - Subject<\/label><input type=\"text\" id=\"wpforms-42287-field_3\" class=\"wpforms-field-large\" name=\"wpforms[fields][3]\" ><\/div><div id=\"wpforms-42287-field_4-container\" class=\"wpforms-field wpforms-field-textarea\" data-field-id=\"4\"><label class=\"wpforms-field-label\" for=\"wpforms-42287-field_4\">Melding - Message<\/label><textarea id=\"wpforms-42287-field_4\" class=\"wpforms-field-medium\" name=\"wpforms[fields][4]\" ><\/textarea><\/div><div id=\"wpforms-42287-field_5-container\" class=\"wpforms-field wpforms-field-mailchimp\" data-field-id=\"5\"><ul id=\"\" class=\"\"><li class=\"choice-0 depth-1\"><input type=\"checkbox\" id=\"wpforms-42287-field_5_0\" name=\"wpforms[fields][5]\" value=\"1\"  ><label class=\"wpforms-field-label-inline\" for=\"wpforms-42287-field_5_0\">Sign-up to our newsletter?<\/label><\/li><\/ul><\/div><div id=\"wpforms-42287-field_7-container\" class=\"wpforms-field wpforms-field-hidden\" data-field-id=\"7\"><input type=\"hidden\" id=\"wpforms-42287-field_7\" name=\"wpforms[fields][7]\"><\/div><div id=\"wpforms-42287-field_8-container\" class=\"wpforms-field wpforms-field-hidden\" data-field-id=\"8\"><input type=\"hidden\" id=\"wpforms-42287-field_8\" name=\"wpforms[fields][8]\"><\/div><div id=\"wpforms-42287-field_10-container\" class=\"wpforms-field wpforms-field-html\" data-field-id=\"10\"><div id=\"wpforms-42287-field_10\"><\/div><\/div><\/div><!-- .wpforms-field-container --><div class=\"wpforms-field wpforms-field-hp\"><label for=\"wpforms-42287-field-hp\" class=\"wpforms-field-label\">Message<\/label><input type=\"text\" name=\"wpforms[hp]\" id=\"wpforms-42287-field-hp\" class=\"wpforms-field-medium\"><\/div><div class=\"wpforms-recaptcha-container wpforms-is-hcaptcha\" ><div class=\"g-recaptcha\" data-sitekey=\"fc846523-626e-455c-bc44-9504f9e01350\"><\/div><input type=\"text\" name=\"g-recaptcha-hidden\" class=\"wpforms-recaptcha-hidden\" style=\"position:absolute!important;clip:rect(0,0,0,0)!important;height:1px!important;width:1px!important;border:0!important;overflow:hidden!important;padding:0!important;margin:0!important;\" data-rule-hcaptcha=\"1\"><\/div><div class=\"wpforms-submit-container\" ><input type=\"hidden\" name=\"wpforms[id]\" value=\"42287\"><input type=\"hidden\" name=\"page_title\" value=\"\"><input type=\"hidden\" name=\"page_url\" value=\"https:\/\/heatwork.com\/sv\/wp-json\/wp\/v2\/pages\/40997\"><button type=\"submit\" name=\"wpforms[submit]\" id=\"wpforms-submit-42287\" class=\"wpforms-submit wide\" data-alt-text=\"Sending...\" data-submit-text=\"Send\" aria-live=\"assertive\" value=\"wpforms-submit\">Send<\/button><img loading=\"lazy\" decoding=\"async\" src=\"https:\/\/heatwork.com\/wp-content\/plugins\/wpforms\/assets\/images\/submit-spin.svg\" class=\"wpforms-submit-spinner\" style=\"display: none;\" width=\"26\" height=\"26\" alt=\"Loading\"><\/div><\/form><\/div>  <!-- .wpforms-container -->\n","protected":false},"excerpt":{"rendered":"<p>&nbsp; Tj\u00e4ltinare fr\u00e5n HeatWork till tj\u00e4ltining och frostskydd Heltidsanv\u00e4ndning &#8211; stor potential P\u00e5 vintern \u00e4r det upptining av tele och sn\u00f6 som \u00e4r det viktigaste omr\u00e5det, men HeatWork anv\u00e4nds ocks\u00e5 mycket f\u00f6r uppv\u00e4rmning, torkning och kontrollerad h\u00e4rdning av betong. Det h\u00e4r \u00e4r en maskin med stor potential. Under sommars\u00e4songen finns det ocks\u00e5 ovanliga m\u00f6jligheter att [&hellip;]<\/p>\n","protected":false},"author":8,"featured_media":39833,"parent":17214,"menu_order":10,"comment_status":"closed","ping_status":"closed","template":"","meta":{"_acf_changed":false,"footnotes":"","_links_to":"","_links_to_target":""},"class_list":["post-40997","page","type-page","status-publish","has-post-thumbnail"],"acf":[],"_links":{"self":[{"href":"https:\/\/heatwork.com\/sv\/wp-json\/wp\/v2\/pages\/40997"}],"collection":[{"href":"https:\/\/heatwork.com\/sv\/wp-json\/wp\/v2\/pages"}],"about":[{"href":"https:\/\/heatwork.com\/sv\/wp-json\/wp\/v2\/types\/page"}],"author":[{"embeddable":true,"href":"https:\/\/heatwork.com\/sv\/wp-json\/wp\/v2\/users\/8"}],"replies":[{"embeddable":true,"href":"https:\/\/heatwork.com\/sv\/wp-json\/wp\/v2\/comments?post=40997"}],"version-history":[{"count":0,"href":"https:\/\/heatwork.com\/sv\/wp-json\/wp\/v2\/pages\/40997\/revisions"}],"up":[{"embeddable":true,"href":"https:\/\/heatwork.com\/sv\/wp-json\/wp\/v2\/pages\/17214"}],"wp:featuredmedia":[{"embeddable":true,"href":"https:\/\/heatwork.com\/sv\/wp-json\/wp\/v2\/media\/39833"}],"wp:attachment":[{"href":"https:\/\/heatwork.com\/sv\/wp-json\/wp\/v2\/media?parent=40997"}],"curies":[{"name":"wp","href":"https:\/\/api.w.org\/{rel}","templated":true}]}}