{"id":41354,"date":"2018-05-22T10:26:46","date_gmt":"2018-05-22T08:26:46","guid":{"rendered":"https:\/\/heatwork.com\/?page_id=41354"},"modified":"2018-06-28T09:50:08","modified_gmt":"2018-06-28T07:50:08","slug":"personuppgifter-pa-heatwork","status":"publish","type":"page","link":"https:\/\/heatwork.com\/sv\/personuppgifter-pa-heatwork\/","title":{"rendered":"Personuppgifter p\u00e5 HeatWork"},"content":{"rendered":"<p>Vi p\u00e5 HeatWork \u00e4r m\u00e5na om att skydda dina personuppgifter. I denna f\u00f6rklaring beskriver vi hur vi samlar in information. Vi jobbar st\u00e4ndigt f\u00f6r att ge dig goda anv\u00e4ndarupplevelser p\u00e5 heatwork.com. F\u00f6r att klara det samlar vi in information om anv\u00e4ndarm\u00f6nster och personuppgifter. P\u00e5 den h\u00e4r sidan hittar du all information om hur vi hanterar dessa data och hur du som anv\u00e4ndare kan f\u00e5 tillg\u00e5ng till, \u00e4ndra eller radera information om dig.<\/p>\n<p>Den h\u00e4r f\u00f6rklaringen om skydd av personuppgifter beskriver vilka uppgifter HeatWork samlar in om v\u00e5ra kunder, hur och varf\u00f6r vi samlar in och anv\u00e4nder uppgifterna samt hur vi tar vara p\u00e5 v\u00e5ra kunders r\u00e4ttigheter och reglerna i lagstiftningen runt skydd av personuppgifter. HeatWork AS ansvarar f\u00f6r databehandlingen av alla uppgifter den registrerade ger oss.<\/p>\n<p>Insamling, f\u00f6rvaring, sammanst\u00e4llning, utl\u00e4mnande och annan hantering av personuppgifter regleras i personuppgiftslagen. Lagen st\u00e4ller bl.a. str\u00e4nga krav till sekretess och s\u00e4kerhet vid hantering av personuppgifter. HeatWork AS f\u00f6ljer lagen och st\u00e4ller motsvarande krav till de samarbetspartners vi anv\u00e4nder till marknadsf\u00f6ring etc. Den norska datainspektionen Datatilsynet \u00f6vervakar lagen. \u02baPersonuppgifter\u201d \u00e4r uppgifter och v\u00e4rderingar som kan kopplas till en fysisk person, t.ex. namn, bostadsadress eller e-postadress.<\/p>\n<p><strong>Hur skaffas informationen?<\/strong><br \/>\nHeatWork skaffar kontaktuppgifterna genom direkt kontakt med kunder och p\u00e5 eventuella m\u00e4ssor, konferanser och seminarier, anm\u00e4lan till nyhetsbrev samt registrerade f\u00f6rs\u00e4ljningsorder.<\/p>\n<h4>Vilken slags personuppgifter f\u00f6rvarar vi?<\/h4>\n<p>HeatWork samlar inte in personuppgifter som f\u00f6delsedatum- och personnummer eller uppgifter om personliga betalningskort.<\/p>\n<p>Exempel p\u00e5 information som skaffas:<\/p>\n<ul>\n<li>F\u00f6rnamn och efternamn<\/li>\n<li>F\u00f6retagsadress<\/li>\n<li>Telefonnummer<\/li>\n<li>E-postadress<\/li>\n<li>Ditt samtycke till att anv\u00e4nda informationen till marknadsf\u00f6ring via e-post och\/eller mobil<\/li>\n<li>Kontakt- och k\u00f6phistorik fr\u00e5n bl.a. f\u00f6rs\u00e4ljningsorder, erbjudanden och direkt kontakt med v\u00e5ra f\u00f6rs\u00e4ljningsrepresentanter<\/li>\n<li>Information om hur du anv\u00e4nder webbplatsen i form av bland annat vilka undersidor som bes\u00f6ks, webbl\u00e4sarinst\u00e4llningar och IP-adress<\/li>\n<\/ul>\n<p>Syftet med informationen som skaffas kan vara:<\/p>\n<ul>\n<li>Att f\u00f6rb\u00e4ttra v\u00e5ra tj\u00e4nster<\/li>\n<li>Att kunna erbjuda tillg\u00e5ng till v\u00e5ra produkter och tj\u00e4nster<\/li>\n<li>Att kunna skicka ut relevant information<\/li>\n<li>Att kunna ta kontakt och erbjuda v\u00e5ra produkter och tj\u00e4nster<\/li>\n<\/ul>\n<p><strong>Kundservice<\/strong><br \/>\nMonitor ERP System. Det \u00e4r v\u00e5r kundservice plattform. Den \u00e4r ansluten s\u00e5 att vi enkelt kan h\u00e4mta information och hj\u00e4lpa dig.<\/p>\n<p><strong>Informationskapslar (cookies)<\/strong><br \/>\nHeatWorks webbplats och de allra flesta webbplatser anv\u00e4nder s\u00e5kallade informationskapslar eller cookies f\u00f6r att f\u00f6rb\u00e4ttra anv\u00e4ndarupplevelsen. En informationskapsel \u00e4r en liten textfil som sparas p\u00e5 din dator vid bes\u00f6k p\u00e5 eller interaktion med en webbplats. HeatWork anv\u00e4nder dessa informationskapslar till att f\u00f6rb\u00e4ttra anv\u00e4ndarupplevelsen p\u00e5 webbplatsen samt till att samla in statistik som vi anv\u00e4nder till att g\u00f6ra v\u00e5r webbplats b\u00e4ttre. Genom att anv\u00e4nda HeatWorks webbplats samtycker du till att vi kan placera informationskapslar i din webbl\u00e4sare.<\/p>\n<p><strong>Hur raderas uppgifterna?<\/strong><br \/>\nInformationen raderas p\u00e5 beg\u00e4ran genom att kontakta oss p\u00e5: post@heatwork.com<\/p>\n<p><strong>Utl\u00e4mnande av information till en tredje part?<\/strong><br \/>\nPersonuppgifterna delas inte med utomst\u00e5ende tredje parter, men HeatWork kan anv\u00e4nda underleverant\u00f6rer till att leverera hela eller delar av webbplatsen. S\u00e5dana underleverant\u00f6rer kan behandla personuppgifter i HeatWorks namn.<\/p>\n<p><strong>R\u00e4ttigheter<\/strong><br \/>\nSom anv\u00e4ndare av v\u00e5r webbplats har du r\u00e4tt till att kr\u00e4va insyn i de personuppgifter vi behandlar om dig och hur de behandlas. Du kan ocks\u00e5 yrka p\u00e5 r\u00e4ttelse, radering och begr\u00e4nsningar i behandlingen av personuppgifter enligt personuppgiftslagen. N\u00e4r behandlingen av personuppgifter baseras p\u00e5 samtycke kan du n\u00e4r som helst dra tillbaka ditt samtycke. Om du anser att HeatWork AS inte har efterlevt dina r\u00e4ttigheter enligt personuppgiftslagen har du r\u00e4tt att klaga hos den ansvariga kontrollmyndigheten. Det g\u00f6r du genom att skicka ett klagom\u00e5l till\u00a0<span class=\"s1\">Datainspektionen<\/span>, kontaktinformationen finns tillg\u00e4nglig p\u00e5 www.datainspektionen.se.<\/p>\n","protected":false},"excerpt":{"rendered":"<p>Vi p\u00e5 HeatWork \u00e4r m\u00e5na om att skydda dina personuppgifter. I denna f\u00f6rklaring beskriver vi hur vi samlar in information. Vi jobbar st\u00e4ndigt f\u00f6r att ge dig goda anv\u00e4ndarupplevelser p\u00e5 heatwork.com. F\u00f6r att klara det samlar vi in information om anv\u00e4ndarm\u00f6nster och personuppgifter. P\u00e5 den h\u00e4r sidan hittar du all information om hur vi hanterar [&hellip;]<\/p>\n","protected":false},"author":8,"featured_media":0,"parent":0,"menu_order":1,"comment_status":"closed","ping_status":"closed","template":"","meta":{"_acf_changed":false,"footnotes":"","_links_to":"","_links_to_target":""},"class_list":["post-41354","page","type-page","status-publish"],"acf":[],"_links":{"self":[{"href":"https:\/\/heatwork.com\/sv\/wp-json\/wp\/v2\/pages\/41354"}],"collection":[{"href":"https:\/\/heatwork.com\/sv\/wp-json\/wp\/v2\/pages"}],"about":[{"href":"https:\/\/heatwork.com\/sv\/wp-json\/wp\/v2\/types\/page"}],"author":[{"embeddable":true,"href":"https:\/\/heatwork.com\/sv\/wp-json\/wp\/v2\/users\/8"}],"replies":[{"embeddable":true,"href":"https:\/\/heatwork.com\/sv\/wp-json\/wp\/v2\/comments?post=41354"}],"version-history":[{"count":0,"href":"https:\/\/heatwork.com\/sv\/wp-json\/wp\/v2\/pages\/41354\/revisions"}],"wp:attachment":[{"href":"https:\/\/heatwork.com\/sv\/wp-json\/wp\/v2\/media?parent=41354"}],"curies":[{"name":"wp","href":"https:\/\/api.w.org\/{rel}","templated":true}]}}