{"id":44861,"date":"2020-07-15T10:43:17","date_gmt":"2020-07-15T08:43:17","guid":{"rendered":"https:\/\/heatwork.com\/?page_id=44861"},"modified":"2024-01-08T12:52:05","modified_gmt":"2024-01-08T11:52:05","slug":"hw-x2","status":"publish","type":"page","link":"https:\/\/heatwork.com\/sv\/produkter\/hw-x2\/","title":{"rendered":"HW X2"},"content":{"rendered":"<div class=\"o-carousel js-carousel\"><div class=\"o-carousel__main js-carousel-main wdtvi\" data-id=\"wdtvi\"><img loading=\"lazy\" decoding=\"async\" src=\"https:\/\/heatwork.com\/wp-content\/uploads\/2020\/08\/20200821_141301-wide-1-940x504.jpg\" width=\"940\" height=\"504\" alt=\"\" \/>\n<img loading=\"lazy\" decoding=\"async\" src=\"https:\/\/heatwork.com\/wp-content\/uploads\/2020\/08\/20200821_141421-wide-1-940x513.jpg\" width=\"940\" height=\"513\" alt=\"\" \/>\n<img loading=\"lazy\" decoding=\"async\" src=\"https:\/\/heatwork.com\/wp-content\/uploads\/2020\/08\/20200821_133506-copy-1-940x705.jpg\" width=\"940\" height=\"705\" alt=\"\" \/>\n<img loading=\"lazy\" decoding=\"async\" src=\"https:\/\/heatwork.com\/wp-content\/uploads\/2020\/08\/20200821_133513-copy-1-940x705.jpg\" width=\"940\" height=\"705\" alt=\"\" \/>\n<img loading=\"lazy\" decoding=\"async\" src=\"https:\/\/heatwork.com\/wp-content\/uploads\/2020\/08\/20200825_124235-copy-940x705.jpg\" width=\"940\" height=\"705\" alt=\"\" \/>\n<img loading=\"lazy\" decoding=\"async\" src=\"https:\/\/heatwork.com\/wp-content\/uploads\/2020\/08\/20200821_141430-copy-1-940x705.jpg\" width=\"940\" height=\"705\" alt=\"\" \/>\n<img loading=\"lazy\" decoding=\"async\" src=\"https:\/\/heatwork.com\/wp-content\/uploads\/2020\/09\/HeatWork-X2-Narvik10-791x940.jpg\" width=\"791\" height=\"940\" alt=\"\" \/>\n<img loading=\"lazy\" decoding=\"async\" src=\"https:\/\/heatwork.com\/wp-content\/uploads\/2020\/08\/20200821_132315-square-1-940x918.jpg\" width=\"940\" height=\"918\" alt=\"\" \/>\n<img loading=\"lazy\" decoding=\"async\" src=\"https:\/\/heatwork.com\/wp-content\/uploads\/2020\/08\/20200825_093336-copy-1-940x705.jpg\" width=\"940\" height=\"705\" alt=\"\" \/>\n<\/div><ul class=\"o-carousel__nav js-carousel-nav\"><li><img loading=\"lazy\" decoding=\"async\" src=\"https:\/\/heatwork.com\/wp-content\/uploads\/2020\/08\/20200821_141301-wide-1-290x290.jpg\" width=\"290\" height=\"290\" alt=\"\" \/><\/li>\n<li><img loading=\"lazy\" decoding=\"async\" src=\"https:\/\/heatwork.com\/wp-content\/uploads\/2020\/08\/20200821_141421-wide-1-290x290.jpg\" width=\"290\" height=\"290\" alt=\"\" \/><\/li>\n<li><img loading=\"lazy\" decoding=\"async\" src=\"https:\/\/heatwork.com\/wp-content\/uploads\/2020\/08\/20200821_133506-copy-1-290x290.jpg\" width=\"290\" height=\"290\" alt=\"\" \/><\/li>\n<li><img loading=\"lazy\" decoding=\"async\" src=\"https:\/\/heatwork.com\/wp-content\/uploads\/2020\/08\/20200821_133513-copy-1-290x290.jpg\" width=\"290\" height=\"290\" alt=\"\" \/><\/li>\n<li><img loading=\"lazy\" decoding=\"async\" src=\"https:\/\/heatwork.com\/wp-content\/uploads\/2020\/08\/20200825_124235-copy-290x290.jpg\" width=\"290\" height=\"290\" alt=\"\" \/><\/li>\n<li><img loading=\"lazy\" decoding=\"async\" src=\"https:\/\/heatwork.com\/wp-content\/uploads\/2020\/08\/20200821_141430-copy-1-290x290.jpg\" width=\"290\" height=\"290\" alt=\"\" \/><\/li>\n<li><img loading=\"lazy\" decoding=\"async\" src=\"https:\/\/heatwork.com\/wp-content\/uploads\/2020\/09\/HeatWork-X2-Narvik10-290x290.jpg\" width=\"290\" height=\"290\" alt=\"\" \/><\/li>\n<li><img loading=\"lazy\" decoding=\"async\" src=\"https:\/\/heatwork.com\/wp-content\/uploads\/2020\/08\/20200821_132315-square-1-290x290.jpg\" width=\"290\" height=\"290\" alt=\"\" \/><\/li>\n<li><img loading=\"lazy\" decoding=\"async\" src=\"https:\/\/heatwork.com\/wp-content\/uploads\/2020\/08\/20200825_093336-copy-1-290x290.jpg\" width=\"290\" height=\"290\" alt=\"\" \/><\/li>\n<\/ul><\/div>\n<h2>Nya HW X2 &#8211; Double Power f\u00f6r byggnadsuppv\u00e4rmning, betongarbete, torkning, skadesanering och skadedjursbek\u00e4mpning.<\/h2>\n<p><strong>HW X2 \u00e4r en ny mobilt v\u00e4rmeverk med \u00f6ver 200 kW. Att vara dubbelt s\u00e5 kraftfull j\u00e4mf\u00f6rt med <a href=\"https:\/\/heatwork.com\/sv\/produkter\/hw-103-hh\/\">HW 103HH<\/a> g\u00f6r det m\u00f6jligt att g\u00f6ra jobbet mer effektivt och kombinera olika uppgifter.<\/strong><\/p>\n<p><strong>Dess h\u00f6ga kapacitet, l\u00e5ga vikt och m\u00e5nga anv\u00e4ndbara justeringar g\u00f6r den idealisk f\u00f6r b\u00e5de mindre och st\u00f6rre v\u00e4rmerelaterade uppgifter inom en rad olika omr\u00e5den. Den \u00e4r byggd f\u00f6r att leverera stora m\u00e4ngder energi till byggnader med tillf\u00e4lliga v\u00e4rmebehov med hj\u00e4lp av <a href=\"https:\/\/heatwork.com\/sv\/produkter\/cliwi\/\">CliWi<\/a>-produkter.<\/strong><\/p>\n<p>HW X2 \u00e4r automatiserad och mobil. Den levererar upp till 100\u00b0 C v\u00e4tskeburen v\u00e4rme, med en verkningsgrad p\u00e5 94%.<br \/>\nDe mobila v\u00e4rmeverket med tillh\u00f6rande extrautrustning \u00e4r avsedd f\u00f6r arbete i konstruktion, torkning, skadesanering, betong och skadedjursbek\u00e4mpning. Extrautrustningen inkluderar v\u00e4rmev\u00e4xlare, fl\u00e4ktar, slangar, isoleringsmattor, spolar och mer.<\/p>\n<p>HeatWorks maskiner anv\u00e4nder diesel eller andra generationens biodiesel f\u00f6r att v\u00e4rma upp en cirkulerande v\u00e4rmev\u00e4tska och el f\u00f6r att driva pumparna och styrsystemet. fj\u00e4rr reglering av v\u00e4tsketemperaturen ger flexibel och ekonomisk drift. Enkel transport, anslutning och tr\u00e5dl\u00f6s kontroll g\u00f6r den h\u00e4r maskinen unik.<\/p>\n<div class=\"ingrid in-halves\">\n<div class=\"unit\">\n<p class=\"p1\"><span style=\"color: #41ad49;\"><strong>Vad g\u00f6r HW X2 unikt?<\/strong><\/span><\/p>\n<ul>\n<li class=\"p1\">Tv\u00e5 oberoende interna system i maskinen g\u00f6r det m\u00f6jligt att g\u00f6ra flera jobb samtidigt<\/li>\n<li class=\"p1\">Tv\u00e5 oberoende temperaturzoner g\u00f6r maskinen extremt flexibel<\/li>\n<li class=\"p1\">H\u00f6g pump kapacitet &#8211; effektivare fl\u00f6de<\/li>\n<li class=\"p1\">Anv\u00e4ndarv\u00e4nligt &#8211; alla kontroller p\u00e5 ett st\u00e4lle<\/li>\n<li class=\"p1\">Maskinen kan levereras med vatten- och eller glykolsystem<\/li>\n<\/ul>\n<\/div>\n<div class=\"unit\">\n<p class=\"p1\"><span style=\"color: #41ad49;\"><strong>Anv\u00e4ndningsomr\u00e5den:<\/strong><\/span><\/p>\n<ul>\n<li class=\"p1\">Byggv\u00e4rme\/byggtork<\/li>\n<li class=\"p1\">V\u00e4rmebehandling av byggnader, lokaler, objekt<\/li>\n<li class=\"p1\">Skadedjursbek\u00e4mpning<\/li>\n<li class=\"p1\">Betongarbeten<\/li>\n<li class=\"p1\">Skadesanering<\/li>\n<\/ul>\n<\/div>\n<\/div>\n<p>&nbsp;<\/p>\n<hr \/>\n<div class=\"ingrid in-fourths\">\n<div class=\"unit\">\n<p><b>Praktiska slangvagn<\/b><\/p>\n<p class=\"p1\">CliWi W90<br \/>\n92 meter 5\/8 slang eller 40 meter 1 &#8220;slang.<\/p>\n<\/div>\n<div class=\"unit\">\n<p><img loading=\"lazy\" decoding=\"async\" class=\"alignnone wp-image-39393 size-full\" src=\"https:\/\/heatwork.com\/wp-content\/uploads\/2017\/11\/CliWi-slangevogn.jpg\" alt=\"\" width=\"158\" height=\"158\" srcset=\"https:\/\/heatwork.com\/wp-content\/uploads\/2017\/11\/CliWi-slangevogn.jpg 158w, https:\/\/heatwork.com\/wp-content\/uploads\/2017\/11\/CliWi-slangevogn-100x100.jpg 100w\" sizes=\"(max-width: 158px) 100vw, 158px\" \/><\/p>\n<\/div>\n<div class=\"unit\">\n<p><b>CliWi<\/b><\/p>\n<p class=\"p1\">CliWi \u00e4r en f\u00f6rkortning till klimatvinnaren &#8220;Climate Winner&#8221; och \u00e4r ett extremt milj\u00f6v\u00e4nligt, smart och effektivt s\u00e4tt att vaxla energi.<\/p>\n<\/div>\n<div class=\"unit\"><img loading=\"lazy\" decoding=\"async\" class=\"alignnone wp-image-39392 size-full\" src=\"https:\/\/heatwork.com\/wp-content\/uploads\/2017\/11\/CliWi-produkter.jpg\" alt=\"\" width=\"158\" height=\"158\" srcset=\"https:\/\/heatwork.com\/wp-content\/uploads\/2017\/11\/CliWi-produkter.jpg 158w, https:\/\/heatwork.com\/wp-content\/uploads\/2017\/11\/CliWi-produkter-100x100.jpg 100w\" sizes=\"(max-width: 158px) 100vw, 158px\" \/><\/div>\n<\/div>\n","protected":false},"excerpt":{"rendered":"<p>Nya HW X2 &#8211; Double Power f\u00f6r byggnadsuppv\u00e4rmning, betongarbete, torkning, skadesanering och skadedjursbek\u00e4mpning. HW X2 \u00e4r en ny mobilt v\u00e4rmeverk med \u00f6ver 200 kW. Att vara dubbelt s\u00e5 kraftfull j\u00e4mf\u00f6rt med HW 103HH g\u00f6r det m\u00f6jligt att g\u00f6ra jobbet mer effektivt och kombinera olika uppgifter. Dess h\u00f6ga kapacitet, l\u00e5ga vikt och m\u00e5nga anv\u00e4ndbara justeringar g\u00f6r [&hellip;]<\/p>\n","protected":false},"author":8,"featured_media":44881,"parent":21810,"menu_order":2,"comment_status":"closed","ping_status":"closed","template":"","meta":{"_acf_changed":false,"footnotes":"","_links_to":"","_links_to_target":""},"class_list":["post-44861","page","type-page","status-publish","has-post-thumbnail"],"acf":[],"_links":{"self":[{"href":"https:\/\/heatwork.com\/sv\/wp-json\/wp\/v2\/pages\/44861"}],"collection":[{"href":"https:\/\/heatwork.com\/sv\/wp-json\/wp\/v2\/pages"}],"about":[{"href":"https:\/\/heatwork.com\/sv\/wp-json\/wp\/v2\/types\/page"}],"author":[{"embeddable":true,"href":"https:\/\/heatwork.com\/sv\/wp-json\/wp\/v2\/users\/8"}],"replies":[{"embeddable":true,"href":"https:\/\/heatwork.com\/sv\/wp-json\/wp\/v2\/comments?post=44861"}],"version-history":[{"count":2,"href":"https:\/\/heatwork.com\/sv\/wp-json\/wp\/v2\/pages\/44861\/revisions"}],"predecessor-version":[{"id":52464,"href":"https:\/\/heatwork.com\/sv\/wp-json\/wp\/v2\/pages\/44861\/revisions\/52464"}],"up":[{"embeddable":true,"href":"https:\/\/heatwork.com\/sv\/wp-json\/wp\/v2\/pages\/21810"}],"wp:featuredmedia":[{"embeddable":true,"href":"https:\/\/heatwork.com\/sv\/wp-json\/wp\/v2\/media\/44881"}],"wp:attachment":[{"href":"https:\/\/heatwork.com\/sv\/wp-json\/wp\/v2\/media?parent=44861"}],"curies":[{"name":"wp","href":"https:\/\/api.w.org\/{rel}","templated":true}]}}