{"id":45158,"date":"2020-11-25T10:26:10","date_gmt":"2020-11-25T09:26:10","guid":{"rendered":"https:\/\/heatwork.com\/?page_id=45158"},"modified":"2022-09-19T13:58:53","modified_gmt":"2022-09-19T11:58:53","slug":"cliwi-elektrisk","status":"publish","type":"page","link":"https:\/\/heatwork.com\/sv\/produkter\/cliwi-elektrisk\/","title":{"rendered":"CliWi &#8211; Elektrisk"},"content":{"rendered":"<p>&nbsp;<\/p>\n<div class=\"o-carousel js-carousel\"><div class=\"o-carousel__main js-carousel-main zcgqo\" data-id=\"zcgqo\"><img loading=\"lazy\" decoding=\"async\" src=\"https:\/\/heatwork.com\/wp-content\/uploads\/2020\/11\/CliWi-Elektrisk-940x529.jpg\" width=\"940\" height=\"529\" alt=\"\" \/>\n<img loading=\"lazy\" decoding=\"async\" src=\"https:\/\/heatwork.com\/wp-content\/uploads\/2020\/11\/CliWi-Elektrisk-2_update-705x940.jpg\" width=\"705\" height=\"940\" alt=\"\" \/>\n<img loading=\"lazy\" decoding=\"async\" src=\"https:\/\/heatwork.com\/wp-content\/uploads\/2020\/11\/CliWi-Elektrisk-3-940x940.jpg\" width=\"940\" height=\"940\" alt=\"\" \/>\n<img loading=\"lazy\" decoding=\"async\" src=\"https:\/\/heatwork.com\/wp-content\/uploads\/2021\/12\/CliWi-HB-300-wheels-603x940.jpg\" width=\"603\" height=\"940\" alt=\"\" \/>\n<img loading=\"lazy\" decoding=\"async\" src=\"https:\/\/heatwork.com\/wp-content\/uploads\/2021\/12\/CliWi-HB-300_filter_DSC04738-white-671x940.jpg\" width=\"671\" height=\"940\" alt=\"\" \/>\n<\/div><ul class=\"o-carousel__nav js-carousel-nav\"><li><img loading=\"lazy\" decoding=\"async\" src=\"https:\/\/heatwork.com\/wp-content\/uploads\/2020\/11\/CliWi-Elektrisk-290x290.jpg\" width=\"290\" height=\"290\" alt=\"\" \/><\/li>\n<li><img loading=\"lazy\" decoding=\"async\" src=\"https:\/\/heatwork.com\/wp-content\/uploads\/2020\/11\/CliWi-Elektrisk-2_update-290x290.jpg\" width=\"290\" height=\"290\" alt=\"\" \/><\/li>\n<li><img loading=\"lazy\" decoding=\"async\" src=\"https:\/\/heatwork.com\/wp-content\/uploads\/2020\/11\/CliWi-Elektrisk-3-290x290.jpg\" width=\"290\" height=\"290\" alt=\"\" \/><\/li>\n<li><img loading=\"lazy\" decoding=\"async\" src=\"https:\/\/heatwork.com\/wp-content\/uploads\/2021\/12\/CliWi-HB-300-wheels-290x290.jpg\" width=\"290\" height=\"290\" alt=\"\" \/><\/li>\n<li><img loading=\"lazy\" decoding=\"async\" src=\"https:\/\/heatwork.com\/wp-content\/uploads\/2021\/12\/CliWi-HB-300_filter_DSC04738-white-290x290.jpg\" width=\"290\" height=\"290\" alt=\"\" \/><\/li>\n<\/ul><\/div>\n<h1>100% <strong>elektrisk byggv\u00e4rme<\/strong><\/h1>\n<p><strong>Testresultatene er helt r\u00e5!<\/strong><br \/>\n<strong>Opptil 30% h\u00f8yere temperaturl\u00f8ft enn tilsvarende produkter p\u00e5 markedet.<\/strong><\/p>\n<p>Fossil- og utsl\u00e4ppsfri byggv\u00e4rme\/byggt\u00f6rk med CliWi!<\/p>\n<p>HeatWorks elektriska nyhet har designats f\u00f6r en maximal energieffekt och toppmoderna anv\u00e4ndargr\u00e4nssnitt. Vi har arbetat med v\u00e4rme i l\u00e5ngt \u00f6ver 15 \u00e5r och har utarbetat en solid kompetens p\u00e5 omr\u00e5det. V\u00e5r prisvinnare CliWi har nu blivit elektrisk, och vi hj\u00e4lper dig g\u00e4rna med ditt v\u00e4rmebehov.<\/p>\n<p>CliWi har den smarta kombinationen av en tystg\u00e5ende och kraftig kanalfl\u00e4kt med en rund utformning av element. D\u00e4rmed passerar luften alla v\u00e4rmeelement j\u00e4mnt, utan internt motst\u00e5nd. Det ger en maximal temperaturstigning och en optimal spridning av luft.<\/p>\n<p>CliWi har fler effektniv\u00e5er upp till 18 kW.<br \/>\nProdukten \u00a0\u00e4r solid och praktiskt byggd med l\u00e4tt vikt och i pulverlackerat aluminium.<br \/>\nCliWi har utrustats med en egendesignad textilf\u00f6rdelare som sprider luften 360 grader, och kan uppr\u00e4tth\u00e5lla v\u00e4rmen p\u00e5 en yta p\u00e5 ca. 400m\u00b2.<\/p>\n<ul>\n<li>Norsk design och product<\/li>\n<li>Rund design p\u00e5 fl\u00e4kt och v\u00e4rmeelement ger en maximal temperaturstigning<\/li>\n<li>Tv\u00e5 filter f\u00f6r en j\u00e4mnare och b\u00e4ttre luftstr\u00f6m &#8211; ger ocks\u00e5 ett l\u00e4ngre bytesintervall<\/li>\n<li>Filter i olika filterklasser &#8211; F7 eller G4<\/li>\n<li>Textilluftf\u00f6rdelare som ger 360 graders spridning och maximal kastl\u00e4ngd<\/li>\n<li>H\u00f8y delta-T og h\u00f8ye luftstr\u00f8mmer gir et energieffektivt system<\/li>\n<li>L\u00e4tt vikt och 4 stora hjul g\u00f6r det enkelt att lyfta, flytta och transportera<\/li>\n<li>Digitalt termostat f\u00f6r reglering av rumstemperatur<\/li>\n<\/ul>\n<p><img loading=\"lazy\" decoding=\"async\" class=\"alignnone wp-image-46556 size-large\" src=\"https:\/\/heatwork.com\/wp-content\/uploads\/2021\/06\/CliWi-el-technical-data_SE-940x443.png\" alt=\"\" width=\"940\" height=\"443\" srcset=\"https:\/\/heatwork.com\/wp-content\/uploads\/2021\/06\/CliWi-el-technical-data_SE-940x443.png 940w, https:\/\/heatwork.com\/wp-content\/uploads\/2021\/06\/CliWi-el-technical-data_SE-600x283.png 600w, https:\/\/heatwork.com\/wp-content\/uploads\/2021\/06\/CliWi-el-technical-data_SE-480x226.png 480w, https:\/\/heatwork.com\/wp-content\/uploads\/2021\/06\/CliWi-el-technical-data_SE-768x362.png 768w, https:\/\/heatwork.com\/wp-content\/uploads\/2021\/06\/CliWi-el-technical-data_SE.png 1019w\" sizes=\"(max-width: 940px) 100vw, 940px\" \/><\/p>\n","protected":false},"excerpt":{"rendered":"<p>&nbsp; 100% elektrisk byggv\u00e4rme Testresultatene er helt r\u00e5! Opptil 30% h\u00f8yere temperaturl\u00f8ft enn tilsvarende produkter p\u00e5 markedet. Fossil- og utsl\u00e4ppsfri byggv\u00e4rme\/byggt\u00f6rk med CliWi! HeatWorks elektriska nyhet har designats f\u00f6r en maximal energieffekt och toppmoderna anv\u00e4ndargr\u00e4nssnitt. Vi har arbetat med v\u00e4rme i l\u00e5ngt \u00f6ver 15 \u00e5r och har utarbetat en solid kompetens p\u00e5 omr\u00e5det. V\u00e5r prisvinnare [&hellip;]<\/p>\n","protected":false},"author":11,"featured_media":45124,"parent":21810,"menu_order":9,"comment_status":"closed","ping_status":"closed","template":"","meta":{"_acf_changed":false,"footnotes":"","_links_to":"","_links_to_target":""},"class_list":["post-45158","page","type-page","status-publish","has-post-thumbnail"],"acf":[],"_links":{"self":[{"href":"https:\/\/heatwork.com\/sv\/wp-json\/wp\/v2\/pages\/45158"}],"collection":[{"href":"https:\/\/heatwork.com\/sv\/wp-json\/wp\/v2\/pages"}],"about":[{"href":"https:\/\/heatwork.com\/sv\/wp-json\/wp\/v2\/types\/page"}],"author":[{"embeddable":true,"href":"https:\/\/heatwork.com\/sv\/wp-json\/wp\/v2\/users\/11"}],"replies":[{"embeddable":true,"href":"https:\/\/heatwork.com\/sv\/wp-json\/wp\/v2\/comments?post=45158"}],"version-history":[{"count":3,"href":"https:\/\/heatwork.com\/sv\/wp-json\/wp\/v2\/pages\/45158\/revisions"}],"predecessor-version":[{"id":49770,"href":"https:\/\/heatwork.com\/sv\/wp-json\/wp\/v2\/pages\/45158\/revisions\/49770"}],"up":[{"embeddable":true,"href":"https:\/\/heatwork.com\/sv\/wp-json\/wp\/v2\/pages\/21810"}],"wp:featuredmedia":[{"embeddable":true,"href":"https:\/\/heatwork.com\/sv\/wp-json\/wp\/v2\/media\/45124"}],"wp:attachment":[{"href":"https:\/\/heatwork.com\/sv\/wp-json\/wp\/v2\/media?parent=45158"}],"curies":[{"name":"wp","href":"https:\/\/api.w.org\/{rel}","templated":true}]}}