{"id":48383,"date":"2021-08-25T14:18:31","date_gmt":"2021-08-25T12:18:31","guid":{"rendered":"https:\/\/heatwork.com\/?page_id=48383"},"modified":"2021-12-06T13:20:52","modified_gmt":"2021-12-06T12:20:52","slug":"cliwi-400kw-undercentral","status":"publish","type":"page","link":"https:\/\/heatwork.com\/sv\/produkter\/cliwi-400kw-undercentral\/","title":{"rendered":"CliWi 400kW &#8211; undercentral"},"content":{"rendered":"<p><img loading=\"lazy\" decoding=\"async\" class=\"size-medium wp-image-46817 alignleft\" src=\"https:\/\/heatwork.com\/wp-content\/uploads\/2021\/08\/CliWi-undersentral-400kW_3-copy-401x480.jpg\" alt=\"\" width=\"401\" height=\"480\" srcset=\"https:\/\/heatwork.com\/wp-content\/uploads\/2021\/08\/CliWi-undersentral-400kW_3-copy-401x480.jpg 401w, https:\/\/heatwork.com\/wp-content\/uploads\/2021\/08\/CliWi-undersentral-400kW_3-copy-scaled-600x718.jpg 600w, https:\/\/heatwork.com\/wp-content\/uploads\/2021\/08\/CliWi-undersentral-400kW_3-copy-786x940.jpg 786w, https:\/\/heatwork.com\/wp-content\/uploads\/2021\/08\/CliWi-undersentral-400kW_3-copy-768x919.jpg 768w, https:\/\/heatwork.com\/wp-content\/uploads\/2021\/08\/CliWi-undersentral-400kW_3-copy-1284x1536.jpg 1284w, https:\/\/heatwork.com\/wp-content\/uploads\/2021\/08\/CliWi-undersentral-400kW_3-copy-1712x2048.jpg 1712w\" sizes=\"(max-width: 401px) 100vw, 401px\" \/><img loading=\"lazy\" decoding=\"async\" class=\"size-medium wp-image-46823 alignnone\" src=\"https:\/\/heatwork.com\/wp-content\/uploads\/2021\/08\/CliWi-undersentral-400kW_4-copy-350x480.jpg\" alt=\"\" width=\"350\" height=\"480\" srcset=\"https:\/\/heatwork.com\/wp-content\/uploads\/2021\/08\/CliWi-undersentral-400kW_4-copy-350x480.jpg 350w, https:\/\/heatwork.com\/wp-content\/uploads\/2021\/08\/CliWi-undersentral-400kW_4-copy-scaled-600x822.jpg 600w, https:\/\/heatwork.com\/wp-content\/uploads\/2021\/08\/CliWi-undersentral-400kW_4-copy-686x940.jpg 686w, https:\/\/heatwork.com\/wp-content\/uploads\/2021\/08\/CliWi-undersentral-400kW_4-copy-768x1052.jpg 768w, https:\/\/heatwork.com\/wp-content\/uploads\/2021\/08\/CliWi-undersentral-400kW_4-copy-1121x1536.jpg 1121w, https:\/\/heatwork.com\/wp-content\/uploads\/2021\/08\/CliWi-undersentral-400kW_4-copy-1495x2048.jpg 1495w, https:\/\/heatwork.com\/wp-content\/uploads\/2021\/08\/CliWi-undersentral-400kW_4-copy-scaled.jpg 1868w\" sizes=\"(max-width: 350px) 100vw, 350px\" \/><\/p>\n<h1>Ny CliWi 400kW undercentral f\u00f6r anv\u00e4ndning av fj\u00e4rrv\u00e4rme i byggfasen<\/h1>\n<p>En mobil undercentral i en solid konstruktion. Levereras med hjul f\u00f6r enkel f\u00f6rflyttning eller i container. Prim\u00e4rsidan ansluts med fl\u00e4ns. Sekund\u00e4rsidan har satts upp med enkla plug and play p\u00e5 alla anslutningar, och med m\u00f6jlighet f\u00f6r anpassning.<\/p>\n<p><strong>Unik sekund\u00e4rsida:<\/strong><br \/>\n\u2022 Stor pumpkapacitet<br \/>\n\u2022 Frekvensstyrd pump, med justerbart utg\u00e5ende fl\u00f6de och differenstryck<\/p>\n<p>\u2022 Glykolbaserad sekund\u00e4rsida \u2013 frostskydd och korrosionsd\u00e4mpning<br \/>\n\u2022 V\u00e5r unika pump m\u00f6jligg\u00f6r anv\u00e4ndning av slangar med l\u00e5g dimension<\/p>\n<p>\u2022 F\u00e4rdigfyllda slangar<br \/>\n\u2022 Droppfria snabbkopplingar<br \/>\n\u2022 Plug &amp; play p\u00e5 alla slangar och anslutning till CliWi-system<br \/>\n\u2022 Enkel uppriggning och enkel anslutning av extrautrustning enligt behov<\/p>\n<p>\u2022 Fj\u00e4rrstyrnings- och fj\u00e4rravl\u00e4sningsm\u00f6jligheter f\u00f6r flera parametrar<br \/>\n\u2022 Alarm f\u00f6r l\u00e5gt och h\u00f6gt tryck<br \/>\n\u2022 Justera konstant temperatur f\u00f6r utg\u00e5ende och inkommande fl\u00f6de<\/p>\n<p><img loading=\"lazy\" decoding=\"async\" class=\"size-medium wp-image-46840 alignleft\" src=\"https:\/\/heatwork.com\/wp-content\/uploads\/2021\/08\/Undersentral-no-sky-480x462.jpg\" alt=\"\" width=\"480\" height=\"462\" srcset=\"https:\/\/heatwork.com\/wp-content\/uploads\/2021\/08\/Undersentral-no-sky-480x462.jpg 480w, https:\/\/heatwork.com\/wp-content\/uploads\/2021\/08\/Undersentral-no-sky-600x578.jpg 600w, https:\/\/heatwork.com\/wp-content\/uploads\/2021\/08\/Undersentral-no-sky-940x905.jpg 940w, https:\/\/heatwork.com\/wp-content\/uploads\/2021\/08\/Undersentral-no-sky-768x739.jpg 768w, https:\/\/heatwork.com\/wp-content\/uploads\/2021\/08\/Undersentral-no-sky-1536x1479.jpg 1536w, https:\/\/heatwork.com\/wp-content\/uploads\/2021\/08\/Undersentral-no-sky-2048x1972.jpg 2048w\" sizes=\"(max-width: 480px) 100vw, 480px\" \/><strong><\/p>\n<p>En undercentral f\u00f6r tillf\u00e4llig anv\u00e4ndning av v\u00e4rme i byggprojekt<\/strong><br \/>\nTj\u00e4ltining<br \/>\nSn\u00f6sm\u00e4ltning &amp; frostskydd<br \/>\nBetongh\u00e4rdning &amp; uppv\u00e4rmning vid gjutning<br \/>\nByggv\u00e4rme\/-tork<br \/>\nGolvv\u00e4rmedrift<\/p>\n<p><img loading=\"lazy\" decoding=\"async\" class=\"alignnone wp-image-48385 size-large\" src=\"https:\/\/heatwork.com\/wp-content\/uploads\/2021\/12\/Teknisk-data-undersentral-400kW_SE-940x445.png\" alt=\"\" width=\"940\" height=\"445\" srcset=\"https:\/\/heatwork.com\/wp-content\/uploads\/2021\/12\/Teknisk-data-undersentral-400kW_SE-940x445.png 940w, https:\/\/heatwork.com\/wp-content\/uploads\/2021\/12\/Teknisk-data-undersentral-400kW_SE-600x284.png 600w, https:\/\/heatwork.com\/wp-content\/uploads\/2021\/12\/Teknisk-data-undersentral-400kW_SE-480x227.png 480w, https:\/\/heatwork.com\/wp-content\/uploads\/2021\/12\/Teknisk-data-undersentral-400kW_SE-768x363.png 768w, https:\/\/heatwork.com\/wp-content\/uploads\/2021\/12\/Teknisk-data-undersentral-400kW_SE.png 1116w\" sizes=\"(max-width: 940px) 100vw, 940px\" \/><\/p>\n","protected":false},"excerpt":{"rendered":"<p>Ny CliWi 400kW undercentral f\u00f6r anv\u00e4ndning av fj\u00e4rrv\u00e4rme i byggfasen En mobil undercentral i en solid konstruktion. Levereras med hjul f\u00f6r enkel f\u00f6rflyttning eller i container. Prim\u00e4rsidan ansluts med fl\u00e4ns. Sekund\u00e4rsidan har satts upp med enkla plug and play p\u00e5 alla anslutningar, och med m\u00f6jlighet f\u00f6r anpassning. Unik sekund\u00e4rsida: \u2022 Stor pumpkapacitet \u2022 Frekvensstyrd pump, [&hellip;]<\/p>\n","protected":false},"author":11,"featured_media":46830,"parent":21810,"menu_order":7,"comment_status":"closed","ping_status":"closed","template":"","meta":{"_acf_changed":false,"footnotes":"","_links_to":"","_links_to_target":""},"class_list":["post-48383","page","type-page","status-publish","has-post-thumbnail"],"acf":[],"_links":{"self":[{"href":"https:\/\/heatwork.com\/sv\/wp-json\/wp\/v2\/pages\/48383"}],"collection":[{"href":"https:\/\/heatwork.com\/sv\/wp-json\/wp\/v2\/pages"}],"about":[{"href":"https:\/\/heatwork.com\/sv\/wp-json\/wp\/v2\/types\/page"}],"author":[{"embeddable":true,"href":"https:\/\/heatwork.com\/sv\/wp-json\/wp\/v2\/users\/11"}],"replies":[{"embeddable":true,"href":"https:\/\/heatwork.com\/sv\/wp-json\/wp\/v2\/comments?post=48383"}],"version-history":[{"count":7,"href":"https:\/\/heatwork.com\/sv\/wp-json\/wp\/v2\/pages\/48383\/revisions"}],"predecessor-version":[{"id":48416,"href":"https:\/\/heatwork.com\/sv\/wp-json\/wp\/v2\/pages\/48383\/revisions\/48416"}],"up":[{"embeddable":true,"href":"https:\/\/heatwork.com\/sv\/wp-json\/wp\/v2\/pages\/21810"}],"wp:featuredmedia":[{"embeddable":true,"href":"https:\/\/heatwork.com\/sv\/wp-json\/wp\/v2\/media\/46830"}],"wp:attachment":[{"href":"https:\/\/heatwork.com\/sv\/wp-json\/wp\/v2\/media?parent=48383"}],"curies":[{"name":"wp","href":"https:\/\/api.w.org\/{rel}","templated":true}]}}