{"id":50617,"date":"2022-09-13T14:37:07","date_gmt":"2022-09-13T12:37:07","guid":{"rendered":"https:\/\/heatwork.com\/produkter\/miniheater-my9\/"},"modified":"2023-09-11T18:30:43","modified_gmt":"2023-09-11T16:30:43","slug":"miniheater-my9","status":"publish","type":"page","link":"https:\/\/heatwork.com\/sv\/produkter\/miniheater-my9\/","title":{"rendered":"MiniHeater MY9"},"content":{"rendered":"<div class=\"o-carousel js-carousel\"><div class=\"o-carousel__main js-carousel-main vneyr\" data-id=\"vneyr\"><img loading=\"lazy\" decoding=\"async\" src=\"https:\/\/heatwork.com\/wp-content\/uploads\/2023\/02\/IMG_5652-940x705.jpeg\" width=\"940\" height=\"705\" alt=\"\" \/>\n<img loading=\"lazy\" decoding=\"async\" src=\"https:\/\/heatwork.com\/wp-content\/uploads\/2023\/02\/IMG_5635-940x705.jpg\" width=\"940\" height=\"705\" alt=\"\" \/>\n<\/div><ul class=\"o-carousel__nav js-carousel-nav\"><li><img loading=\"lazy\" decoding=\"async\" src=\"https:\/\/heatwork.com\/wp-content\/uploads\/2023\/02\/IMG_5652-290x290.jpeg\" width=\"290\" height=\"290\" alt=\"\" \/><\/li>\n<li><img loading=\"lazy\" decoding=\"async\" src=\"https:\/\/heatwork.com\/wp-content\/uploads\/2023\/02\/IMG_5635-290x290.jpg\" width=\"290\" height=\"290\" alt=\"\" \/><\/li>\n<\/ul><\/div>\n<h1>Nyheter!<br \/>\n100% Elektrisk MiniHeater MY9<\/h1>\n<p>Elektrisk MiniHeater &#8211; unik maskin f\u00f6r lite mindre uppgifter!<\/p>\n<p>Maskinen \u00e4r byggd p\u00e5 ett slutet system vilket g\u00f6r den mycket energieffektiv. Den har 50 meter f\u00f6rfyllda slangar, med m\u00f6jlighet att driva 150 meter seriekopplad slang. Systemet har droppfria snabbkopplingar som s\u00e4kerst\u00e4ller enkel rigg och anslutning. Liten, effektiv och p\u00e5litlig maskin &#8211; som \u00e4r l\u00e4tt att b\u00e4ra och levereras med lyftok.<\/p>\n<p>MY9 drivs med en 400 volts str\u00f6manslutning.<br \/>\n<img loading=\"lazy\" decoding=\"async\" class=\"wp-image-49863 size-medium alignright\" src=\"https:\/\/heatwork.com\/wp-content\/uploads\/2022\/10\/70-cm-480x480.png\" alt=\"\" width=\"480\" height=\"469\" \/><\/p>\n<p><strong>Teknisk:<\/strong><\/p>\n<ul>\n<li>9kW<\/li>\n<li>400V &#8211; 16A<\/li>\n<li>0 &#8211; 95 \u00b0C<\/li>\n<li>50m 5\/8&#8221; slang<\/li>\n<li>Vikt ca 100kg<\/li>\n<li>Pumpkapacitet 1700 l \/h<\/li>\n<li>El-kasett 14l<\/li>\n<\/ul>\n<p><strong>Bruksomr\u00e5der:<\/strong><\/p>\n<ul>\n<li>Tj\u00e4ltining\/Frostskydd<\/li>\n<li>Dike\/Vattendrag<\/li>\n<li>Upptining av fruset material<\/li>\n<li>Gravlund<\/li>\n<li>Punktupptining<\/li>\n<li>R\u00e4nnor<\/li>\n<li>Drift golvv\u00e4rme<\/li>\n<li>H\u00e4rdning av betong<\/li>\n<li>Beredskap<\/li>\n<li>Tillf\u00e4llig v\u00e4rme, etc<\/li>\n<\/ul>\n<p>&nbsp;<\/p>\n<h1>Biodiesel\/diesel variant &#8211; <a href=\"https:\/\/heatwork.com\/sv\/produkter\/miniheater-my15\/\">l\u00e4s h\u00e4r<\/a> !<\/h1>\n<h1>Kontakta oss <a href=\"https:\/\/heatwork.com\/sv\/kontaktinformasjon\/\">h\u00e4r <\/a>f\u00f6r at h\u00f6ra mer om v\u00e5ra nyheter<\/h1>\n","protected":false},"excerpt":{"rendered":"<p>Nyheter! 100% Elektrisk MiniHeater MY9 Elektrisk MiniHeater &#8211; unik maskin f\u00f6r lite mindre uppgifter! Maskinen \u00e4r byggd p\u00e5 ett slutet system vilket g\u00f6r den mycket energieffektiv. Den har 50 meter f\u00f6rfyllda slangar, med m\u00f6jlighet att driva 150 meter seriekopplad slang. Systemet har droppfria snabbkopplingar som s\u00e4kerst\u00e4ller enkel rigg och anslutning. Liten, effektiv och p\u00e5litlig maskin [&hellip;]<\/p>\n","protected":false},"author":11,"featured_media":51914,"parent":21810,"menu_order":6,"comment_status":"closed","ping_status":"closed","template":"","meta":{"_acf_changed":false,"footnotes":"","_links_to":"","_links_to_target":""},"class_list":["post-50617","page","type-page","status-publish","has-post-thumbnail"],"acf":[],"_links":{"self":[{"href":"https:\/\/heatwork.com\/sv\/wp-json\/wp\/v2\/pages\/50617"}],"collection":[{"href":"https:\/\/heatwork.com\/sv\/wp-json\/wp\/v2\/pages"}],"about":[{"href":"https:\/\/heatwork.com\/sv\/wp-json\/wp\/v2\/types\/page"}],"author":[{"embeddable":true,"href":"https:\/\/heatwork.com\/sv\/wp-json\/wp\/v2\/users\/11"}],"replies":[{"embeddable":true,"href":"https:\/\/heatwork.com\/sv\/wp-json\/wp\/v2\/comments?post=50617"}],"version-history":[{"count":13,"href":"https:\/\/heatwork.com\/sv\/wp-json\/wp\/v2\/pages\/50617\/revisions"}],"predecessor-version":[{"id":51937,"href":"https:\/\/heatwork.com\/sv\/wp-json\/wp\/v2\/pages\/50617\/revisions\/51937"}],"up":[{"embeddable":true,"href":"https:\/\/heatwork.com\/sv\/wp-json\/wp\/v2\/pages\/21810"}],"wp:featuredmedia":[{"embeddable":true,"href":"https:\/\/heatwork.com\/sv\/wp-json\/wp\/v2\/media\/51914"}],"wp:attachment":[{"href":"https:\/\/heatwork.com\/sv\/wp-json\/wp\/v2\/media?parent=50617"}],"curies":[{"name":"wp","href":"https:\/\/api.w.org\/{rel}","templated":true}]}}