{"id":51170,"date":"2023-02-08T13:18:29","date_gmt":"2023-02-08T12:18:29","guid":{"rendered":"https:\/\/heatwork.com\/?page_id=51170"},"modified":"2023-03-15T09:39:49","modified_gmt":"2023-03-15T08:39:49","slug":"hw-6000e","status":"publish","type":"page","link":"https:\/\/heatwork.com\/sv\/produkter\/hw-6000e\/","title":{"rendered":"HW 6000e"},"content":{"rendered":"<div class=\"o-carousel js-carousel\"><div class=\"o-carousel__main js-carousel-main pgwvm\" data-id=\"pgwvm\"><img loading=\"lazy\" decoding=\"async\" src=\"https:\/\/heatwork.com\/wp-content\/uploads\/2023\/02\/X-el_6000e-940x659.jpg\" width=\"940\" height=\"659\" alt=\"\" \/>\n<img loading=\"lazy\" decoding=\"async\" src=\"https:\/\/heatwork.com\/wp-content\/uploads\/2023\/03\/8-705x940.jpg\" width=\"705\" height=\"940\" alt=\"\" \/>\n<img loading=\"lazy\" decoding=\"async\" src=\"https:\/\/heatwork.com\/wp-content\/uploads\/2023\/03\/9-705x940.jpg\" width=\"705\" height=\"940\" alt=\"\" \/>\n<img loading=\"lazy\" decoding=\"async\" src=\"https:\/\/heatwork.com\/wp-content\/uploads\/2023\/03\/5-940x705.jpg\" width=\"940\" height=\"705\" alt=\"\" \/>\n<img loading=\"lazy\" decoding=\"async\" src=\"https:\/\/heatwork.com\/wp-content\/uploads\/2023\/02\/1-705x940.jpg\" width=\"705\" height=\"940\" alt=\"\" \/>\n<img loading=\"lazy\" decoding=\"async\" src=\"https:\/\/heatwork.com\/wp-content\/uploads\/2023\/02\/2-705x940.jpg\" width=\"705\" height=\"940\" alt=\"\" \/>\n<img loading=\"lazy\" decoding=\"async\" src=\"https:\/\/heatwork.com\/wp-content\/uploads\/2023\/02\/3-705x940.jpg\" width=\"705\" height=\"940\" alt=\"\" \/>\n<\/div><ul class=\"o-carousel__nav js-carousel-nav\"><li><img loading=\"lazy\" decoding=\"async\" src=\"https:\/\/heatwork.com\/wp-content\/uploads\/2023\/02\/X-el_6000e-290x290.jpg\" width=\"290\" height=\"290\" alt=\"\" \/><\/li>\n<li><img loading=\"lazy\" decoding=\"async\" src=\"https:\/\/heatwork.com\/wp-content\/uploads\/2023\/03\/8-290x290.jpg\" width=\"290\" height=\"290\" alt=\"\" \/><\/li>\n<li><img loading=\"lazy\" decoding=\"async\" src=\"https:\/\/heatwork.com\/wp-content\/uploads\/2023\/03\/9-290x290.jpg\" width=\"290\" height=\"290\" alt=\"\" \/><\/li>\n<li><img loading=\"lazy\" decoding=\"async\" src=\"https:\/\/heatwork.com\/wp-content\/uploads\/2023\/03\/5-290x290.jpg\" width=\"290\" height=\"290\" alt=\"\" \/><\/li>\n<li><img loading=\"lazy\" decoding=\"async\" src=\"https:\/\/heatwork.com\/wp-content\/uploads\/2023\/02\/1-290x290.jpg\" width=\"290\" height=\"290\" alt=\"\" \/><\/li>\n<li><img loading=\"lazy\" decoding=\"async\" src=\"https:\/\/heatwork.com\/wp-content\/uploads\/2023\/02\/2-290x290.jpg\" width=\"290\" height=\"290\" alt=\"\" \/><\/li>\n<li><img loading=\"lazy\" decoding=\"async\" src=\"https:\/\/heatwork.com\/wp-content\/uploads\/2023\/02\/3-290x290.jpg\" width=\"290\" height=\"290\" alt=\"\" \/><\/li>\n<\/ul><\/div>\n<h1><strong>Nyhet<\/strong><\/h1>\n<h1><strong>100 % elektrisk och utsl\u00e4ppsfri maskin<\/strong><\/h1>\n<p>HW 6000e \u00e4r en 100 % elektrisk och utsl\u00e4ppsfri maskin.<\/p>\n<p>Maskinen har stor kapacitet f\u00f6r alla typer av anv\u00e4ndningsomr\u00e5den d\u00e4r v\u00e4rme beh\u00f6vs.<\/p>\n<p>Den \u00e4r uppbyggd av 3 kretsar, d\u00e4r varje krets ger 36 kW effekt, som kan kopplas in efter behov. Det g\u00f6r att du enkelt kan anv\u00e4nda maskinen ocks\u00e5 vid projekt med begr\u00e4nsad tillg\u00e5ng till el. Med alla kretsar anslutna beh\u00f6ver den en v\u00e4rmeeffekt p\u00e5 hela 108kW.<\/p>\n<p>Den levererar upp till 100 \u00b0C v\u00e4tskeburen v\u00e4rme och har en pumpkapacitet p\u00e5 6 000 liter per timme, och \u00e4r den enda elektriska maskinen p\u00e5 marknaden med \u00f6ver 100 kW effekt. D\u00e4rf\u00f6r \u00e4r detta ett elektriskt kraftpaket f\u00f6r utsl\u00e4ppsfria bygg- och anl\u00e4ggningsprojekt. Temperaturen kan regleras mellan 0-100 grader.<\/p>\n<p>Det \u00e4r kopplat till ett slutet v\u00e4tskeburet system, med 630 meter f\u00e4rdigfyllda slangar f\u00f6rdelade p\u00e5 3 flexibla slangkretsar.<\/p>\n<p>Den nya HW6000e \u00e4r ocks\u00e5 flexibelt utrustad med digital styrning vilket g\u00f6r att du enkelt kan reglera och justera maskinen fr\u00e5n alla digitala ytor.<\/p>\n<h2><strong><a href=\"https:\/\/heatwork.com\/produkter\/hw-6000e\/tekniske-data\/\">Mer om tekniska data h\u00e4r<\/a><\/strong><\/h2>\n<p><img loading=\"lazy\" decoding=\"async\" class=\"alignnone wp-image-51331 size-medium\" src=\"https:\/\/heatwork.com\/wp-content\/uploads\/2023\/03\/HeatWork_gronn_Narvikhavn-480x360.jpg\" alt=\"\" width=\"480\" height=\"345\" \/><\/p>\n<hr \/>\n<div class=\"ingrid in-thirds\">\n<div class=\"unit\"><strong>Upptining och frostskydd:<\/strong><br \/>\n\u2022 Vatten- och avloppsanl\u00e4ggningar<br \/>\n\u2022 Kabeldiken<br \/>\n\u2022 Schakt, socklar och golvytor<br \/>\n\u2022 Tak och bel\u00e4ggningar<br \/>\n\u2022 R\u00f6jning av is och sn\u00f6<br \/>\n\u2022 Bel\u00e4ggningsytor<br \/>\n\u2022 Sandmassor, fogsand<br \/>\n\u2022 Utfyllnadsmassor<br \/>\n\u2022 R\u00f6rgator<\/div>\n<div class=\"unit\"><strong>Uppv\u00e4rmning\/uttorkning:<\/strong><br \/>\n\u2022 Bygg under uppf\u00f6ring\/renovering<br \/>\n\u2022 Lager- och brukshallar<br \/>\n\u2022 Fuktskador<br \/>\n\u2022 Arbetst\u00e4lt<\/div>\n<div class=\"unit\"><strong>H\u00e4rdning av betong\/f\u00f6rv\u00e4rmning<\/strong><br \/>\n\u2022 Markomr\u00e5den innan gjutning<br \/>\n\u2022 Tillf\u00f6rsel av v\u00e4rme genom h\u00e4rdning av betong<br \/>\n\u2022 F\u00f6rskalningar och betongarbeten<br \/>\n\u2022 H\u00e5ld\u00e4ckselement<br \/>\n\u2022 Berg och berggrund vid f\u00f6rankringsarbeten<\/div>\n<\/div>\n","protected":false},"excerpt":{"rendered":"<p>Nyhet 100 % elektrisk och utsl\u00e4ppsfri maskin HW 6000e \u00e4r en 100 % elektrisk och utsl\u00e4ppsfri maskin. Maskinen har stor kapacitet f\u00f6r alla typer av anv\u00e4ndningsomr\u00e5den d\u00e4r v\u00e4rme beh\u00f6vs. Den \u00e4r uppbyggd av 3 kretsar, d\u00e4r varje krets ger 36 kW effekt, som kan kopplas in efter behov. Det g\u00f6r att du enkelt kan anv\u00e4nda [&hellip;]<\/p>\n","protected":false},"author":11,"featured_media":50998,"parent":21810,"menu_order":2,"comment_status":"closed","ping_status":"closed","template":"","meta":{"_acf_changed":false,"footnotes":"","_links_to":"","_links_to_target":""},"class_list":["post-51170","page","type-page","status-publish","has-post-thumbnail"],"acf":[],"_links":{"self":[{"href":"https:\/\/heatwork.com\/sv\/wp-json\/wp\/v2\/pages\/51170"}],"collection":[{"href":"https:\/\/heatwork.com\/sv\/wp-json\/wp\/v2\/pages"}],"about":[{"href":"https:\/\/heatwork.com\/sv\/wp-json\/wp\/v2\/types\/page"}],"author":[{"embeddable":true,"href":"https:\/\/heatwork.com\/sv\/wp-json\/wp\/v2\/users\/11"}],"replies":[{"embeddable":true,"href":"https:\/\/heatwork.com\/sv\/wp-json\/wp\/v2\/comments?post=51170"}],"version-history":[{"count":8,"href":"https:\/\/heatwork.com\/sv\/wp-json\/wp\/v2\/pages\/51170\/revisions"}],"predecessor-version":[{"id":51344,"href":"https:\/\/heatwork.com\/sv\/wp-json\/wp\/v2\/pages\/51170\/revisions\/51344"}],"up":[{"embeddable":true,"href":"https:\/\/heatwork.com\/sv\/wp-json\/wp\/v2\/pages\/21810"}],"wp:featuredmedia":[{"embeddable":true,"href":"https:\/\/heatwork.com\/sv\/wp-json\/wp\/v2\/media\/50998"}],"wp:attachment":[{"href":"https:\/\/heatwork.com\/sv\/wp-json\/wp\/v2\/media?parent=51170"}],"curies":[{"name":"wp","href":"https:\/\/api.w.org\/{rel}","templated":true}]}}