{"id":51247,"date":"2022-12-06T08:53:48","date_gmt":"2022-12-06T07:53:48","guid":{"rendered":"https:\/\/heatwork.com\/?page_id=51247"},"modified":"2023-03-28T07:49:06","modified_gmt":"2023-03-28T05:49:06","slug":"51247-2","status":"publish","type":"page","link":"https:\/\/heatwork.com\/sv\/51247-2\/","title":{"rendered":"HeatWork Control"},"content":{"rendered":"<h1 style=\"text-align: center;\">F\u00e5 kontroll \u00f6ver dina maskiner n\u00e4r du er ifarten!<\/h1>\n<p style=\"text-align: center;\">HeatWork Control \u00e4r en digital plattform i appen eller n\u00e4tportalen som l\u00e5ter dig f\u00e5 full \u00f6verblick och kontroll \u00f6ver dina HeatWork-maskiner, oavsett var du befinner dig! L\u00f6sningen ger dig full digital styrning, \u00f6versikt, GPS-position, fel- och driftmeddelanden, servicevarningar osv. direkt i appen och n\u00e4tportalen. Allt detta s\u00e5 att du alltid kan fatta omedelbara och n\u00f6dv\u00e4ndiga beslut f\u00f6r s\u00e4ker drift av dina projekt, n\u00e4r det \u00e4n m\u00e5 vara!<\/p>\n<h4 style=\"text-align: center;\"><\/h4>\n<ul>\n<li style=\"list-style-type: none;\"><\/li>\n<\/ul>\n<p>&nbsp;<\/p>\n<div class=\"ingrid in-fourths\">\n<div class=\"unit\"><img loading=\"lazy\" decoding=\"async\" class=\"alignnone size-medium wp-image-50396\" src=\"https:\/\/heatwork.com\/wp-content\/uploads\/2022\/12\/1st-screen_beskjaert-248x480.png\" alt=\"\" width=\"248\" height=\"480\" srcset=\"https:\/\/heatwork.com\/wp-content\/uploads\/2022\/12\/1st-screen_beskjaert-248x480.png 248w, https:\/\/heatwork.com\/wp-content\/uploads\/2022\/12\/1st-screen_beskjaert.png 483w\" sizes=\"(max-width: 248px) 100vw, 248px\" \/><\/div>\n<div class=\"unit\"><img loading=\"lazy\" decoding=\"async\" class=\"alignnone size-medium wp-image-50408\" src=\"https:\/\/heatwork.com\/wp-content\/uploads\/2022\/12\/utsryr_beskjaert-244x480.png\" alt=\"\" width=\"244\" height=\"480\" srcset=\"https:\/\/heatwork.com\/wp-content\/uploads\/2022\/12\/utsryr_beskjaert-244x480.png 244w, https:\/\/heatwork.com\/wp-content\/uploads\/2022\/12\/utsryr_beskjaert.png 459w\" sizes=\"(max-width: 244px) 100vw, 244px\" \/><\/div>\n<div class=\"unit\"><img loading=\"lazy\" decoding=\"async\" class=\"alignnone wp-image-50836 size-medium\" src=\"https:\/\/heatwork.com\/wp-content\/uploads\/2023\/01\/Kontroll_beskjaert_rev-1-275x480.png\" alt=\"\" width=\"275\" height=\"480\" srcset=\"https:\/\/heatwork.com\/wp-content\/uploads\/2023\/01\/Kontroll_beskjaert_rev-1-275x480.png 275w, https:\/\/heatwork.com\/wp-content\/uploads\/2023\/01\/Kontroll_beskjaert_rev-1.png 523w\" sizes=\"(max-width: 275px) 100vw, 275px\" \/><\/div>\n<div class=\"unit\"><img loading=\"lazy\" decoding=\"async\" class=\"alignnone size-medium wp-image-50448\" src=\"https:\/\/heatwork.com\/wp-content\/uploads\/2022\/12\/support_beskjaert-246x480.png\" alt=\"\" width=\"246\" height=\"480\" srcset=\"https:\/\/heatwork.com\/wp-content\/uploads\/2022\/12\/support_beskjaert-246x480.png 246w, https:\/\/heatwork.com\/wp-content\/uploads\/2022\/12\/support_beskjaert.png 457w\" sizes=\"(max-width: 246px) 100vw, 246px\" \/><\/div>\n<\/div>\n<p>&nbsp;<\/p>\n<h2 style=\"text-align: left;\">F\u00f6r att anv\u00e4nda digital styrning av din HeatWork Control m\u00e5ste du:<\/h2>\n<ol>\n<li style=\"list-style-type: none;\">\n<ol>\n<li style=\"text-align: left;\">\u00a0Best\u00e4lla PLC-styrning med din nya HeatWork-maskin. PLC-styrning kan ocks\u00e5 eftermonteras p\u00e5 modeller fr\u00e5n och med 2012.<\/li>\n<li>\u00a0Teckna dig f\u00f6r ett av tre olika abonnemang som visat under<\/li>\n<\/ol>\n<\/li>\n<\/ol>\n<p>* PLC-styrning \u00e4r f\u00f6r n\u00e4rvarande endast tillg\u00e4nglig f\u00f6r HW 3600 och CliWi 400 kW subcentral<\/p>\n<div class=\"ingrid in-halves\">\n<div class=\"unit\">\n<h2>V\u00e4lj mellan tre olika abonnemang:<\/h2>\n<p><img loading=\"lazy\" decoding=\"async\" class=\"alignnone wp-image-51414 size-large\" src=\"https:\/\/heatwork.com\/wp-content\/uploads\/2023\/03\/Abonnement-illustrasjon_SE-940x747.jpg\" alt=\"\" width=\"940\" height=\"747\" srcset=\"https:\/\/heatwork.com\/wp-content\/uploads\/2023\/03\/Abonnement-illustrasjon_SE-940x747.jpg 940w, https:\/\/heatwork.com\/wp-content\/uploads\/2023\/03\/Abonnement-illustrasjon_SE-480x381.jpg 480w, https:\/\/heatwork.com\/wp-content\/uploads\/2023\/03\/Abonnement-illustrasjon_SE-768x610.jpg 768w, https:\/\/heatwork.com\/wp-content\/uploads\/2023\/03\/Abonnement-illustrasjon_SE-1536x1220.jpg 1536w, https:\/\/heatwork.com\/wp-content\/uploads\/2023\/03\/Abonnement-illustrasjon_SE-2048x1627.jpg 2048w, https:\/\/heatwork.com\/wp-content\/uploads\/2023\/03\/Abonnement-illustrasjon_SE-1500x1191.jpg 1500w, https:\/\/heatwork.com\/wp-content\/uploads\/2023\/03\/Abonnement-illustrasjon_SE-600x477.jpg 600w\" sizes=\"(max-width: 940px) 100vw, 940px\" \/><\/p>\n<\/div>\n<div class=\"unit\">\n<h2>Webportal og app:<\/h2>\n<p>&nbsp;<\/p>\n<div class=\"ingrid in-halves\"><a href=\"https:\/\/control.heatwork.com\/accounts\/login\/?next=\/dashboard\/\" target=\"_blank\" rel=\"noopener\"><img loading=\"lazy\" decoding=\"async\" class=\"alignnone wp-image-50773\" src=\"https:\/\/heatwork.com\/wp-content\/uploads\/2023\/01\/Webportal-480x160.png\" alt=\"\" width=\"300\" height=\"100\" srcset=\"https:\/\/heatwork.com\/wp-content\/uploads\/2023\/01\/Webportal-480x160.png 480w, https:\/\/heatwork.com\/wp-content\/uploads\/2023\/01\/Webportal-940x314.png 940w, https:\/\/heatwork.com\/wp-content\/uploads\/2023\/01\/Webportal-768x256.png 768w, https:\/\/heatwork.com\/wp-content\/uploads\/2023\/01\/Webportal-600x200.png 600w, https:\/\/heatwork.com\/wp-content\/uploads\/2023\/01\/Webportal.png 1250w\" sizes=\"(max-width: 300px) 100vw, 300px\" \/><\/a><\/div>\n<div class=\"ingrid in-halves\"><a href=\"https:\/\/apps.apple.com\/no\/app\/heatwork\/id6444307465?itsct=apps_box_link&amp;itscg=30200\" target=\"_blank\" rel=\"noopener\"><img loading=\"lazy\" decoding=\"async\" class=\"alignnone wp-image-50749\" src=\"https:\/\/heatwork.com\/wp-content\/uploads\/2023\/01\/Download_on_the_App_Store_Badge_NO_blk_100317-480x161.png\" alt=\"\" width=\"300\" height=\"100\" srcset=\"https:\/\/heatwork.com\/wp-content\/uploads\/2023\/01\/Download_on_the_App_Store_Badge_NO_blk_100317-480x161.png 480w, https:\/\/heatwork.com\/wp-content\/uploads\/2023\/01\/Download_on_the_App_Store_Badge_NO_blk_100317-768x257.png 768w, https:\/\/heatwork.com\/wp-content\/uploads\/2023\/01\/Download_on_the_App_Store_Badge_NO_blk_100317-600x201.png 600w, https:\/\/heatwork.com\/wp-content\/uploads\/2023\/01\/Download_on_the_App_Store_Badge_NO_blk_100317.png 878w\" sizes=\"(max-width: 300px) 100vw, 300px\" \/><\/a><\/div>\n<h2 class=\"unit\"><a href=\"https:\/\/play.google.com\/store\/apps\/details?id=com.heatwork\" target=\"_blank\" rel=\"noopener\"><img loading=\"lazy\" decoding=\"async\" class=\"alignnone wp-image-50761\" src=\"https:\/\/heatwork.com\/wp-content\/uploads\/2023\/01\/google-play-badge-1-480x186.png\" alt=\"\" width=\"300\" height=\"116\" srcset=\"https:\/\/heatwork.com\/wp-content\/uploads\/2023\/01\/google-play-badge-1-480x186.png 480w, https:\/\/heatwork.com\/wp-content\/uploads\/2023\/01\/google-play-badge-1-600x232.png 600w, https:\/\/heatwork.com\/wp-content\/uploads\/2023\/01\/google-play-badge-1.png 646w\" sizes=\"(max-width: 300px) 100vw, 300px\" \/><\/a><\/h2>\n<\/div>\n<\/div>\n","protected":false},"excerpt":{"rendered":"<p>F\u00e5 kontroll \u00f6ver dina maskiner n\u00e4r du er ifarten! HeatWork Control \u00e4r en digital plattform i appen eller n\u00e4tportalen som l\u00e5ter dig f\u00e5 full \u00f6verblick och kontroll \u00f6ver dina HeatWork-maskiner, oavsett var du befinner dig! L\u00f6sningen ger dig full digital styrning, \u00f6versikt, GPS-position, fel- och driftmeddelanden, servicevarningar osv. direkt i appen och n\u00e4tportalen. Allt detta [&hellip;]<\/p>\n","protected":false},"author":34,"featured_media":0,"parent":0,"menu_order":0,"comment_status":"closed","ping_status":"closed","template":"","meta":{"_acf_changed":false,"footnotes":"","_links_to":"","_links_to_target":""},"class_list":["post-51247","page","type-page","status-publish"],"acf":[],"_links":{"self":[{"href":"https:\/\/heatwork.com\/sv\/wp-json\/wp\/v2\/pages\/51247"}],"collection":[{"href":"https:\/\/heatwork.com\/sv\/wp-json\/wp\/v2\/pages"}],"about":[{"href":"https:\/\/heatwork.com\/sv\/wp-json\/wp\/v2\/types\/page"}],"author":[{"embeddable":true,"href":"https:\/\/heatwork.com\/sv\/wp-json\/wp\/v2\/users\/34"}],"replies":[{"embeddable":true,"href":"https:\/\/heatwork.com\/sv\/wp-json\/wp\/v2\/comments?post=51247"}],"version-history":[{"count":4,"href":"https:\/\/heatwork.com\/sv\/wp-json\/wp\/v2\/pages\/51247\/revisions"}],"predecessor-version":[{"id":51420,"href":"https:\/\/heatwork.com\/sv\/wp-json\/wp\/v2\/pages\/51247\/revisions\/51420"}],"wp:attachment":[{"href":"https:\/\/heatwork.com\/sv\/wp-json\/wp\/v2\/media?parent=51247"}],"curies":[{"name":"wp","href":"https:\/\/api.w.org\/{rel}","templated":true}]}}