{"id":51930,"date":"2023-09-07T16:01:12","date_gmt":"2023-09-07T14:01:12","guid":{"rendered":"https:\/\/heatwork.com\/produkter\/miniheater-my15\/"},"modified":"2025-10-09T11:29:02","modified_gmt":"2025-10-09T09:29:02","slug":"miniheater-my15","status":"publish","type":"page","link":"https:\/\/heatwork.com\/sv\/produkter\/miniheater-my15\/","title":{"rendered":"MiniHeater MY15\/MY16"},"content":{"rendered":"<p>&nbsp;<\/p>\n<div class=\"o-carousel js-carousel\"><div class=\"o-carousel__main js-carousel-main bpmpv\" data-id=\"bpmpv\"><img loading=\"lazy\" decoding=\"async\" src=\"https:\/\/heatwork.com\/wp-content\/uploads\/2023\/09\/IMG_2226-705x940.jpg\" width=\"705\" height=\"940\" alt=\"\" \/>\n<img loading=\"lazy\" decoding=\"async\" src=\"https:\/\/heatwork.com\/wp-content\/uploads\/2023\/09\/IMG_2220-705x940.jpg\" width=\"705\" height=\"940\" alt=\"\" \/>\n<img loading=\"lazy\" decoding=\"async\" src=\"https:\/\/heatwork.com\/wp-content\/uploads\/2023\/09\/20230316_133009-1-940x705.jpg\" width=\"940\" height=\"705\" alt=\"\" \/>\n<img loading=\"lazy\" decoding=\"async\" src=\"https:\/\/heatwork.com\/wp-content\/uploads\/2023\/09\/20230406_193827-705x940.jpg\" width=\"705\" height=\"940\" alt=\"\" \/>\n<\/div><ul class=\"o-carousel__nav js-carousel-nav\"><li><img loading=\"lazy\" decoding=\"async\" src=\"https:\/\/heatwork.com\/wp-content\/uploads\/2023\/09\/IMG_2226-290x290.jpg\" width=\"290\" height=\"290\" alt=\"\" \/><\/li>\n<li><img loading=\"lazy\" decoding=\"async\" src=\"https:\/\/heatwork.com\/wp-content\/uploads\/2023\/09\/IMG_2220-290x290.jpg\" width=\"290\" height=\"290\" alt=\"\" \/><\/li>\n<li><img loading=\"lazy\" decoding=\"async\" src=\"https:\/\/heatwork.com\/wp-content\/uploads\/2023\/09\/20230316_133009-1-290x290.jpg\" width=\"290\" height=\"290\" alt=\"\" \/><\/li>\n<li><img loading=\"lazy\" decoding=\"async\" src=\"https:\/\/heatwork.com\/wp-content\/uploads\/2023\/09\/20230406_193827-290x290.jpg\" width=\"290\" height=\"290\" alt=\"\" \/><\/li>\n<\/ul><\/div>\n<h1>MiniHeater MY15\/MY16 &#8211; biodiesel\/diesel<\/h1>\n<p>Liten och smart maskin! 2 kretsar som g\u00f6r maskinen mycket flexibel i anv\u00e4ndning. Allt i en enhet.<\/p>\n<p>Maskinen \u00e4r byggd p\u00e5 ett slutet system vilket g\u00f6r den mycket energieffektiv.<br \/>\nDen har 50 meter f\u00f6rfyllda slangar integrerade i maskinen, men kan \u00e4ven k\u00f6ra ytterligare slangl\u00e4ngder. Fungerar upp till 200 meter totalt, uppdelat i 2 kretsar. Droppfria snabbkopplingar som s\u00e4kerst\u00e4ller enkel rigg och anslutning. Effektiv och p\u00e5litlig maskin &#8211; som \u00e4r l\u00e4tt att ta med sig och kommer med lyftok.<\/p>\n<p><strong>Teknisk:<\/strong><\/p>\n<ul>\n<li>15kW\/MY16<\/li>\n<li>2 kretser &#8211; dubbelt uttag<\/li>\n<li>Str\u00f6m\u00e5tkomst 230V &#8211; 5,4A<\/li>\n<li>MY15: 85 \u00b0C<\/li>\n<li>MY16: Justerbar upp till 85 \u00b0C<\/li>\n<li>50m 5\/8&#8221; slange (fungerar upp till 200 meter totalt) <\/li>\n<li>Vikt ca 100kg<\/li>\n<li>Pumpkapacitet 3000 l \/h<\/li>\n<\/ul>\n<p><strong>Omr\u00e5den:<\/strong><\/p>\n<ul>\n<li>Tj\u00e4ltining\/Frostskydd<\/li>\n<li>Dike\/Vattendrag<\/li>\n<li>Upptining av fruset material<\/li>\n<li>Gravlund<\/li>\n<li>Punktupptining<\/li>\n<li>R\u00e4nnor<\/li>\n<li>Beredskap<\/li>\n<li>Pestkontroll<\/li>\n<li>Tillf\u00e4llig v\u00e4rme, etc<\/li>\n<\/ul>\n<h3>Interesserad av elektrisk MiniHeater? <strong><a href=\"https:\/\/heatwork.com\/fi\/tuotteet\/miniheater-my9\/\">L\u00e4s h\u00e4r<\/a><\/strong><\/h3>\n","protected":false},"excerpt":{"rendered":"<p>&nbsp; MiniHeater MY15\/MY16 &#8211; biodiesel\/diesel Liten och smart maskin! 2 kretsar som g\u00f6r maskinen mycket flexibel i anv\u00e4ndning. Allt i en enhet. Maskinen \u00e4r byggd p\u00e5 ett slutet system vilket g\u00f6r den mycket energieffektiv. Den har 50 meter f\u00f6rfyllda slangar integrerade i maskinen, men kan \u00e4ven k\u00f6ra ytterligare slangl\u00e4ngder. Fungerar upp till 200 meter totalt, [&hellip;]<\/p>\n","protected":false},"author":11,"featured_media":51908,"parent":21810,"menu_order":7,"comment_status":"closed","ping_status":"closed","template":"","meta":{"_acf_changed":false,"footnotes":"","_links_to":"","_links_to_target":""},"class_list":["post-51930","page","type-page","status-publish","has-post-thumbnail"],"acf":[],"_links":{"self":[{"href":"https:\/\/heatwork.com\/sv\/wp-json\/wp\/v2\/pages\/51930"}],"collection":[{"href":"https:\/\/heatwork.com\/sv\/wp-json\/wp\/v2\/pages"}],"about":[{"href":"https:\/\/heatwork.com\/sv\/wp-json\/wp\/v2\/types\/page"}],"author":[{"embeddable":true,"href":"https:\/\/heatwork.com\/sv\/wp-json\/wp\/v2\/users\/11"}],"replies":[{"embeddable":true,"href":"https:\/\/heatwork.com\/sv\/wp-json\/wp\/v2\/comments?post=51930"}],"version-history":[{"count":9,"href":"https:\/\/heatwork.com\/sv\/wp-json\/wp\/v2\/pages\/51930\/revisions"}],"predecessor-version":[{"id":53587,"href":"https:\/\/heatwork.com\/sv\/wp-json\/wp\/v2\/pages\/51930\/revisions\/53587"}],"up":[{"embeddable":true,"href":"https:\/\/heatwork.com\/sv\/wp-json\/wp\/v2\/pages\/21810"}],"wp:featuredmedia":[{"embeddable":true,"href":"https:\/\/heatwork.com\/sv\/wp-json\/wp\/v2\/media\/51908"}],"wp:attachment":[{"href":"https:\/\/heatwork.com\/sv\/wp-json\/wp\/v2\/media?parent=51930"}],"curies":[{"name":"wp","href":"https:\/\/api.w.org\/{rel}","templated":true}]}}