{"id":53135,"date":"2024-08-19T22:35:11","date_gmt":"2024-08-19T20:35:11","guid":{"rendered":"https:\/\/heatwork.com\/?page_id=53135"},"modified":"2024-10-28T15:14:14","modified_gmt":"2024-10-28T14:14:14","slug":"my-40","status":"publish","type":"page","link":"https:\/\/heatwork.com\/sv\/produkter\/my-40\/","title":{"rendered":"MiniHeater MY 40"},"content":{"rendered":"<div class=\"o-carousel js-carousel\"><div class=\"o-carousel__main js-carousel-main eoksm\" data-id=\"eoksm\"><img loading=\"lazy\" decoding=\"async\" src=\"https:\/\/heatwork.com\/wp-content\/uploads\/2024\/08\/HeatWork_MY40-2-705x940.jpg\" width=\"705\" height=\"940\" alt=\"\" \/>\n<img loading=\"lazy\" decoding=\"async\" src=\"https:\/\/heatwork.com\/wp-content\/uploads\/2024\/08\/HeatWork_MY40-8-705x940.jpg\" width=\"705\" height=\"940\" alt=\"\" \/>\n<img loading=\"lazy\" decoding=\"async\" src=\"https:\/\/heatwork.com\/wp-content\/uploads\/2024\/08\/HeatWork_MY40-1-705x940.jpg\" width=\"705\" height=\"940\" alt=\"\" \/>\n<img loading=\"lazy\" decoding=\"async\" src=\"https:\/\/heatwork.com\/wp-content\/uploads\/2024\/08\/HeatWork_MY40-3-705x940.jpg\" width=\"705\" height=\"940\" alt=\"\" \/>\n<\/div><ul class=\"o-carousel__nav js-carousel-nav\"><li><img loading=\"lazy\" decoding=\"async\" src=\"https:\/\/heatwork.com\/wp-content\/uploads\/2024\/08\/HeatWork_MY40-2-290x290.jpg\" width=\"290\" height=\"290\" alt=\"\" \/><\/li>\n<li><img loading=\"lazy\" decoding=\"async\" src=\"https:\/\/heatwork.com\/wp-content\/uploads\/2024\/08\/HeatWork_MY40-8-290x290.jpg\" width=\"290\" height=\"290\" alt=\"\" \/><\/li>\n<li><img loading=\"lazy\" decoding=\"async\" src=\"https:\/\/heatwork.com\/wp-content\/uploads\/2024\/08\/HeatWork_MY40-1-290x290.jpg\" width=\"290\" height=\"290\" alt=\"\" \/><\/li>\n<li><img loading=\"lazy\" decoding=\"async\" src=\"https:\/\/heatwork.com\/wp-content\/uploads\/2024\/08\/HeatWork_MY40-3-290x290.jpg\" width=\"290\" height=\"290\" alt=\"\" \/><\/li>\n<\/ul><\/div>\n<p>&nbsp;<\/p>\n<h1>Helelektrisk mobil v\u00e4rmecentral i miniformat<\/h1>\n<p>Vi lanserar innovationer baserade p\u00e5 20 \u00e5rs f\u00f6rv\u00e4rvad expertis inom v\u00e4tskeburen v\u00e4rme och teknik!<\/p>\n<p>V\u00e5rt m\u00e5l \u00e4r att ge dig som kund st\u00f6rre v\u00e4rde och flexibilitet p\u00e5 v\u00e4gen till en mer h\u00e5llbar vardag.<\/p>\n<p>Nu kommer en helt NY l\u00f6sning som kan g\u00f6ra alla HeatWork-maskiner till hybrider! Dessutom fungerar detta som ett frist\u00e5ende system.<\/p>\n<p><strong>Teknisk:<\/strong><\/p>\n<ul>\n<li>40kW elpanna<\/li>\n<li>Valfri v\u00e4rmeeffekt\n<ul>\n<li>8kW \/16kW \/ 40kW<\/li>\n<\/ul>\n<\/li>\n<li>400V &#8211; 16A \/ 32A \/63A<\/li>\n<li>Pumpkapacitet 3000 l\/h<\/li>\n<li>Digital styrning<\/li>\n<\/ul>\n<p><strong>G\u00f6r HeatWork-maskinen hybrid med en enkel anslutning:<\/strong><br \/>\n<img loading=\"lazy\" decoding=\"async\" src=\"https:\/\/heatwork.com\/wp-content\/uploads\/2024\/09\/40kW-Hybrid-tilkobling-480x329.png\" alt=\"\" width=\"480\" height=\"329\" class=\"alignnone size-medium wp-image-53192\" srcset=\"https:\/\/heatwork.com\/wp-content\/uploads\/2024\/09\/40kW-Hybrid-tilkobling-480x329.png 480w, https:\/\/heatwork.com\/wp-content\/uploads\/2024\/09\/40kW-Hybrid-tilkobling-940x644.png 940w, https:\/\/heatwork.com\/wp-content\/uploads\/2024\/09\/40kW-Hybrid-tilkobling-768x526.png 768w, https:\/\/heatwork.com\/wp-content\/uploads\/2024\/09\/40kW-Hybrid-tilkobling-1500x1028.png 1500w, https:\/\/heatwork.com\/wp-content\/uploads\/2024\/09\/40kW-Hybrid-tilkobling-600x411.png 600w, https:\/\/heatwork.com\/wp-content\/uploads\/2024\/09\/40kW-Hybrid-tilkobling.png 1519w\" sizes=\"(max-width: 480px) 100vw, 480px\" \/><\/p>\n<p><strong>Besparingar p\u00e5 dieself\u00f6rbrukningen n\u00e4r du ansluter MY40 till HW3600:<\/strong><br \/>\n16A  (8kW) = -21l diesel \/ d\u00f8gn<br \/>\n32A  (16kW) = -42l diesel \/ d\u00f8gn<br \/>\n63A (40kW) = -106l diesel \/ d\u00f8gn<\/p>\n","protected":false},"excerpt":{"rendered":"<p>&nbsp; Helelektrisk mobil v\u00e4rmecentral i miniformat Vi lanserar innovationer baserade p\u00e5 20 \u00e5rs f\u00f6rv\u00e4rvad expertis inom v\u00e4tskeburen v\u00e4rme och teknik! V\u00e5rt m\u00e5l \u00e4r att ge dig som kund st\u00f6rre v\u00e4rde och flexibilitet p\u00e5 v\u00e4gen till en mer h\u00e5llbar vardag. Nu kommer en helt NY l\u00f6sning som kan g\u00f6ra alla HeatWork-maskiner till hybrider! Dessutom fungerar detta [&hellip;]<\/p>\n","protected":false},"author":11,"featured_media":53189,"parent":21810,"menu_order":7,"comment_status":"closed","ping_status":"closed","template":"","meta":{"_acf_changed":false,"footnotes":"","_links_to":"","_links_to_target":""},"class_list":["post-53135","page","type-page","status-publish","has-post-thumbnail"],"acf":[],"_links":{"self":[{"href":"https:\/\/heatwork.com\/sv\/wp-json\/wp\/v2\/pages\/53135"}],"collection":[{"href":"https:\/\/heatwork.com\/sv\/wp-json\/wp\/v2\/pages"}],"about":[{"href":"https:\/\/heatwork.com\/sv\/wp-json\/wp\/v2\/types\/page"}],"author":[{"embeddable":true,"href":"https:\/\/heatwork.com\/sv\/wp-json\/wp\/v2\/users\/11"}],"replies":[{"embeddable":true,"href":"https:\/\/heatwork.com\/sv\/wp-json\/wp\/v2\/comments?post=53135"}],"version-history":[{"count":11,"href":"https:\/\/heatwork.com\/sv\/wp-json\/wp\/v2\/pages\/53135\/revisions"}],"predecessor-version":[{"id":53346,"href":"https:\/\/heatwork.com\/sv\/wp-json\/wp\/v2\/pages\/53135\/revisions\/53346"}],"up":[{"embeddable":true,"href":"https:\/\/heatwork.com\/sv\/wp-json\/wp\/v2\/pages\/21810"}],"wp:featuredmedia":[{"embeddable":true,"href":"https:\/\/heatwork.com\/sv\/wp-json\/wp\/v2\/media\/53189"}],"wp:attachment":[{"href":"https:\/\/heatwork.com\/sv\/wp-json\/wp\/v2\/media?parent=53135"}],"curies":[{"name":"wp","href":"https:\/\/api.w.org\/{rel}","templated":true}]}}