{"id":53255,"date":"2024-09-26T14:33:39","date_gmt":"2024-09-26T12:33:39","guid":{"rendered":"https:\/\/heatwork.com\/?page_id=53255"},"modified":"2024-10-28T09:57:29","modified_gmt":"2024-10-28T08:57:29","slug":"hw-3600-hybrid-40","status":"publish","type":"page","link":"https:\/\/heatwork.com\/sv\/produkter\/hw-3600-hybrid-40\/","title":{"rendered":"HW 3600 Hybrid 40"},"content":{"rendered":"<div class=\"o-carousel js-carousel\"><div class=\"o-carousel__main js-carousel-main pcdga\" data-id=\"pcdga\"><img loading=\"lazy\" decoding=\"async\" src=\"https:\/\/heatwork.com\/wp-content\/uploads\/2024\/09\/HW3600-Hybrid40-705x940.jpg\" width=\"705\" height=\"940\" alt=\"\" \/>\n<img loading=\"lazy\" decoding=\"async\" src=\"https:\/\/heatwork.com\/wp-content\/uploads\/2024\/09\/IMG_6215-705x940.jpg\" width=\"705\" height=\"940\" alt=\"\" \/>\n<img loading=\"lazy\" decoding=\"async\" src=\"https:\/\/heatwork.com\/wp-content\/uploads\/2024\/09\/IMG_6218-705x940.jpg\" width=\"705\" height=\"940\" alt=\"\" \/>\n<img loading=\"lazy\" decoding=\"async\" src=\"https:\/\/heatwork.com\/wp-content\/uploads\/2024\/09\/IMG_6227-705x940.jpg\" width=\"705\" height=\"940\" alt=\"\" \/>\n<\/div><ul class=\"o-carousel__nav js-carousel-nav\"><li><img loading=\"lazy\" decoding=\"async\" src=\"https:\/\/heatwork.com\/wp-content\/uploads\/2024\/09\/HW3600-Hybrid40-290x290.jpg\" width=\"290\" height=\"290\" alt=\"\" \/><\/li>\n<li><img loading=\"lazy\" decoding=\"async\" src=\"https:\/\/heatwork.com\/wp-content\/uploads\/2024\/09\/IMG_6215-290x290.jpg\" width=\"290\" height=\"290\" alt=\"\" \/><\/li>\n<li><img loading=\"lazy\" decoding=\"async\" src=\"https:\/\/heatwork.com\/wp-content\/uploads\/2024\/09\/IMG_6218-290x290.jpg\" width=\"290\" height=\"290\" alt=\"\" \/><\/li>\n<li><img loading=\"lazy\" decoding=\"async\" src=\"https:\/\/heatwork.com\/wp-content\/uploads\/2024\/09\/IMG_6227-290x290.jpg\" width=\"290\" height=\"290\" alt=\"\" \/><\/li>\n<\/ul><\/div>\n<h1>HW 3600 Hybrid 40<\/h1>\n<p>Det b\u00e4sta fr\u00e5n tv\u00e5 v\u00e4rldar i en komplett hybridl\u00f6sning!<br \/>\nVi presenterar v\u00e5r senaste hybridmaskin, som kombinerar den v\u00e4lk\u00e4nda effekten p\u00e5 103 kW fr\u00e5n stors\u00e4ljaren HW 3600 med en inbyggt kraftfull 40 kW elektrisk paket i till\u00e4gg.<\/p>\n<p>Dessa kan k\u00f6ras separat, eller kombineras &#8211; p\u00e5 s\u00e5 s\u00e4tt kommer du att kunna ha upp till 143 kW effekt i en produkt.<\/p>\n<p>Med HW 3600 Hybrid 40 \u00e4r du rustad f\u00f6r alla framtida uppdrag, oavsett milj\u00f6krav och tillg\u00e4ngliga energik\u00e4llor. Detta ger dig som kund st\u00f6rre v\u00e4rde och flexibilitet.<\/p>\n<ul>\n<li>Totalt 143 kW<\/li>\n<li>103 kW diesel\/biodiesel<\/li>\n<li>40 kW elpanna<\/li>\n<li>Upp till 100\u00b0C<\/li>\n<li>Pumpkapacitet 3000 l\/t<\/li>\n<li>Tryck 6 bar<\/li>\n<\/ul>\n<p>Digital styrning ger dig full kontroll och \u00f6vervakning av maskinen.<br \/>\nOptimera energianv\u00e4ndningen och ta emot driftsmeddelanden var som helst, n\u00e4r som helst.<\/p>\n<p>Vid inkoppling av el kombinerat med dieseldrift blir det m\u00f6jligt att ge efter<br \/>\n10kW \u2013 ca 26,5 L\/d\u00f8gn<br \/>\n20kW \u2013 ca 53 L\/d\u00f8gn<br \/>\n40 kW \u2013 ca 106L\/d\u00f8gn<\/p>\n<h2>Kan k\u00f6ras 100% utsl\u00e4ppsfritt med elkraft<\/h2>\n<p>Sp\u00e4rra enkelt dieseltillf\u00f6rseln till br\u00e4nnare och aggregat med ett h\u00e4ngl\u00e5s. Det m\u00f6jligg\u00f6r drift p\u00e5 endast elkraft.<\/p>\n","protected":false},"excerpt":{"rendered":"<p>HW 3600 Hybrid 40 Det b\u00e4sta fr\u00e5n tv\u00e5 v\u00e4rldar i en komplett hybridl\u00f6sning! Vi presenterar v\u00e5r senaste hybridmaskin, som kombinerar den v\u00e4lk\u00e4nda effekten p\u00e5 103 kW fr\u00e5n stors\u00e4ljaren HW 3600 med en inbyggt kraftfull 40 kW elektrisk paket i till\u00e4gg. Dessa kan k\u00f6ras separat, eller kombineras &#8211; p\u00e5 s\u00e5 s\u00e4tt kommer du att kunna ha [&hellip;]<\/p>\n","protected":false},"author":11,"featured_media":53234,"parent":21810,"menu_order":3,"comment_status":"closed","ping_status":"closed","template":"","meta":{"_acf_changed":false,"footnotes":"","_links_to":"","_links_to_target":""},"class_list":["post-53255","page","type-page","status-publish","has-post-thumbnail"],"acf":[],"_links":{"self":[{"href":"https:\/\/heatwork.com\/sv\/wp-json\/wp\/v2\/pages\/53255"}],"collection":[{"href":"https:\/\/heatwork.com\/sv\/wp-json\/wp\/v2\/pages"}],"about":[{"href":"https:\/\/heatwork.com\/sv\/wp-json\/wp\/v2\/types\/page"}],"author":[{"embeddable":true,"href":"https:\/\/heatwork.com\/sv\/wp-json\/wp\/v2\/users\/11"}],"replies":[{"embeddable":true,"href":"https:\/\/heatwork.com\/sv\/wp-json\/wp\/v2\/comments?post=53255"}],"version-history":[{"count":7,"href":"https:\/\/heatwork.com\/sv\/wp-json\/wp\/v2\/pages\/53255\/revisions"}],"predecessor-version":[{"id":53258,"href":"https:\/\/heatwork.com\/sv\/wp-json\/wp\/v2\/pages\/53255\/revisions\/53258"}],"up":[{"embeddable":true,"href":"https:\/\/heatwork.com\/sv\/wp-json\/wp\/v2\/pages\/21810"}],"wp:featuredmedia":[{"embeddable":true,"href":"https:\/\/heatwork.com\/sv\/wp-json\/wp\/v2\/media\/53234"}],"wp:attachment":[{"href":"https:\/\/heatwork.com\/sv\/wp-json\/wp\/v2\/media?parent=53255"}],"curies":[{"name":"wp","href":"https:\/\/api.w.org\/{rel}","templated":true}]}}