{"id":53266,"date":"2024-09-27T10:49:15","date_gmt":"2024-09-27T08:49:15","guid":{"rendered":"https:\/\/heatwork.com\/?page_id=53266"},"modified":"2024-09-27T10:49:15","modified_gmt":"2024-09-27T08:49:15","slug":"teknisk-information","status":"publish","type":"page","link":"https:\/\/heatwork.com\/sv\/produkter\/hw-3600-hybrid-40\/teknisk-information\/","title":{"rendered":"Teknisk information"},"content":{"rendered":"<p>Teknisk information HW 3600 Hybrid 40<\/p>\n\n<table id=\"tablepress-67\" class=\"tablepress tablepress-id-67\">\n<thead>\n<tr class=\"row-1 odd\">\n\t<th class=\"column-1\">Tekniske Spesifikasjoner<\/th><th class=\"column-2\">HW 3600 Hybrid 40<\/th>\n<\/tr>\n<\/thead>\n<tbody>\n<tr class=\"row-2 even\">\n\t<td class=\"column-1\">Vikt utan\/med diesel<\/td><td class=\"column-2\">1920\/2240 kg<\/td>\n<\/tr>\n<tr class=\"row-3 odd\">\n\t<td class=\"column-1\">Pumpkapacitet, max<\/td><td class=\"column-2\">3000 l\/timme<\/td>\n<\/tr>\n<tr class=\"row-4 even\">\n\t<td class=\"column-1\">Antal pumpar<\/td><td class=\"column-2\">1 x 3000<\/td>\n<\/tr>\n<tr class=\"row-5 odd\">\n\t<td class=\"column-1\">Systemtryck normal drift<\/td><td class=\"column-2\">2-6 bar<\/td>\n<\/tr>\n<tr class=\"row-6 even\">\n\t<td class=\"column-1\">Maximal v\u00e4rmeeffekt<\/td><td class=\"column-2\">143 KW totalt<br \/>\n103 kW diesel<br \/>\n40kW elektrisk<\/td>\n<\/tr>\n<tr class=\"row-7 odd\">\n\t<td class=\"column-1\">Typ av br\u00e4nnare<\/td><td class=\"column-2\">1-trinns<\/td>\n<\/tr>\n<tr class=\"row-8 even\">\n\t<td class=\"column-1\">Eldningsteknisk verkningsgrad<\/td><td class=\"column-2\">94% <\/td>\n<\/tr>\n<tr class=\"row-9 odd\">\n\t<td class=\"column-1\">V\u00e4tsketemperatur<\/td><td class=\"column-2\">Justerbar 0-100\u00b0C (flow temperatur)<\/td>\n<\/tr>\n<tr class=\"row-10 even\">\n\t<td class=\"column-1\">Br\u00e4nslef\u00f6rbrukning<\/td><td class=\"column-2\">Genomsnittlig f\u00f6rbrukning 3,5 liter\/h vid tining av 200 m2.<br \/>\nMax 9,0 liter\/h vid konstant br\u00e4nnardrift<\/td>\n<\/tr>\n<tr class=\"row-11 odd\">\n\t<td class=\"column-1\">Diesel<\/td><td class=\"column-2\">Vinterdiesel, arktisk klass 2 \/ Biodiesel BFO2G<\/td>\n<\/tr>\n<tr class=\"row-12 even\">\n\t<td class=\"column-1\">Arbetsintervall (v\u00e4gledande m\/full tank)<\/td><td class=\"column-2\">ca 90 timmar (baserat p\u00e5 genomsnittlig f\u00f6rbrukning)<br \/>\n\u00d6kad drifttid med kombinerad eldrift.<\/td>\n<\/tr>\n<tr class=\"row-13 odd\">\n\t<td class=\"column-1\">Kapacitet dieseltank<\/td><td class=\"column-2\">320 liter<\/td>\n<\/tr>\n<tr class=\"row-14 even\">\n\t<td class=\"column-1\">HTF-v\u00e4tska<\/td><td class=\"column-2\">HeatWork HTF-v\u00e4tska<\/td>\n<\/tr>\n<tr class=\"row-15 odd\">\n\t<td class=\"column-1\">HTF-tank tankvolym<\/td><td class=\"column-2\">ca 50 liter<\/td>\n<\/tr>\n<tr class=\"row-16 even\">\n\t<td class=\"column-1\">V\u00e4tskevolym v\u00e4rmeslangar<\/td><td class=\"column-2\">0,2 liter\/meter<\/td>\n<\/tr>\n<tr class=\"row-17 odd\">\n\t<td class=\"column-1\">Industriell HW-Slange HW-Slange<\/td><td class=\"column-2\">Armerad v\u00e4rmeslang. Max tryck 30 bar.<\/td>\n<\/tr>\n<tr class=\"row-18 even\">\n\t<td class=\"column-1\">L\u00e4ngd v\u00e4rmeslangar totalt<\/td><td class=\"column-2\">630 m<\/td>\n<\/tr>\n<tr class=\"row-19 odd\">\n\t<td class=\"column-1\">L\u00e4ngd enkelslangar per krets<\/td><td class=\"column-2\">210 m<\/td>\n<\/tr>\n<tr class=\"row-20 even\">\n\t<td class=\"column-1\">Antal slangkretsar<\/td><td class=\"column-2\">3<\/td>\n<\/tr>\n<tr class=\"row-21 odd\">\n\t<td class=\"column-1\">Elektrisk anslutning<\/td><td class=\"column-2\">230V \u2013 16A drift av sirkulasjonspumpe <br \/>\n400V \u2013 16A\/32A\/63A drift av elektrisk varme<br \/>\n<\/td>\n<\/tr>\n<tr class=\"row-22 even\">\n\t<td class=\"column-1\">Energif\u00f6rbrukning<\/td><td class=\"column-2\">Ved 230V = 2,6kW <br \/>\nVed 400V = 10kW \/ 20kW \/ 40kW<\/td>\n<\/tr>\n<tr class=\"row-23 odd\">\n\t<td class=\"column-1\">Anslutning till extern dieseltank<\/td><td class=\"column-2\">Inkluderad<\/td>\n<\/tr>\n<tr class=\"row-24 even\">\n\t<td class=\"column-1\">Serviced\u00f6rrar<\/td><td class=\"column-2\">4 d\u00f6rrar f\u00f6r l\u00e4ttare service\u00e5tkomst<\/td>\n<\/tr>\n<tr class=\"row-25 odd\">\n\t<td class=\"column-1\"><\/td><td class=\"column-2\"><\/td>\n<\/tr>\n<tr class=\"row-26 even\">\n\t<td class=\"column-1\"><b>Till\u00e4gg:<\/b><\/td><td class=\"column-2\"><\/td>\n<\/tr>\n<tr class=\"row-27 odd\">\n\t<td class=\"column-1\">Digital styrning\/\u00f6vervakning<\/td><td class=\"column-2\">Digital plattform p\u00e5 app eller webbportal som l\u00e5ter dig ha full driftkontroll<\/td>\n<\/tr>\n<tr class=\"row-28 even\">\n\t<td class=\"column-1\">GSM-kontroll\u00f6vervakning<\/td><td class=\"column-2\">Varnar via SMS vid oregelbundenheter<\/td>\n<\/tr>\n<tr class=\"row-29 odd\">\n\t<td class=\"column-1\">GPS Track Unit<\/td><td class=\"column-2\">GPS position och driftshistoria (prenumeration)<\/td>\n<\/tr>\n<tr class=\"row-30 even\">\n\t<td class=\"column-1\">Aggregat, ljudisolerat<\/td><td class=\"column-2\">Cummins 4,8 kW, v\u00e4tskekyld 2 cylindermotor<\/td>\n<\/tr>\n<tr class=\"row-31 odd\">\n\t<td class=\"column-1\">Autostart aggregat<\/td><td class=\"column-2\">Aggregat startar automatiskt vid str\u00f6mavbrott<\/td>\n<\/tr>\n<tr class=\"row-32 even\">\n\t<td class=\"column-1\">Extra str\u00f6muttag<\/td><td class=\"column-2\">16A uttag p\u00e5 str\u00f6maggregat<\/td>\n<\/tr>\n<tr class=\"row-33 odd\">\n\t<td class=\"column-1\">Extra batteribank<\/td><td class=\"column-2\">\u00d6ka batteritiden till 7 dagar f\u00f6r digital kontroll\/\u00f6vervakning<\/td>\n<\/tr>\n<tr class=\"row-34 even\">\n\t<td class=\"column-1\">Isolationstransformator<\/td><td class=\"column-2\">Tar bort brus fr\u00e5n eln\u00e4tet.<\/td>\n<\/tr>\n<tr class=\"row-35 odd\">\n\t<td class=\"column-1\">Oljeavluftare<\/td><td class=\"column-2\">Automatisk avluftning av diesel till br\u00e4nnare<\/td>\n<\/tr>\n<tr class=\"row-36 even\">\n\t<td class=\"column-1\">CliWi LED ljusmast<\/td><td class=\"column-2\">LED str\u00e5lkastare. Praktisk\/robust str\u00e5lkastare, f\u00e4stas p\u00e5 maskin<\/td>\n<\/tr>\n<tr class=\"row-37 odd\">\n\t<td class=\"column-1\">Gaffelficka<\/td><td class=\"column-2\">M\u00f6jlighet att lyfta maskinen med gaffeltruck<\/td>\n<\/tr>\n<tr class=\"row-38 even\">\n\t<td class=\"column-1\">Varningslampa<\/td><td class=\"column-2\">M\u00f6jlighet till \u00f6kad s\u00e4kerhet och signalering<\/td>\n<\/tr>\n<tr class=\"row-39 odd\">\n\t<td class=\"column-1\">D\u00e4ck\/f\u00e4lgar<\/td><td class=\"column-2\">Urval efter kundens \u00f6nskem\u00e5l.<br \/>\nExempel; dubbd\u00e4ck, aluminiumf\u00e4lgar<\/td>\n<\/tr>\n<tr class=\"row-40 even\">\n\t<td class=\"column-1\">F\u00e4rg p\u00e5 maskinen<\/td><td class=\"column-2\">M\u00f6jlighet till anpassad f\u00e4rg p\u00e5 HeatWork-maskinen<\/td>\n<\/tr>\n<tr class=\"row-41 odd\">\n\t<td class=\"column-1\">MY40<\/td><td class=\"column-2\">M\u00f6jlighet att ansluta v\u00e5r elektriska MY40 f\u00f6r att ytterligare \u00f6ka eleffekten<\/td>\n<\/tr>\n<tr class=\"row-42 even\">\n\t<td class=\"column-1\">L\u00e5sbar dieself\u00f6rs\u00f6rjning<\/td><td class=\"column-2\">M\u00f6jlighet att sp\u00e4rra dieseltillf\u00f6rseln till br\u00e4nnaren och enheten. Det betyder att du endast kan k\u00f6ra p\u00e5 elkraft<\/td>\n<\/tr>\n<\/tbody>\n<\/table>\n\n","protected":false},"excerpt":{"rendered":"<p>Teknisk information HW 3600 Hybrid 40<\/p>\n","protected":false},"author":11,"featured_media":0,"parent":53255,"menu_order":2,"comment_status":"closed","ping_status":"closed","template":"","meta":{"_acf_changed":false,"footnotes":"","_links_to":"","_links_to_target":""},"class_list":["post-53266","page","type-page","status-publish"],"acf":[],"_links":{"self":[{"href":"https:\/\/heatwork.com\/sv\/wp-json\/wp\/v2\/pages\/53266"}],"collection":[{"href":"https:\/\/heatwork.com\/sv\/wp-json\/wp\/v2\/pages"}],"about":[{"href":"https:\/\/heatwork.com\/sv\/wp-json\/wp\/v2\/types\/page"}],"author":[{"embeddable":true,"href":"https:\/\/heatwork.com\/sv\/wp-json\/wp\/v2\/users\/11"}],"replies":[{"embeddable":true,"href":"https:\/\/heatwork.com\/sv\/wp-json\/wp\/v2\/comments?post=53266"}],"version-history":[{"count":2,"href":"https:\/\/heatwork.com\/sv\/wp-json\/wp\/v2\/pages\/53266\/revisions"}],"predecessor-version":[{"id":53268,"href":"https:\/\/heatwork.com\/sv\/wp-json\/wp\/v2\/pages\/53266\/revisions\/53268"}],"up":[{"embeddable":true,"href":"https:\/\/heatwork.com\/sv\/wp-json\/wp\/v2\/pages\/53255"}],"wp:attachment":[{"href":"https:\/\/heatwork.com\/sv\/wp-json\/wp\/v2\/media?parent=53266"}],"curies":[{"name":"wp","href":"https:\/\/api.w.org\/{rel}","templated":true}]}}